{"id":162851,"date":"2026-03-04T10:53:44","date_gmt":"2026-03-04T09:53:44","guid":{"rendered":"https:\/\/secureus.se\/hikvision-ds-2cd2387g3-lis2uy-sl-8mp-colorvu-ip-turretkamera-smart-hybrid-light-4mm\/"},"modified":"2026-04-23T12:59:06","modified_gmt":"2026-04-23T10:59:06","slug":"hikvision-ds-2cd2387g3-lis2uy-sl-8mp-colorvu-4mm","status":"publish","type":"product","link":"https:\/\/secureus.se\/es\/hikvision-ds-2cd2387g3-lis2uy-sl-8mp-colorvu-4mm\/","title":{"rendered":"Hikvision DS-2CD2387G3-LIS2UY\/SL \u2013 C\u00e1mara de torreta IP h\u00edbrida inteligente ColorVu de 8 MP (4 mm)"},"content":{"rendered":"<p data-start=\"677\" data-end=\"975\">La Hikvision DS-2CD2387G3-LIS2UY\/SL es una c\u00e1mara IP tipo torreta de 8 MP de alto rendimiento, dise\u00f1ada para videovigilancia profesional donde la alta calidad de imagen, el an\u00e1lisis inteligente y la fiabilidad operativa son cruciales. La c\u00e1mara utiliza la tecnolog\u00eda ColorVu de Hikvision, que ofrece im\u00e1genes en color las 24 horas del d\u00eda, los 7 d\u00edas de la semana, incluso en condiciones de muy poca luz.<\/p>\n<p data-start=\"977\" data-end=\"1206\">Este modelo est\u00e1 equipado con un <strong data-start=\"1009\" data-end=\"1027\">Lente fija de 4 mm<\/strong>, que proporciona un campo de visi\u00f3n equilibrado, muy adecuado para la vigilancia de entradas, pasillos, caminos de acceso para veh\u00edculos, zonas de aparcamiento y otras \u00e1reas donde tanto la visi\u00f3n general como el nivel de detalle son importantes.<\/p>\n<h3 data-start=\"1208\" data-end=\"1244\">ColorVu: im\u00e1genes en color las 24 horas.<\/h3>\n<p data-start=\"1245\" data-end=\"1506\">La tecnolog\u00eda ColorVu combina una luz brillante <strong data-start=\"1286\" data-end=\"1299\">Lente F1.0<\/strong> Gracias a un sensor de imagen avanzado que capta m\u00e1s luz, la c\u00e1mara ofrece im\u00e1genes coloridas y detalladas incluso en entornos oscuros, donde las c\u00e1maras tradicionales pasar\u00edan al modo nocturno en blanco y negro.<\/p>\n<h3 data-start=\"1508\" data-end=\"1530\">Luz h\u00edbrida inteligente<\/h3>\n<p data-start=\"1531\" data-end=\"1718\">La c\u00e1mara est\u00e1 equipada con Smart Hybrid Light que combina <strong data-start=\"1589\" data-end=\"1619\">Iluminaci\u00f3n infrarroja y luz blanca<\/strong> Para una vigilancia nocturna \u00f3ptima, el sistema puede ajustar autom\u00e1ticamente la iluminaci\u00f3n seg\u00fan la situaci\u00f3n.<\/p>\n<p data-start=\"1720\" data-end=\"1752\">Hay tres modos de iluminaci\u00f3n diferentes disponibles:<\/p>\n<p data-start=\"1754\" data-end=\"1880\">\u2022 Modo infrarrojo para vigilancia nocturna discreta<br data-start=\"1791\" data-end=\"1794\" \/>\u2022 Luz blanca para im\u00e1genes en color en la oscuridad<br data-start=\"1829\" data-end=\"1832\" \/>\u2022 Modo h\u00edbrido en el que se activa la luz blanca cuando se produce movimiento.<\/p>\n<p data-start=\"1882\" data-end=\"1936\">La iluminaci\u00f3n proporciona hasta aprox. <strong data-start=\"1913\" data-end=\"1935\">alcance de 30 metros<\/strong>.<\/p>\n<h3 data-start=\"1938\" data-end=\"1964\">An\u00e1lisis de v\u00eddeo basado en IA<\/h3>\n<p data-start=\"1965\" data-end=\"2110\">La c\u00e1mara utiliza aprendizaje profundo para identificar <strong data-start=\"2016\" data-end=\"2039\">personas y veh\u00edculos<\/strong>, lo que reduce las falsas alarmas provocadas, por ejemplo, por animales, lluvia o vegetaci\u00f3n.<\/p>\n<p data-start=\"2112\" data-end=\"2141\">Las funciones compatibles incluyen:<\/p>\n<p data-start=\"2143\" data-end=\"2261\">\u2022 Cruce de l\u00ednea<br data-start=\"2158\" data-end=\"2161\" \/>\u2022 Detecci\u00f3n de intrusiones<br data-start=\"2182\" data-end=\"2185\" \/>\u2022 Entrada y salida de la zona<br data-start=\"2219\" data-end=\"2222\" \/>\u2022 Clasificaci\u00f3n de personas y veh\u00edculos<\/p>\n<h3 data-start=\"2263\" data-end=\"2304\">Audio integrado y comunicaci\u00f3n bidireccional<\/h3>\n<p data-start=\"2305\" data-end=\"2456\">La c\u00e1mara est\u00e1 equipada con <strong data-start=\"2329\" data-end=\"2361\">Micr\u00f3fono y altavoz duales<\/strong>, lo que permite la transmisi\u00f3n de audio en tiempo real y la comunicaci\u00f3n bidireccional a trav\u00e9s de un sistema de monitorizaci\u00f3n o una aplicaci\u00f3n m\u00f3vil.<\/p>\n<h3 data-start=\"2458\" data-end=\"2497\">Construcci\u00f3n robusta para uso en exteriores.<\/h3>\n<p data-start=\"2498\" data-end=\"2740\">La c\u00e1mara est\u00e1 construida en metal y est\u00e1 dise\u00f1ada para soportar entornos exigentes. <strong data-start=\"2582\" data-end=\"2598\">Clasificaci\u00f3n IP67<\/strong>, Esto significa que est\u00e1 protegido contra el polvo y la lluvia intensa. Su dise\u00f1o resistente a la corrosi\u00f3n tambi\u00e9n garantiza una larga vida \u00fatil en entornos expuestos.<\/p>\n<hr data-start=\"2742\" data-end=\"2745\" \/>\n<h2 data-start=\"2747\" data-end=\"2774\">ESPECIFICACIONES T\u00c9CNICAS<\/h2>\n<p data-start=\"2776\" data-end=\"3303\">Resoluci\u00f3n: <strong data-start=\"2788\" data-end=\"2810\">8 MP (3840 \u00d7 2160)<\/strong><br data-start=\"2810\" data-end=\"2813\" \/>Sensor: <strong data-start=\"2821\" data-end=\"2853\">CMOS de escaneo progresivo de 1\/1,8\u2033<\/strong><br data-start=\"2853\" data-end=\"2856\" \/>Lente: <strong data-start=\"2862\" data-end=\"2875\">S\u00f3lido de 4 mm<\/strong><br data-start=\"2875\" data-end=\"2878\" \/>Abertura: <strong data-start=\"2888\" data-end=\"2896\">F1.0<\/strong><br data-start=\"2896\" data-end=\"2899\" \/>Campo de visi\u00f3n (horizontal): aprox. <strong data-start=\"2926\" data-end=\"2933\">93\u00b0<\/strong><br data-start=\"2933\" data-end=\"2936\" \/>Compresi\u00f3n de v\u00eddeo: <strong data-start=\"2955\" data-end=\"2987\">H.265+, H.265, H.264+, H.264<\/strong><br data-start=\"2987\" data-end=\"2990\" \/>Velocidad m\u00e1xima de fotogramas: <strong data-start=\"3008\" data-end=\"3027\">hasta 30 fps<\/strong><br data-start=\"3027\" data-end=\"3030\" \/>WDR: <strong data-start=\"3035\" data-end=\"3045\">130 dB<\/strong><br data-start=\"3045\" data-end=\"3048\" \/>Iluminaci\u00f3n nocturna: <strong data-start=\"3063\" data-end=\"3100\">Luz infrarroja y luz blanca hasta aproximadamente 30 m<\/strong><br data-start=\"3100\" data-end=\"3103\" \/>An\u00e1lisis de IA: <strong data-start=\"3114\" data-end=\"3155\">clasificaci\u00f3n de personas y veh\u00edculos<\/strong><br data-start=\"3155\" data-end=\"3158\" \/>Sonido: <strong data-start=\"3164\" data-end=\"3198\">Micr\u00f3fono y altavoz integrados<\/strong><br data-start=\"3198\" data-end=\"3201\" \/>Almacenamiento: <strong data-start=\"3210\" data-end=\"3237\">microSD de hasta 512 GB<\/strong><br data-start=\"3237\" data-end=\"3240\" \/>Fuente de alimentaci\u00f3n: <strong data-start=\"3258\" data-end=\"3279\">PoE o 12 V CC<\/strong><br data-start=\"3279\" data-end=\"3282\" \/>Clase de protecci\u00f3n: <strong data-start=\"3295\" data-end=\"3303\">IP67<\/strong><\/p>","protected":false},"excerpt":{"rendered":"<p data-start=\"137\" data-end=\"270\">\u2022 <strong data-start=\"139\" data-end=\"172\">Resoluci\u00f3n de 8MP (3840 \u00d7 2160)<\/strong><br data-start=\"172\" data-end=\"175\" \/>\u2022 <strong data-start=\"177\" data-end=\"222\">Tecnolog\u00eda ColorVu para im\u00e1genes en color 24\/7<\/strong><br data-start=\"222\" data-end=\"225\" \/>\u2022 <strong data-start=\"227\" data-end=\"270\">Luz h\u00edbrida inteligente con luz infrarroja y blanca<\/strong><\/p>\n<p data-start=\"272\" data-end=\"649\">La Hikvision DS-2CD2387G3-LIS2UY\/SL es una avanzada c\u00e1mara de torreta de 8 MP con tecnolog\u00eda ColorVu que proporciona im\u00e1genes en color n\u00edtidas las 24 horas del d\u00eda, los 7 d\u00edas de la semana. Su brillante lente F1.0, junto con la luz h\u00edbrida inteligente, permite a la c\u00e1mara ofrecer videos n\u00edtidos incluso con muy poca luz. La c\u00e1mara tambi\u00e9n cuenta con clasificaci\u00f3n de personas y veh\u00edculos basada en IA, adem\u00e1s de micr\u00f3fono y altavoz integrados para audio bidireccional.<\/p>","protected":false},"featured_media":162849,"template":"","meta":{"_acf_changed":false},"product_brand":[],"product_cat":[3359,5127],"product_tag":[],"class_list":{"0":"post-162851","1":"product","2":"type-product","3":"status-publish","4":"has-post-thumbnail","6":"product_cat-tradbundna-overvakningskameror","7":"product_cat-overvakningskameror-utomhus","8":"pa_brands-hikvision","9":"tm-no-options","11":"first","12":"onbackorder","13":"sale","14":"taxable","15":"shipping-taxable","16":"purchasable","17":"product-type-simple"},"acf":[],"_links":{"self":[{"href":"https:\/\/secureus.se\/es\/wp-json\/wp\/v2\/product\/162851","targetHints":{"allow":["GET"]}}],"collection":[{"href":"https:\/\/secureus.se\/es\/wp-json\/wp\/v2\/product"}],"about":[{"href":"https:\/\/secureus.se\/es\/wp-json\/wp\/v2\/types\/product"}],"wp:featuredmedia":[{"embeddable":true,"href":"https:\/\/secureus.se\/es\/wp-json\/wp\/v2\/media\/162849"}],"wp:attachment":[{"href":"https:\/\/secureus.se\/es\/wp-json\/wp\/v2\/media?parent=162851"}],"wp:term":[{"taxonomy":"product_brand","embeddable":true,"href":"https:\/\/secureus.se\/es\/wp-json\/wp\/v2\/product_brand?post=162851"},{"taxonomy":"product_cat","embeddable":true,"href":"https:\/\/secureus.se\/es\/wp-json\/wp\/v2\/product_cat?post=162851"},{"taxonomy":"product_tag","embeddable":true,"href":"https:\/\/secureus.se\/es\/wp-json\/wp\/v2\/product_tag?post=162851"}],"curies":[{"name":"wp","href":"https:\/\/api.w.org\/{rel}","templated":true}]}}