{"id":162919,"date":"2026-03-06T11:41:55","date_gmt":"2026-03-06T10:41:55","guid":{"rendered":"https:\/\/secureus.se\/?post_type=product&#038;p=162919"},"modified":"2026-04-09T11:18:09","modified_gmt":"2026-04-09T09:18:09","slug":"cranford-controls-vxb-1evad-vaggsond-vad-fyr-24v-dc-en54-23-w-2-4-8-vit-kropp-och-blixt-djup-bas","status":"publish","type":"product","link":"https:\/\/secureus.se\/es\/cranford-controls-vxb-1evad-vaggsond-vad-fyr-24v-dc-en54-23-w-2-4-8-vit-kropp-och-blixt-djup-bas\/","title":{"rendered":"Baliza VAD con sonda de pared Cranford Controls VXB-1EVAD, 24 V CC EN54-23 W-2.4-8, cuerpo blanco y flash, graves profundos"},"content":{"rendered":"<div class=\"headernamehrnone\">\n<p>Descubra la fiabilidad y eficacia de la baliza ac\u00fastica espacial de pared VXB-1EVAD de Cranford Controls. Dise\u00f1ada con un elegante cuerpo blanco y graves profundos, esta avanzada baliza funciona con 24 V CC y cumple con las estrictas normas EN54-3 para sirenas y EN54-23 para balizas VAD. Ofrece una opci\u00f3n de destello blanco o rojo, lo que garantiza visibilidad y cumplimiento normativo en diversos entornos. Con 32 tonos seleccionables, ofrece vers\u00e1tiles opciones de se\u00f1alizaci\u00f3n ac\u00fastica. Ideal para mejorar los protocolos de seguridad en cualquier entorno, la VXB-1EVAD de Cranford Controls es su mejor opci\u00f3n para sistemas de alerta fiables. \u00a1No espere m\u00e1s, mejore sus medidas de seguridad hoy mismo!<\/p>\n<p>&nbsp;<\/p>\n<\/div>\n<div class=\"row headername\">\n<div class=\"item-header rd-hyg-item-header\"><strong>Caracter\u00edsticas principales<\/strong><\/div>\n<div class=\"row\">\n<ul>\n<li>Aprobado seg\u00fan EN54-3 (transmisor de audio) y EN54-23 (transmisor VAD)<\/li>\n<li>Flash blanco (C-2.4-8), flash rojo (C-2.4-7) disponibles como opciones<\/li>\n<li>32 tonos seleccionables<\/li>\n<\/ul>\n<\/div>\n<\/div>","protected":false},"excerpt":{"rendered":"<ul class=\"UnorderedListStyle--1koui9a ksyVRL mainfeatureslist\">\n<li class=\"ListItemStyle--1yqofwy kEFzCE\">Aprobado seg\u00fan EN54-3 (transmisor de audio) y EN54-23 (transmisor VAD)<\/li>\n<li class=\"ListItemStyle--1yqofwy kEFzCE\">Flash blanco (C-2.4-8), flash rojo (C-2.4-7) disponibles como opciones<\/li>\n<li class=\"ListItemStyle--1yqofwy kEFzCE\">32 tonos seleccionables<\/li>\n<\/ul>","protected":false},"featured_media":162918,"template":"","meta":{"_acf_changed":false},"product_brand":[],"product_cat":[5103,5097,1562,1825],"product_tag":[],"class_list":{"0":"post-162919","1":"product","2":"type-product","3":"status-publish","4":"has-post-thumbnail","6":"product_cat-blixtljus-kombisiren","7":"product_cat-kombisiren-blixt-brand","8":"product_cat-larmdon-blixtljus","9":"product_cat-sirener-brand","10":"pa_farg-vit","11":"tm-no-options","13":"first","14":"onbackorder","15":"taxable","16":"shipping-taxable","17":"purchasable","18":"product-type-simple"},"acf":[],"_links":{"self":[{"href":"https:\/\/secureus.se\/es\/wp-json\/wp\/v2\/product\/162919","targetHints":{"allow":["GET"]}}],"collection":[{"href":"https:\/\/secureus.se\/es\/wp-json\/wp\/v2\/product"}],"about":[{"href":"https:\/\/secureus.se\/es\/wp-json\/wp\/v2\/types\/product"}],"wp:featuredmedia":[{"embeddable":true,"href":"https:\/\/secureus.se\/es\/wp-json\/wp\/v2\/media\/162918"}],"wp:attachment":[{"href":"https:\/\/secureus.se\/es\/wp-json\/wp\/v2\/media?parent=162919"}],"wp:term":[{"taxonomy":"product_brand","embeddable":true,"href":"https:\/\/secureus.se\/es\/wp-json\/wp\/v2\/product_brand?post=162919"},{"taxonomy":"product_cat","embeddable":true,"href":"https:\/\/secureus.se\/es\/wp-json\/wp\/v2\/product_cat?post=162919"},{"taxonomy":"product_tag","embeddable":true,"href":"https:\/\/secureus.se\/es\/wp-json\/wp\/v2\/product_tag?post=162919"}],"curies":[{"name":"wp","href":"https:\/\/api.w.org\/{rel}","templated":true}]}}