{"id":162970,"date":"2025-09-24T16:22:38","date_gmt":"2025-09-24T14:22:38","guid":{"rendered":"https:\/\/secureus.se\/kombitagg-em-mifare4k-for-rco-med-lika-nummer-programmerade-pro\/"},"modified":"2026-04-01T14:41:47","modified_gmt":"2026-04-01T12:41:47","slug":"kombitagg-em-mifare4k-for-rco-med-lika-nummer-programmerade-pro","status":"publish","type":"product","link":"https:\/\/secureus.se\/es\/kombitagg-em-mifare4k-for-rco-med-lika-nummer-programmerade-pro\/","title":{"rendered":"Etiqueta combinada RCO EM + Mifare4k con los mismos n\u00fameros programados \u2013 Pro"},"content":{"rendered":"<p>Etiqueta combinada blanca sin contacto para sistemas RCO (Mifare (4K) \/ Prox EM 4200). Ambas tecnolog\u00edas de lectura utilizan el mismo n\u00famero de identificaci\u00f3n para facilitar su manejo.<\/p>\n<h3>\u00a1Como siempre! Etiquetas RFID con chip original de <a href=\"https:\/\/www.nxp.com\/\" rel=\"noopener\">NXP<\/a> y <a href=\"https:\/\/www.emmicroelectronic.com\/\" rel=\"noopener\">Microelectr\u00f3nica EM.<\/a><\/h3>\n<ul>\n<li>Sistema de control de acceso<\/li>\n<li>Sistema de visitantes<\/li>\n<li>Reserva<\/li>\n<li>M\u00e1s<\/li>\n<\/ul>\n<p><strong>Funciona como reemplazo de:<\/strong><br \/>\n50132633<br \/>\n20170506<br \/>\n5870784<br \/>\n7340029311002<br \/>\n50132636<br \/>\n20170500<br \/>\n5870781<br \/>\n7340029310975<\/p>","protected":false},"excerpt":{"rendered":"<p>Funciona como reemplazo de las etiquetas RCO.<\/p>\n<p>Nuestra etiqueta RFID m\u00e1s popular, &quot;ABS Pro&quot;, es la soluci\u00f3n perfecta para sistemas de seguridad e identificaci\u00f3n. Aqu\u00ed, con dos chips en una etiqueta combinada: (Mifare (4K) \/ Prox EM 4200). Ambas tecnolog\u00edas de lectura utilizan el mismo n\u00famero de identificaci\u00f3n RCO para facilitar su manejo. La etiqueta tiene tan solo 2,9 mm de grosor y est\u00e1 hecha de ABS resistente con una superficie elegante que se adapta a cualquier superficie. Este producto cuenta con un chip certificado de NXP\u00ae.<\/p>","protected":false},"featured_media":163681,"template":"","meta":{"_acf_changed":false},"product_brand":[],"product_cat":[4787,3843],"product_tag":[4146,2405,2095,2958],"class_list":{"0":"post-162970","1":"product","2":"type-product","3":"status-publish","4":"has-post-thumbnail","6":"product_cat-mifare4kem4200-tagg","7":"product_cat-rco-taggar","8":"product_tag-nxp","9":"product_tag-rel-rfid","10":"product_tag-rfid-500","11":"product_tag-stonehouse-produkt","12":"product_shipping_class-postnord-varubrev","13":"pa_brands-stonehouse-security","14":"pa_chip-teknik-lika-chipnummer-1-nummer-graverat-kombitagg","15":"pa_farg-vit","16":"tm-no-options","18":"first","19":"instock","20":"sale","21":"featured","22":"taxable","23":"shipping-taxable","24":"purchasable","25":"product-type-simple"},"acf":[],"_links":{"self":[{"href":"https:\/\/secureus.se\/es\/wp-json\/wp\/v2\/product\/162970","targetHints":{"allow":["GET"]}}],"collection":[{"href":"https:\/\/secureus.se\/es\/wp-json\/wp\/v2\/product"}],"about":[{"href":"https:\/\/secureus.se\/es\/wp-json\/wp\/v2\/types\/product"}],"wp:featuredmedia":[{"embeddable":true,"href":"https:\/\/secureus.se\/es\/wp-json\/wp\/v2\/media\/163681"}],"wp:attachment":[{"href":"https:\/\/secureus.se\/es\/wp-json\/wp\/v2\/media?parent=162970"}],"wp:term":[{"taxonomy":"product_brand","embeddable":true,"href":"https:\/\/secureus.se\/es\/wp-json\/wp\/v2\/product_brand?post=162970"},{"taxonomy":"product_cat","embeddable":true,"href":"https:\/\/secureus.se\/es\/wp-json\/wp\/v2\/product_cat?post=162970"},{"taxonomy":"product_tag","embeddable":true,"href":"https:\/\/secureus.se\/es\/wp-json\/wp\/v2\/product_tag?post=162970"}],"curies":[{"name":"wp","href":"https:\/\/api.w.org\/{rel}","templated":true}]}}