{"id":163100,"date":"2026-03-11T12:34:10","date_gmt":"2026-03-11T11:34:10","guid":{"rendered":"https:\/\/secureus.se\/?post_type=product&#038;p=163100"},"modified":"2026-04-09T11:18:03","modified_gmt":"2026-04-09T09:18:03","slug":"visonic-tradlos-pir-rorelsedetektor-mp-802-pg-0-104101-powerg-med-temperatursensor","status":"publish","type":"product","link":"https:\/\/secureus.se\/es\/visonic-tradlos-pir-rorelsedetektor-mp-802-pg-0-104101-powerg-med-temperatursensor\/","title":{"rendered":"Detector de movimiento PIR inal\u00e1mbrico Visonic MP-802 PG \/ 0-104101 PowerG con sensor de temperatura"},"content":{"rendered":"<h2>Visonic MP-802 PG: detector PIR inal\u00e1mbrico con sensor de temperatura para Visonic PowerMaster.<\/h2>\n<p><strong>Visonic MP-802 PG<\/strong> es un detector de movimiento PIR inal\u00e1mbrico para uso en interiores que combina <strong>Detecci\u00f3n de movimiento y monitorizaci\u00f3n de la temperatura en el mismo dispositivo.<\/strong>Est\u00e1 dise\u00f1ado para usarse junto con <strong>Familia Visonic PowerMaster<\/strong> y se basa en <strong>PowerG<\/strong>Tecnolog\u00eda avanzada de detecci\u00f3n de intrusiones inal\u00e1mbricas de Visonics.<\/p>\n<p>Para el instalador, esto significa una soluci\u00f3n flexible y moderna donde un solo dispositivo cubre m\u00faltiples funciones. Para el usuario, significa detecci\u00f3n segura, dise\u00f1o discreto y menor necesidad de mantenimiento gracias a la larga duraci\u00f3n de la bater\u00eda.<\/p>\n<hr \/>\n<h2>Dos funciones en un solo dispositivo.<\/h2>\n<p>El MP-802 PG es m\u00e1s que un simple detector de movimiento. Adem\u00e1s de monitorear el movimiento, tambi\u00e9n se puede utilizar para <strong>detecci\u00f3n de temperatura<\/strong>, lo que la convierte en una opci\u00f3n inteligente para instalaciones de seguridad modernas donde se requieren m\u00e1s funciones en un mismo producto.<\/p>\n<p>Esto simplifica tanto la instalaci\u00f3n como el almacenamiento, a la vez que proporciona una unidad elegante y compacta que se integra perfectamente en el entorno.<\/p>\n<hr \/>\n<h2>Tecnolog\u00eda PowerG para una comunicaci\u00f3n inal\u00e1mbrica estable y segura.<\/h2>\n<p>El incorporado <strong>Tecnolog\u00eda PowerG<\/strong> Proporciona comunicaci\u00f3n inal\u00e1mbrica confiable y est\u00e1 dise\u00f1ado para alta seguridad y rendimiento estable en sistemas de alarma profesionales. El MP-802 PG es compatible con <strong>Sistema Visonic PowerMaster<\/strong>, lo que la convierte en una opci\u00f3n natural tanto para nuevas instalaciones como para ampliaciones de los sistemas PowerMaster existentes.<\/p>\n<hr \/>\n<h2>A prueba de mascotas y con alta seguridad contra falsas alarmas.<\/h2>\n<p>El detector utiliza <strong>Reconocimiento de movimiento real<\/strong> para distinguir mejor entre intrusiones reales y otras perturbaciones. Tambi\u00e9n tiene <strong>inmunidad de la mascota hasta 38 kg<\/strong>, lo que ayuda a reducir el riesgo de alarmas innecesarias en entornos donde hay mascotas.<\/p>\n<p>Con lentes Fresnel y cil\u00edndricas se obtiene una sensibilidad de detecci\u00f3n constante con un rango de hasta <strong>12 metros<\/strong>, sin necesidad de ajuste vertical.<\/p>\n<hr \/>\n<h2>F\u00e1cil instalaci\u00f3n y larga duraci\u00f3n de la bater\u00eda.<\/h2>\n<p>El MP-802 PG est\u00e1 dise\u00f1ado para una instalaci\u00f3n r\u00e1pida y sencilla. El compartimento de la bater\u00eda de f\u00e1cil acceso simplifica el mantenimiento y la duraci\u00f3n de la bater\u00eda es de hasta <strong>6-8 a\u00f1os con uso normal<\/strong>Esto reduce las necesidades de mantenimiento y convierte al detector en una opci\u00f3n pr\u00e1ctica tanto para los instaladores como para los usuarios finales.<\/p>\n<hr \/>\n<h2>Caracter\u00edsticas principales<\/h2>\n<ul>\n<li>Detector de movimiento PIR inal\u00e1mbrico para uso en interiores<\/li>\n<li>Detecci\u00f3n de temperatura integrada en el mismo dispositivo.<\/li>\n<li>Tecnolog\u00eda de detecci\u00f3n de intrusiones inal\u00e1mbrica PowerG<\/li>\n<li>Compatible con sistemas Visonic PowerMaster<\/li>\n<li>Reconocimiento de movimiento real para una mejor protecci\u00f3n contra falsas alarmas.<\/li>\n<li>Inmune para mascotas de hasta 38 kg<\/li>\n<li>Alcance de hasta 12 metros<\/li>\n<li>F\u00e1cil de instalar y con un dise\u00f1o discreto.<\/li>\n<li>Duraci\u00f3n de la bater\u00eda de hasta 6-8 a\u00f1os con uso normal.<\/li>\n<li>Compartimento de bater\u00eda de f\u00e1cil acceso<\/li>\n<\/ul>\n<hr \/>\n<h2>Resumen<\/h2>\n<p><strong>Visonic MP-802 PG<\/strong> es un moderno y discreto <strong>Detector PIR PowerG<\/strong> para aquellos que desean combinar la detecci\u00f3n de movimiento segura con el monitoreo de temperatura en el mismo dispositivo. Es ideal para <strong>Sistema Visonic PowerMaster<\/strong> y es una buena opci\u00f3n si buscas alta fiabilidad, inmunidad a las mascotas y una bater\u00eda de larga duraci\u00f3n.<\/p>","protected":false},"excerpt":{"rendered":"<p><strong>Visonic MP-802 PG<\/strong> es un inal\u00e1mbrico <strong>Detector de movimiento PIR PowerG<\/strong> Para uso en interiores con sistema incorporado <strong>detecci\u00f3n de temperatura<\/strong> en la misma unidad. Est\u00e1 dise\u00f1ado para <strong>Sistema Visonic PowerMaster<\/strong> y combina detecci\u00f3n de movimiento confiable, inmunidad a mascotas y bater\u00eda de larga duraci\u00f3n en un formato compacto.<\/p>\n<p>Esta es una elecci\u00f3n inteligente para quienes desean un detector de movimiento discreto y f\u00e1cil de instalar con tecnolog\u00eda moderna PowerG y una funci\u00f3n adicional en forma de monitoreo de temperatura.<\/p>","protected":false},"featured_media":163094,"template":"","meta":{"_acf_changed":false},"product_brand":[],"product_cat":[3382],"product_tag":[],"class_list":{"0":"post-163100","1":"product","2":"type-product","3":"status-publish","4":"has-post-thumbnail","6":"product_cat-rorelse-och-kamera-visonic-larmenheter","7":"pa_brands-5visonic","8":"pa_farg-vit","9":"tm-no-options","11":"first","12":"instock","13":"sale","14":"taxable","15":"shipping-taxable","16":"purchasable","17":"product-type-simple"},"acf":[],"_links":{"self":[{"href":"https:\/\/secureus.se\/es\/wp-json\/wp\/v2\/product\/163100","targetHints":{"allow":["GET"]}}],"collection":[{"href":"https:\/\/secureus.se\/es\/wp-json\/wp\/v2\/product"}],"about":[{"href":"https:\/\/secureus.se\/es\/wp-json\/wp\/v2\/types\/product"}],"wp:featuredmedia":[{"embeddable":true,"href":"https:\/\/secureus.se\/es\/wp-json\/wp\/v2\/media\/163094"}],"wp:attachment":[{"href":"https:\/\/secureus.se\/es\/wp-json\/wp\/v2\/media?parent=163100"}],"wp:term":[{"taxonomy":"product_brand","embeddable":true,"href":"https:\/\/secureus.se\/es\/wp-json\/wp\/v2\/product_brand?post=163100"},{"taxonomy":"product_cat","embeddable":true,"href":"https:\/\/secureus.se\/es\/wp-json\/wp\/v2\/product_cat?post=163100"},{"taxonomy":"product_tag","embeddable":true,"href":"https:\/\/secureus.se\/es\/wp-json\/wp\/v2\/product_tag?post=163100"}],"curies":[{"name":"wp","href":"https:\/\/api.w.org\/{rel}","templated":true}]}}