{"id":163289,"date":"2026-03-17T16:22:13","date_gmt":"2026-03-17T15:22:13","guid":{"rendered":"https:\/\/secureus.se\/tfx-traskruv-45-x-30-mm-10-pack\/"},"modified":"2026-04-13T11:55:59","modified_gmt":"2026-04-13T09:55:59","slug":"tfx-traskruv-45-x-30-mm-10-pack","status":"publish","type":"product","link":"https:\/\/secureus.se\/es\/tfx-traskruv-45-x-30-mm-10-pack\/","title":{"rendered":"Tornillos para madera TFX de 4,5 x 30 mm - Paquete de 10 unidades"},"content":{"rendered":"<h2 data-section-id=\"1wtu8ha\" data-start=\"158\" data-end=\"212\">Tornillo para madera TFX 4,5 x 30 mm \u2013 Avellanado \u2013 FZB \u2013 Paquete de 10<\/h2>\n<p data-start=\"214\" data-end=\"421\">El tornillo para madera TFX de 4,5 x 30 mm es un tornillo de montaje de alta calidad para fijaci\u00f3n en madera. El tornillo est\u00e1 equipado con una ranura transversal Pozidrive y una rosca dentada que proporciona una instalaci\u00f3n r\u00e1pida y segura con un buen agarre en el material.<\/p>\n<p data-start=\"423\" data-end=\"620\">El tornillo est\u00e1 cementado, cincado y tratado con un lubricante para reducir la fricci\u00f3n durante el montaje. Es ideal para ensamblar herrajes, topes de puerta, herrajes de ventana y otros elementos de fijaci\u00f3n de madera.<\/p>\n<hr data-start=\"622\" data-end=\"625\" \/>\n<h2 data-section-id=\"fnvs8i\" data-start=\"627\" data-end=\"640\">Caracter\u00edsticas<\/h2>\n<p data-start=\"642\" data-end=\"917\">\u2022 Dimensiones: <strong data-start=\"655\" data-end=\"670\">4,5 x 30 mm<\/strong><br data-start=\"670\" data-end=\"673\" \/>\u2022 Tipo: <strong data-start=\"680\" data-end=\"696\">Tornillo para madera TFX<\/strong><br data-start=\"696\" data-end=\"699\" \/>\u2022 Cabeza: <strong data-start=\"708\" data-end=\"720\">Empotrado<\/strong><br data-start=\"720\" data-end=\"723\" \/>\u2022 Pistas: <strong data-start=\"731\" data-end=\"749\">Pozidrive (PZ)<\/strong><br data-start=\"749\" data-end=\"752\" \/>\u2022 Rosca con dientes de sierra para una fijaci\u00f3n r\u00e1pida<br data-start=\"794\" data-end=\"797\" \/>\u2022 Templado superficialmente para una alta resistencia<br data-start=\"829\" data-end=\"832\" \/>\u2022 Galvanizado (FZB) para protecci\u00f3n contra la corrosi\u00f3n<br data-start=\"869\" data-end=\"872\" \/>\u2022 Lubricado para facilitar el montaje<\/p>\n<hr data-start=\"919\" data-end=\"922\" \/>\n<h2 data-section-id=\"xck9dh\" data-start=\"924\" data-end=\"945\">\u00c1reas de uso<\/h2>\n<p data-start=\"947\" data-end=\"983\">Adecuado para el montaje de:<\/p>\n<p data-start=\"985\" data-end=\"1071\">\u2022 Frenos de puerta<br data-start=\"998\" data-end=\"1001\" \/>\u2022 Frenos de ventana<br data-start=\"1017\" data-end=\"1020\" \/>\u2022 accesorios<br data-start=\"1028\" data-end=\"1031\" \/>\u2022 bisagra<br data-start=\"1041\" data-end=\"1044\" \/>\u2022 otras estructuras de madera<\/p>\n<hr data-start=\"1073\" data-end=\"1076\" \/>\n<h2 data-section-id=\"1bw2nlc\" data-start=\"1078\" data-end=\"1092\">Embalaje<\/h2>\n<p data-start=\"1094\" data-end=\"1127\"><strong data-start=\"1094\" data-end=\"1127\">10 tornillos por paquete<\/strong><\/p>","protected":false},"excerpt":{"rendered":"<p>Tornillo para madera TFX de 4,5 x 30 mm con cabeza avellanada y ranura Pozidriv. Tornillo de montaje cincado, apto para herrajes de montaje, topes de puerta y otros elementos de fijaci\u00f3n de madera. Se suministra en paquetes de 10 unidades.<\/p>","protected":false},"featured_media":163288,"template":"","meta":{"_acf_changed":false},"product_brand":[],"product_cat":[3370],"product_tag":[],"class_list":{"0":"post-163289","1":"product","2":"type-product","3":"status-publish","4":"has-post-thumbnail","6":"product_cat-dorrbroms-dorrbromsar","7":"tm-no-options","9":"first","10":"instock","11":"taxable","12":"shipping-taxable","13":"purchasable","14":"product-type-simple"},"acf":[],"_links":{"self":[{"href":"https:\/\/secureus.se\/es\/wp-json\/wp\/v2\/product\/163289","targetHints":{"allow":["GET"]}}],"collection":[{"href":"https:\/\/secureus.se\/es\/wp-json\/wp\/v2\/product"}],"about":[{"href":"https:\/\/secureus.se\/es\/wp-json\/wp\/v2\/types\/product"}],"wp:featuredmedia":[{"embeddable":true,"href":"https:\/\/secureus.se\/es\/wp-json\/wp\/v2\/media\/163288"}],"wp:attachment":[{"href":"https:\/\/secureus.se\/es\/wp-json\/wp\/v2\/media?parent=163289"}],"wp:term":[{"taxonomy":"product_brand","embeddable":true,"href":"https:\/\/secureus.se\/es\/wp-json\/wp\/v2\/product_brand?post=163289"},{"taxonomy":"product_cat","embeddable":true,"href":"https:\/\/secureus.se\/es\/wp-json\/wp\/v2\/product_cat?post=163289"},{"taxonomy":"product_tag","embeddable":true,"href":"https:\/\/secureus.se\/es\/wp-json\/wp\/v2\/product_tag?post=163289"}],"curies":[{"name":"wp","href":"https:\/\/api.w.org\/{rel}","templated":true}]}}