{"id":163392,"date":"2026-03-20T11:40:24","date_gmt":"2026-03-20T10:40:24","guid":{"rendered":"https:\/\/secureus.se\/?post_type=product&#038;p=163392"},"modified":"2026-04-01T11:14:52","modified_gmt":"2026-04-01T09:14:52","slug":"ajax-keypad-outdoor-ip66-svart","status":"publish","type":"product","link":"https:\/\/secureus.se\/es\/ajax-keypad-outdoor-ip66-svart\/","title":{"rendered":"Teclado Ajax para exteriores IP66 - Negro"},"content":{"rendered":"<p data-start=\"272\" data-end=\"623\">Ajax KeyPad Outdoor Jeweller \u00e4r en tr\u00e5dl\u00f6s man\u00f6verpanel med tydliga mekaniska knappar f\u00f6r smidig och s\u00e4ker styrning av Ajax-systemet, b\u00e5de inomhus och utomhus. Den \u00e4r framtagen f\u00f6r att ge enkel \u00e5tkomst till larmstyrning, passage och vissa automationsfunktioner i ett och samma gr\u00e4nssnitt.<\/p>\n<p data-start=\"625\" data-end=\"949\">Man\u00f6verpanelen har inbyggd <strong data-start=\"652\" data-end=\"670\">DESFire-l\u00e4sare<\/strong> f\u00f6r Ajax Pass och Tag, samt st\u00f6d f\u00f6r <strong data-start=\"708\" data-end=\"738\">Bluetooth Low Energy (BLE)<\/strong>. Det inneb\u00e4r att anv\u00e4ndaren kan identifiera sig b\u00e5de med bricka, kort, kod eller mobiltelefon. Enheten st\u00f6der \u00e4ven anv\u00e4ndning med smartphones via BLE, vilket g\u00f6r det m\u00f6jligt att anv\u00e4nda mobilen som passerkort.<\/p>\n<p data-start=\"951\" data-end=\"1284\">Den inbyggda summern kan ge ljudindikering f\u00f6r bland annat larm, in- och utpassering samt ding dong-funktion. KeyPad Outdoor Jeweller kan dessutom anv\u00e4ndas f\u00f6r att styra automationsenheter direkt fr\u00e5n man\u00f6verpanelen, vilket g\u00f6r den till ett flexibelt val \u00e4ven i installationer d\u00e4r man vill kombinera larmstyrning och smart styrning.<\/p>\n<p data-start=\"1286\" data-end=\"1580\">De stora mekaniska knapparna \u00e4r utformade f\u00f6r tydlig och p\u00e5litlig anv\u00e4ndning, \u00e4ven i mer utsatta milj\u00f6er. Tack vare kapslingsklass <strong data-start=\"1417\" data-end=\"1425\">IP66<\/strong> och slagt\u00e5lighet <strong data-start=\"1443\" data-end=\"1451\">IK08<\/strong> passar modellen bra f\u00f6r installation i exempelvis entr\u00e9er, portar, verksamhetslokaler och andra milj\u00f6er d\u00e4r h\u00f6g t\u00e5lighet kr\u00e4vs.<\/p>\n<p data-start=\"1582\" data-end=\"1618\"><strong data-start=\"1582\" data-end=\"1600\">Compatibilidad<\/strong><br data-start=\"1600\" data-end=\"1603\" \/>Compatible con:<\/p>\n<ul data-start=\"1619\" data-end=\"1699\">\n<li data-section-id=\"10wrjv5\" data-start=\"1619\" data-end=\"1631\">Centro 2 (2G)<\/li>\n<li data-section-id=\"10wrbvb\" data-start=\"1632\" data-end=\"1644\">Centro 2 (4G)<\/li>\n<li data-section-id=\"10w8o2n\" data-start=\"1645\" data-end=\"1657\">Hub 2 Plus<\/li>\n<li data-section-id=\"1n2ssn9\" data-start=\"1658\" data-end=\"1666\">Hub BP<\/li>\n<li data-section-id=\"kgd6px\" data-start=\"1667\" data-end=\"1685\">Hub Hybrid Fibra<\/li>\n<li data-section-id=\"1o4sx3\" data-start=\"1686\" data-end=\"1691\">ReX<\/li>\n<li data-section-id=\"179hg8l\" data-start=\"1692\" data-end=\"1699\">ReX 2<\/li>\n<\/ul>\n<p data-start=\"1701\" data-end=\"1724\"><strong data-start=\"1701\" data-end=\"1724\">Informaci\u00f3n t\u00e9cnica<\/strong><\/p>\n<ul data-start=\"1725\" data-end=\"2207\">\n<li data-section-id=\"1xn1d3q\" data-start=\"1725\" data-end=\"1780\"><strong data-start=\"1727\" data-end=\"1748\">Alcance inal\u00e1mbrico:<\/strong> upp till 1700 m i fri terr\u00e4ng<\/li>\n<li data-section-id=\"z1c1r7\" data-start=\"1781\" data-end=\"1818\"><strong data-start=\"1783\" data-end=\"1798\">Tipo de bater\u00eda:<\/strong> 2 x CR123A, ing\u00e5r<\/li>\n<li data-section-id=\"i70wrq\" data-start=\"1819\" data-end=\"1858\"><strong data-start=\"1821\" data-end=\"1842\">Duraci\u00f3n de la bater\u00eda:<\/strong> upp till 3 \u00e5r<\/li>\n<li data-section-id=\"1bdcz5s\" data-start=\"1859\" data-end=\"1908\"><strong data-start=\"1861\" data-end=\"1889\">Extern str\u00f6mf\u00f6rs\u00f6rjning:<\/strong> 10,5-14 VDC, 1 A<\/li>\n<li data-section-id=\"1vune04\" data-start=\"1909\" data-end=\"1980\"><strong data-start=\"1911\" data-end=\"1941\">Backup vid extern matning:<\/strong> batterierna fungerar som reservkraft<\/li>\n<li data-section-id=\"9mfiut\" data-start=\"1981\" data-end=\"2025\"><strong data-start=\"1983\" data-end=\"2004\">Rango de temperatura:<\/strong> -25 \u00b0C till +60 \u00b0C<\/li>\n<li data-section-id=\"3o971j\" data-start=\"2026\" data-end=\"2062\"><strong data-start=\"2028\" data-end=\"2046\">Humedad:<\/strong> upp till 80 %<\/li>\n<li data-section-id=\"11gxegg\" data-start=\"2063\" data-end=\"2121\"><strong data-start=\"2065\" data-end=\"2078\">L\u00e4sartyp:<\/strong> DESFire\u00ae EV1, EV2 ISO14443-A (13,56 MHz)<\/li>\n<li data-section-id=\"euscg8\" data-start=\"2122\" data-end=\"2158\"><strong data-start=\"2124\" data-end=\"2144\">Antal anv\u00e4ndare:<\/strong> upp till 50<\/li>\n<li data-section-id=\"3zmijv\" data-start=\"2159\" data-end=\"2185\"><strong data-start=\"2161\" data-end=\"2178\">Resistencia al impacto:<\/strong> IK08<\/li>\n<li data-section-id=\"jbg9ix\" data-start=\"2186\" data-end=\"2207\"><strong data-start=\"2188\" data-end=\"2201\">Clase de IP:<\/strong> IP66<\/li>\n<\/ul>","protected":false},"excerpt":{"rendered":"<ul>\n<li data-section-id=\"1j3w74h\" data-start=\"158\" data-end=\"164\">IP66<\/li>\n<li data-section-id=\"fy49ne\" data-start=\"165\" data-end=\"189\">Lector DESFire integrado<\/li>\n<li data-section-id=\"1v0sags\" data-start=\"190\" data-end=\"212\">Funci\u00f3n BLE integrada<\/li>\n<li data-section-id=\"1vmmd7l\" data-start=\"213\" data-end=\"229\">Zumbador incorporado<\/li>\n<li data-section-id=\"180l11s\" data-start=\"230\" data-end=\"270\">Posibilidad de alimentaci\u00f3n externa<\/li>\n<\/ul>","protected":false},"featured_media":163774,"template":"","meta":{"_acf_changed":false},"product_brand":[],"product_cat":[3164,3157],"product_tag":[],"class_list":{"0":"post-163392","1":"product","2":"type-product","3":"status-publish","4":"has-post-thumbnail","6":"product_cat-larmstyrning","7":"product_cat-utomhussakerhet","8":"pa_brands-ajax-systems","9":"tm-no-options","11":"first","12":"outofstock","13":"taxable","14":"shipping-taxable","15":"purchasable","16":"product-type-simple"},"acf":[],"_links":{"self":[{"href":"https:\/\/secureus.se\/es\/wp-json\/wp\/v2\/product\/163392","targetHints":{"allow":["GET"]}}],"collection":[{"href":"https:\/\/secureus.se\/es\/wp-json\/wp\/v2\/product"}],"about":[{"href":"https:\/\/secureus.se\/es\/wp-json\/wp\/v2\/types\/product"}],"wp:featuredmedia":[{"embeddable":true,"href":"https:\/\/secureus.se\/es\/wp-json\/wp\/v2\/media\/163774"}],"wp:attachment":[{"href":"https:\/\/secureus.se\/es\/wp-json\/wp\/v2\/media?parent=163392"}],"wp:term":[{"taxonomy":"product_brand","embeddable":true,"href":"https:\/\/secureus.se\/es\/wp-json\/wp\/v2\/product_brand?post=163392"},{"taxonomy":"product_cat","embeddable":true,"href":"https:\/\/secureus.se\/es\/wp-json\/wp\/v2\/product_cat?post=163392"},{"taxonomy":"product_tag","embeddable":true,"href":"https:\/\/secureus.se\/es\/wp-json\/wp\/v2\/product_tag?post=163392"}],"curies":[{"name":"wp","href":"https:\/\/api.w.org\/{rel}","templated":true}]}}