{"id":163393,"date":"2026-03-20T11:40:56","date_gmt":"2026-03-20T10:40:56","guid":{"rendered":"https:\/\/secureus.se\/?post_type=product&#038;p=163393"},"modified":"2026-04-15T14:46:25","modified_gmt":"2026-04-15T12:46:25","slug":"ajax-keypad-outdoor-ip66-grafit","status":"publish","type":"product","link":"https:\/\/secureus.se\/es\/ajax-keypad-outdoor-ip66-grafit\/","title":{"rendered":"Teclado Ajax para exteriores IP66 - Grafito"},"content":{"rendered":"<p data-start=\"272\" data-end=\"623\">El panel de control inal\u00e1mbrico Ajax KeyPad Outdoor Jeweller, con botones mec\u00e1nicos intuitivos, permite un control sencillo y seguro del sistema Ajax, tanto en interiores como en exteriores. Est\u00e1 dise\u00f1ado para facilitar el acceso a la alarma, el control de acceso y algunas funciones de automatizaci\u00f3n desde una \u00fanica interfaz.<\/p>\n<p data-start=\"625\" data-end=\"949\">El panel de control tiene incorporado <strong data-start=\"652\" data-end=\"670\">Lector DESFire<\/strong> para Ajax Pass y Tag, as\u00ed como soporte para <strong data-start=\"708\" data-end=\"738\">Bluetooth de bajo consumo (BLE)<\/strong>. Esto significa que el usuario puede identificarse con una credencial, tarjeta, c\u00f3digo o tel\u00e9fono m\u00f3vil. El dispositivo tambi\u00e9n es compatible con tel\u00e9fonos inteligentes mediante Bluetooth Low Energy (BLE), lo que permite usar el tel\u00e9fono m\u00f3vil como tarjeta de acceso.<\/p>\n<p data-start=\"951\" data-end=\"1284\">El zumbador integrado proporciona indicaciones sonoras para alarmas, entrada y salida, y funci\u00f3n de timbre, entre otras. El KeyPad Outdoor Jeweller tambi\u00e9n permite controlar dispositivos de automatizaci\u00f3n directamente desde el panel de control, lo que lo convierte en una opci\u00f3n flexible incluso en instalaciones donde se desea combinar el control de alarmas con el control inteligente.<\/p>\n<p data-start=\"1286\" data-end=\"1580\">Los grandes botones mec\u00e1nicos est\u00e1n dise\u00f1ados para un funcionamiento claro y fiable, incluso en entornos m\u00e1s expuestos. Gracias a la clase de protecci\u00f3n <strong data-start=\"1417\" data-end=\"1425\">IP66<\/strong> y resistencia al impacto <strong data-start=\"1443\" data-end=\"1451\">IK08<\/strong> Este modelo es id\u00f3neo para su instalaci\u00f3n en, por ejemplo, entradas, portones, locales comerciales y otros entornos donde se requiera una alta durabilidad.<\/p>\n<p data-start=\"1582\" data-end=\"1618\"><strong data-start=\"1582\" data-end=\"1600\">Compatibilidad<\/strong><br data-start=\"1600\" data-end=\"1603\" \/>Compatible con:<\/p>\n<ul data-start=\"1619\" data-end=\"1699\">\n<li data-section-id=\"10wrjv5\" data-start=\"1619\" data-end=\"1631\">Centro 2 (2G)<\/li>\n<li data-section-id=\"10wrbvb\" data-start=\"1632\" data-end=\"1644\">Centro 2 (4G)<\/li>\n<li data-section-id=\"10w8o2n\" data-start=\"1645\" data-end=\"1657\">Hub 2 Plus<\/li>\n<li data-section-id=\"1n2ssn9\" data-start=\"1658\" data-end=\"1666\">Centro BP<\/li>\n<li data-section-id=\"kgd6px\" data-start=\"1667\" data-end=\"1685\">Fibra h\u00edbrida Hub<\/li>\n<li data-section-id=\"1o4sx3\" data-start=\"1686\" data-end=\"1691\">ReX<\/li>\n<li data-section-id=\"179hg8l\" data-start=\"1692\" data-end=\"1699\">ReX 2<\/li>\n<\/ul>\n<p data-start=\"1701\" data-end=\"1724\"><strong data-start=\"1701\" data-end=\"1724\">Informaci\u00f3n t\u00e9cnica<\/strong><\/p>\n<ul data-start=\"1725\" data-end=\"2207\">\n<li data-section-id=\"1xn1d3q\" data-start=\"1725\" data-end=\"1780\"><strong data-start=\"1727\" data-end=\"1748\">Alcance inal\u00e1mbrico:<\/strong> hasta 1700 millas en terreno abierto<\/li>\n<li data-section-id=\"z1c1r7\" data-start=\"1781\" data-end=\"1818\"><strong data-start=\"1783\" data-end=\"1798\">Tipo de bater\u00eda:<\/strong> 2 pilas CR123A incluidas<\/li>\n<li data-section-id=\"i70wrq\" data-start=\"1819\" data-end=\"1858\"><strong data-start=\"1821\" data-end=\"1842\">Duraci\u00f3n de la bater\u00eda:<\/strong> hasta 3 a\u00f1os<\/li>\n<li data-section-id=\"1bdcz5s\" data-start=\"1859\" data-end=\"1908\"><strong data-start=\"1861\" data-end=\"1889\">Fuente de alimentaci\u00f3n externa:<\/strong> 10,5-14 V CC, 1 A<\/li>\n<li data-section-id=\"1vune04\" data-start=\"1909\" data-end=\"1980\"><strong data-start=\"1911\" data-end=\"1941\">Respaldo con fuente de alimentaci\u00f3n externa:<\/strong> Las bater\u00edas act\u00faan como fuente de alimentaci\u00f3n de respaldo.<\/li>\n<li data-section-id=\"9mfiut\" data-start=\"1981\" data-end=\"2025\"><strong data-start=\"1983\" data-end=\"2004\">Rango de temperatura:<\/strong> -25\u00b0C a +60\u00b0C<\/li>\n<li data-section-id=\"3o971j\" data-start=\"2026\" data-end=\"2062\"><strong data-start=\"2028\" data-end=\"2046\">Humedad:<\/strong> hasta 80 %<\/li>\n<li data-section-id=\"11gxegg\" data-start=\"2063\" data-end=\"2121\"><strong data-start=\"2065\" data-end=\"2078\">Tipo de lector:<\/strong> DESFire\u00ae EV1, EV2 ISO14443-A (13,56 MHz)<\/li>\n<li data-section-id=\"euscg8\" data-start=\"2122\" data-end=\"2158\"><strong data-start=\"2124\" data-end=\"2144\">N\u00famero de usuarios:<\/strong> hasta 50<\/li>\n<li data-section-id=\"3zmijv\" data-start=\"2159\" data-end=\"2185\"><strong data-start=\"2161\" data-end=\"2178\">Resistencia al impacto:<\/strong> IK08<\/li>\n<li data-section-id=\"jbg9ix\" data-start=\"2186\" data-end=\"2207\"><strong data-start=\"2188\" data-end=\"2201\">Clase de IP:<\/strong> IP66<\/li>\n<\/ul>","protected":false},"excerpt":{"rendered":"<ul>\n<li data-section-id=\"1j3w74h\" data-start=\"158\" data-end=\"164\">IP66<\/li>\n<li data-section-id=\"fy49ne\" data-start=\"165\" data-end=\"189\">Lector DESFire integrado<\/li>\n<li data-section-id=\"1v0sags\" data-start=\"190\" data-end=\"212\">Funci\u00f3n BLE integrada<\/li>\n<li data-section-id=\"1vmmd7l\" data-start=\"213\" data-end=\"229\">Zumbador incorporado<\/li>\n<li data-section-id=\"180l11s\" data-start=\"230\" data-end=\"270\">Posibilidad de alimentaci\u00f3n externa<\/li>\n<\/ul>","protected":false},"featured_media":163771,"template":"","meta":{"_acf_changed":false},"product_brand":[],"product_cat":[3164,3157],"product_tag":[],"class_list":{"0":"post-163393","1":"product","2":"type-product","3":"status-publish","4":"has-post-thumbnail","6":"product_cat-larmstyrning","7":"product_cat-utomhussakerhet","8":"pa_brands-ajax-systems","9":"tm-no-options","11":"first","12":"outofstock","13":"taxable","14":"shipping-taxable","15":"purchasable","16":"product-type-simple"},"acf":[],"_links":{"self":[{"href":"https:\/\/secureus.se\/es\/wp-json\/wp\/v2\/product\/163393","targetHints":{"allow":["GET"]}}],"collection":[{"href":"https:\/\/secureus.se\/es\/wp-json\/wp\/v2\/product"}],"about":[{"href":"https:\/\/secureus.se\/es\/wp-json\/wp\/v2\/types\/product"}],"wp:featuredmedia":[{"embeddable":true,"href":"https:\/\/secureus.se\/es\/wp-json\/wp\/v2\/media\/163771"}],"wp:attachment":[{"href":"https:\/\/secureus.se\/es\/wp-json\/wp\/v2\/media?parent=163393"}],"wp:term":[{"taxonomy":"product_brand","embeddable":true,"href":"https:\/\/secureus.se\/es\/wp-json\/wp\/v2\/product_brand?post=163393"},{"taxonomy":"product_cat","embeddable":true,"href":"https:\/\/secureus.se\/es\/wp-json\/wp\/v2\/product_cat?post=163393"},{"taxonomy":"product_tag","embeddable":true,"href":"https:\/\/secureus.se\/es\/wp-json\/wp\/v2\/product_tag?post=163393"}],"curies":[{"name":"wp","href":"https:\/\/api.w.org\/{rel}","templated":true}]}}