{"id":163743,"date":"2026-03-17T12:47:08","date_gmt":"2026-03-17T11:47:08","guid":{"rendered":"https:\/\/secureus.se\/tagg-desfire-ev3-4k-svart-plus\/"},"modified":"2026-04-09T13:27:35","modified_gmt":"2026-04-09T11:27:35","slug":"tagg-desfire-ev3-4k-svart-plus","status":"publish","type":"product","link":"https:\/\/secureus.se\/es\/tagg-desfire-ev3-4k-svart-plus\/","title":{"rendered":"Etiqueta DESFIRE\u00ae EV3 4K Negro Plus"},"content":{"rendered":"<h1 data-section-id=\"mqmvaq\" data-start=\"152\" data-end=\"218\">Etiqueta RFID MIFARE DESFire<\/h1>\n<h2 data-section-id=\"mqmvaq\" data-start=\"152\" data-end=\"218\">Etiqueta de seguridad ABS Plus (alta seguridad)<\/h2>\n<p data-start=\"220\" data-end=\"446\">etiqueta RFID con <strong data-start=\"234\" data-end=\"257\">Chip MIFARE DESFire<\/strong> para sistemas modernos de control de acceso donde la alta seguridad y el funcionamiento estable son importantes.<\/p>\n<p data-start=\"220\" data-end=\"446\">Este token de acceso se utiliza con frecuencia en sistemas de seguridad profesionales y es compatible con varias plataformas muy conocidas.<\/p>\n<p data-start=\"448\" data-end=\"558\">La etiqueta viene con <strong data-start=\"469\" data-end=\"494\">Chip original de NXP<\/strong> y est\u00e1 fabricado con material ABS duradero para una larga vida \u00fatil.<\/p>\n<p data-start=\"560\" data-end=\"591\"><strong data-start=\"560\" data-end=\"591\">Compatible con, entre otros:<\/strong><\/p>\n<ul data-start=\"593\" data-end=\"687\">\n<li data-section-id=\"17a1ys6\" data-start=\"593\" data-end=\"600\">\n<p data-start=\"595\" data-end=\"600\">RCO<\/p>\n<\/li>\n<li data-section-id=\"1n8l3ye\" data-start=\"601\" data-end=\"625\">\n<p data-start=\"603\" data-end=\"625\">Bewator \/ Vanderbilt<\/p>\n<\/li>\n<li data-section-id=\"1pxgavf\" data-start=\"626\" data-end=\"635\">\n<p data-start=\"628\" data-end=\"635\">Aptus<\/p>\n<\/li>\n<li data-section-id=\"1soj2rn\" data-start=\"636\" data-end=\"648\">\n<p data-start=\"638\" data-end=\"648\">ASSA ARX<\/p>\n<\/li>\n<li data-section-id=\"1e3tozb\" data-start=\"649\" data-end=\"665\">\n<p data-start=\"651\" data-end=\"665\">Sistema de visitantes<\/p>\n<\/li>\n<li data-section-id=\"m4aqxg\" data-start=\"666\" data-end=\"687\">\n<p data-start=\"668\" data-end=\"687\">Sistema de inicio de sesi\u00f3n<\/p>\n<\/li>\n<\/ul>\n<p data-start=\"689\" data-end=\"792\">Tenga en cuenta que la etiqueta <strong data-start=\"710\" data-end=\"758\">No se entrega programado con RAID para RCO<\/strong>, pero viene con un chip est\u00e1ndar.<\/p>\n<hr data-start=\"794\" data-end=\"797\" \/>\n<h2 data-section-id=\"1v00gra\" data-start=\"799\" data-end=\"834\">Etiqueta RFID robusta con un dise\u00f1o delgado.<\/h2>\n<p data-start=\"836\" data-end=\"1063\">Nuestro modelo <strong data-start=\"847\" data-end=\"874\">ABS Plus MIFARE DESFire<\/strong> Est\u00e1 dise\u00f1ado para su uso diario en sistemas de control de acceso.<\/p>\n<p data-start=\"836\" data-end=\"1063\">La bandeja est\u00e1 hecha de material ABS duradero y tiene un perfil delgado de solo <strong data-start=\"1003\" data-end=\"1013\">3,9 mm<\/strong>, lo que la hace duradera y f\u00e1cil de usar.<\/p>\n<p data-start=\"1065\" data-end=\"1232\">La superficie lisa es muy adecuada para <strong data-start=\"1098\" data-end=\"1140\">Grabado l\u00e1ser de n\u00fameros o logotipos<\/strong>,.<\/p>\n<p data-start=\"1065\" data-end=\"1232\">Esto facilita el marcado de baldosas para empresas, propiedades u organizaciones.<\/p>\n<hr data-start=\"1234\" data-end=\"1237\" \/>\n<h2 data-section-id=\"xck9dh\" data-start=\"1239\" data-end=\"1260\">\u00c1reas de uso<\/h2>\n<p data-start=\"1262\" data-end=\"1311\">La etiqueta RFID se puede utilizar en muchos tipos de sistemas:<\/p>\n<ul data-start=\"1313\" data-end=\"1450\">\n<li data-section-id=\"3yp6jv\" data-start=\"1313\" data-end=\"1329\">\n<p data-start=\"1315\" data-end=\"1329\">Sistema de control de acceso<\/p>\n<\/li>\n<li data-section-id=\"1e3tozb\" data-start=\"1330\" data-end=\"1346\">\n<p data-start=\"1332\" data-end=\"1346\">Sistema de visitantes<\/p>\n<\/li>\n<li data-section-id=\"j9tvrq\" data-start=\"1347\" data-end=\"1365\">\n<p data-start=\"1349\" data-end=\"1365\">Sistema de reservas<\/p>\n<\/li>\n<li data-section-id=\"q6dwif\" data-start=\"1366\" data-end=\"1395\">\n<p data-start=\"1368\" data-end=\"1395\">Sistemas de alarma y seguridad<\/p>\n<\/li>\n<li data-section-id=\"pd8qry\" data-start=\"1396\" data-end=\"1413\">\n<p data-start=\"1398\" data-end=\"1413\">cargador de coche el\u00e9ctrico<\/p>\n<\/li>\n<li data-section-id=\"1u2dvsm\" data-start=\"1414\" data-end=\"1450\">\n<p data-start=\"1416\" data-end=\"1450\">Gesti\u00f3n e identificaci\u00f3n de inventarios<\/p>\n<\/li>\n<\/ul>\n<p data-start=\"1452\" data-end=\"1590\">MIFARE DESFire ofrece <strong data-start=\"1476\" data-end=\"1523\">mayor seguridad que, por ejemplo, MIFARE Classic.<\/strong>, lo que la convierte en una opci\u00f3n com\u00fan en las soluciones de seguridad modernas.<\/p>\n<hr data-start=\"1592\" data-end=\"1595\" \/>\n<h2 data-section-id=\"11ig3cm\" data-start=\"1597\" data-end=\"1633\">Etiquetas RFID personalizadas para proyectos<\/h2>\n<p data-start=\"1635\" data-end=\"1704\">Ofrecemos la posibilidad de personalizar las etiquetas seg\u00fan sus necesidades, por ejemplo:<\/p>\n<ul data-start=\"1706\" data-end=\"1855\">\n<li data-section-id=\"1xsenfi\" data-start=\"1706\" data-end=\"1739\">\n<p data-start=\"1708\" data-end=\"1739\">Grabado de <strong data-start=\"1721\" data-end=\"1737\">n\u00fameros \u00fanicos<\/strong><\/p>\n<\/li>\n<li data-section-id=\"fzw2hm\" data-start=\"1740\" data-end=\"1776\">\n<p data-start=\"1742\" data-end=\"1776\">Grabado de <strong data-start=\"1755\" data-end=\"1774\">logotipo de la empresa<\/strong><\/p>\n<\/li>\n<li data-section-id=\"dsua8s\" data-start=\"1777\" data-end=\"1807\">\n<p data-start=\"1779\" data-end=\"1807\">Elecci\u00f3n de <strong data-start=\"1786\" data-end=\"1805\">diferentes tipos de chips<\/strong><\/p>\n<\/li>\n<li data-section-id=\"1ccnvn3\" data-start=\"1808\" data-end=\"1855\">\n<p data-start=\"1810\" data-end=\"1855\">Personalizaci\u00f3n para sistemas y proyectos espec\u00edficos.<\/p>\n<\/li>\n<\/ul>\n<p data-start=\"1857\" data-end=\"1919\">Los chips m\u00e1s comunes que se utilizan hoy en d\u00eda en las tarjetas de acceso son, por ejemplo:<\/p>\n<ul data-start=\"1921\" data-end=\"1980\">\n<li data-section-id=\"1jziiiu\" data-start=\"1921\" data-end=\"1931\">\n<p data-start=\"1923\" data-end=\"1931\">EM4200<\/p>\n<\/li>\n<li data-section-id=\"1dhpwfa\" data-start=\"1932\" data-end=\"1945\">\n<p data-start=\"1934\" data-end=\"1945\">MIFARE 1K<\/p>\n<\/li>\n<li data-section-id=\"1llejgs\" data-start=\"1946\" data-end=\"1961\">\n<p data-start=\"1948\" data-end=\"1961\">Etiquetas combinadas<\/p>\n<\/li>\n<li data-section-id=\"1k7zueu\" data-start=\"1962\" data-end=\"1980\">\n<p data-start=\"1964\" data-end=\"1980\">MIFARE DESFire<\/p>\n<\/li>\n<\/ul>\n<p data-start=\"1982\" data-end=\"2060\">P\u00f3ngase en contacto con nosotros si lo necesita. <strong data-start=\"2015\" data-end=\"2059\">Etiquetas RFID personalizadas para su sistema<\/strong>.<\/p>\n<hr data-start=\"2062\" data-end=\"2065\" \/>\n<h2 data-section-id=\"1nma161\" data-start=\"2067\" data-end=\"2084\">Disponibilidad<\/h2>\n<p data-start=\"2086\" data-end=\"2248\">La etiqueta se puede suministrar en varios colores y con diferentes variantes de chip.<\/p>\n<p data-start=\"2086\" data-end=\"2248\"><strong data-start=\"2141\" data-end=\"2185\">Normalmente hay disponibles colores blanco y negro.<\/strong>, mientras que otros colores y dise\u00f1os se fabrican bajo pedido.<\/p>\n<p data-start=\"2250\" data-end=\"2337\">Con nuestras m\u00e1quinas l\u00e1ser tambi\u00e9n podemos grabar. <strong data-start=\"2293\" data-end=\"2321\">logotipo y n\u00fameros \u00fanicos<\/strong> a pedido.<\/p>\n<hr data-start=\"2339\" data-end=\"2342\" \/>\n<h2 data-section-id=\"fbszj2\" data-start=\"2344\" data-end=\"2395\">Ventajas de la etiqueta RFID MIFARE DESFire \u2013 ABS Plus<\/h2>\n<ul data-start=\"2397\" data-end=\"2683\">\n<li data-section-id=\"1sey2io\" data-start=\"2397\" data-end=\"2439\">\n<p data-start=\"2399\" data-end=\"2439\">Chip MIFARE DESFire para <strong data-start=\"2423\" data-end=\"2439\">alta seguridad<\/strong><\/p>\n<\/li>\n<li data-section-id=\"13d4na2\" data-start=\"2440\" data-end=\"2467\">\n<p data-start=\"2442\" data-end=\"2467\"><strong data-start=\"2442\" data-end=\"2467\">Chip original de NXP<\/strong><\/p>\n<\/li>\n<li data-section-id=\"80xk7\" data-start=\"2468\" data-end=\"2508\">\n<p data-start=\"2470\" data-end=\"2508\">Construcci\u00f3n robusta en <strong data-start=\"2492\" data-end=\"2508\">material ABS<\/strong><\/p>\n<\/li>\n<li data-section-id=\"1jtkdom\" data-start=\"2509\" data-end=\"2542\">\n<p data-start=\"2511\" data-end=\"2542\"><strong data-start=\"2511\" data-end=\"2542\">Dise\u00f1o delgado: solo 3,9 mm<\/strong><\/p>\n<\/li>\n<li data-section-id=\"1kkzgn0\" data-start=\"2543\" data-end=\"2602\">\n<p data-start=\"2545\" data-end=\"2602\">Posibilidad de <strong data-start=\"2560\" data-end=\"2602\">Grabado l\u00e1ser de n\u00fameros o logotipos<\/strong><\/p>\n<\/li>\n<li data-section-id=\"1j6d40y\" data-start=\"2603\" data-end=\"2639\">\n<p data-start=\"2605\" data-end=\"2639\">Varios <strong data-start=\"2611\" data-end=\"2639\">variantes y colores de chips<\/strong><\/p>\n<\/li>\n<li data-section-id=\"d94i3o\" data-start=\"2640\" data-end=\"2683\">\n<p data-start=\"2642\" data-end=\"2683\">Adaptable para <strong data-start=\"2661\" data-end=\"2683\">proyectos y sistemas<\/strong><\/p>\n<\/li>\n<\/ul>","protected":false},"excerpt":{"rendered":"<p>Etiqueta RFID con chip MIFARE DESFire para control de acceso e identificaci\u00f3n.<\/p>\n<p>Fabricado en material ABS resistente con un perfil delgado de 3,9 mm.<\/p>\n<p>Es compatible con sistemas como RCO, Aptus y ASSA ARX, y se puede personalizar con el grabado de n\u00fameros o logotipos.<\/p>","protected":false},"featured_media":163673,"template":"","meta":{"_acf_changed":false},"product_brand":[],"product_cat":[1337,4789],"product_tag":[2314,3137,3136,2074,4806,4146,2095,2958],"class_list":{"0":"post-163743","1":"product","2":"type-product","3":"status-publish","4":"has-post-thumbnail","6":"product_cat-rfid-tagg-abs-plus","7":"product_cat-desfire-4k-tagg","8":"product_tag-desfire-lop-logo","9":"product_tag-desfire-ev2-4k","10":"product_tag-desfire-taggar-kort","11":"product_tag-ej-lagerfraga","12":"product_tag-fungerar-ej-till-yale","13":"product_tag-nxp","14":"product_tag-rfid-500","15":"product_tag-stonehouse-produkt","16":"product_shipping_class-postnord-varubrev","17":"pa_brands-stonehouse-security","18":"pa_chip-teknik-mifare-desfire","19":"pa_chip-teknik-mifare-desfire-4k-minne","20":"pa_farg-svart","21":"pa_sakerhetssystem-rfid-taggar","22":"tm-has-options","24":"first","25":"instock","26":"sale","27":"featured","28":"taxable","29":"shipping-taxable","30":"purchasable","31":"product-type-simple"},"acf":[],"_links":{"self":[{"href":"https:\/\/secureus.se\/es\/wp-json\/wp\/v2\/product\/163743","targetHints":{"allow":["GET"]}}],"collection":[{"href":"https:\/\/secureus.se\/es\/wp-json\/wp\/v2\/product"}],"about":[{"href":"https:\/\/secureus.se\/es\/wp-json\/wp\/v2\/types\/product"}],"wp:featuredmedia":[{"embeddable":true,"href":"https:\/\/secureus.se\/es\/wp-json\/wp\/v2\/media\/163673"}],"wp:attachment":[{"href":"https:\/\/secureus.se\/es\/wp-json\/wp\/v2\/media?parent=163743"}],"wp:term":[{"taxonomy":"product_brand","embeddable":true,"href":"https:\/\/secureus.se\/es\/wp-json\/wp\/v2\/product_brand?post=163743"},{"taxonomy":"product_cat","embeddable":true,"href":"https:\/\/secureus.se\/es\/wp-json\/wp\/v2\/product_cat?post=163743"},{"taxonomy":"product_tag","embeddable":true,"href":"https:\/\/secureus.se\/es\/wp-json\/wp\/v2\/product_tag?post=163743"}],"curies":[{"name":"wp","href":"https:\/\/api.w.org\/{rel}","templated":true}]}}