{"id":163744,"date":"2026-03-17T12:47:07","date_gmt":"2026-03-17T11:47:07","guid":{"rendered":"https:\/\/secureus.se\/tagg-desfire-ev3-4k-vit-plus\/"},"modified":"2026-03-31T13:25:46","modified_gmt":"2026-03-31T11:25:46","slug":"tagg-desfire-ev3-4k-vit-plus","status":"publish","type":"product","link":"https:\/\/secureus.se\/es\/tagg-desfire-ev3-4k-vit-plus\/","title":{"rendered":"Etiqueta DESFIRE\u00ae EV3 4K Blanco Plus"},"content":{"rendered":"<h1 data-section-id=\"mqmvaq\" data-start=\"152\" data-end=\"218\">RFID Tagg MIFARE DESFire<\/h1>\n<h2 data-section-id=\"mqmvaq\" data-start=\"152\" data-end=\"218\">ABS Plus Passerbricka (H\u00f6g s\u00e4kerhet)<\/h2>\n<p data-start=\"220\" data-end=\"446\">RFID-tagg med <strong data-start=\"234\" data-end=\"257\">MIFARE DESFire-chip<\/strong> f\u00f6r moderna passersystem d\u00e4r h\u00f6g s\u00e4kerhet och stabil funktion \u00e4r viktigt.<\/p>\n<p data-start=\"220\" data-end=\"446\">Denna passerbricka anv\u00e4nds ofta i professionella s\u00e4kerhetssystem och \u00e4r kompatibel med flera v\u00e4lk\u00e4nda plattformar.<\/p>\n<p data-start=\"448\" data-end=\"558\">Taggen levereras med <strong data-start=\"469\" data-end=\"494\">originalchip fr\u00e5n NXP<\/strong> och \u00e4r tillverkad i slitstarkt ABS-material f\u00f6r l\u00e5ng livsl\u00e4ngd.<\/p>\n<p data-start=\"560\" data-end=\"591\"><strong data-start=\"560\" data-end=\"591\">Compatible con, entre otros:<\/strong><\/p>\n<ul data-start=\"593\" data-end=\"687\">\n<li data-section-id=\"17a1ys6\" data-start=\"593\" data-end=\"600\">\n<p data-start=\"595\" data-end=\"600\">RCO<\/p>\n<\/li>\n<li data-section-id=\"1n8l3ye\" data-start=\"601\" data-end=\"625\">\n<p data-start=\"603\" data-end=\"625\">Bewator \/ Vanderbilt<\/p>\n<\/li>\n<li data-section-id=\"1pxgavf\" data-start=\"626\" data-end=\"635\">\n<p data-start=\"628\" data-end=\"635\">Aptus<\/p>\n<\/li>\n<li data-section-id=\"1soj2rn\" data-start=\"636\" data-end=\"648\">\n<p data-start=\"638\" data-end=\"648\">ASSA ARX<\/p>\n<\/li>\n<li data-section-id=\"1e3tozb\" data-start=\"649\" data-end=\"665\">\n<p data-start=\"651\" data-end=\"665\">Sistema de visitantes<\/p>\n<\/li>\n<li data-section-id=\"m4aqxg\" data-start=\"666\" data-end=\"687\">\n<p data-start=\"668\" data-end=\"687\">Inloggningssystem<\/p>\n<\/li>\n<\/ul>\n<p data-start=\"689\" data-end=\"792\">Observera att taggen <strong data-start=\"710\" data-end=\"758\">inte levereras programmerad med RAID f\u00f6r RCO<\/strong>, utan levereras med standardchip.<\/p>\n<hr data-start=\"794\" data-end=\"797\" \/>\n<h2 data-section-id=\"1v00gra\" data-start=\"799\" data-end=\"834\">Robust RFID-bricka i tunn design<\/h2>\n<p data-start=\"836\" data-end=\"1063\">V\u00e5r modell <strong data-start=\"847\" data-end=\"874\">ABS Plus MIFARE DESFire<\/strong> \u00e4r utvecklad f\u00f6r daglig anv\u00e4ndning i passersystem.<\/p>\n<p data-start=\"836\" data-end=\"1063\">Brickan \u00e4r tillverkad i t\u00e5ligt ABS-material och har en tunn profil p\u00e5 endast <strong data-start=\"1003\" data-end=\"1013\">2,9 mm<\/strong>, vilket g\u00f6r den b\u00e5de h\u00e5llbar och smidig att b\u00e4ra.<\/p>\n<p data-start=\"1065\" data-end=\"1232\">Den sl\u00e4ta ytan \u00e4r v\u00e4l l\u00e4mpad f\u00f6r <strong data-start=\"1098\" data-end=\"1140\">lasergravering av nummer eller logotyp<\/strong>,.<\/p>\n<p data-start=\"1065\" data-end=\"1232\">Detta g\u00f6r det enkelt att m\u00e4rka upp brickor f\u00f6r f\u00f6retag, fastigheter eller organisationer.<\/p>\n<hr data-start=\"1234\" data-end=\"1237\" \/>\n<h2 data-section-id=\"xck9dh\" data-start=\"1239\" data-end=\"1260\">\u00c1reas de uso<\/h2>\n<p data-start=\"1262\" data-end=\"1311\">RFID-taggen kan anv\u00e4ndas i m\u00e5nga typer av system:<\/p>\n<ul data-start=\"1313\" data-end=\"1450\">\n<li data-section-id=\"3yp6jv\" data-start=\"1313\" data-end=\"1329\">\n<p data-start=\"1315\" data-end=\"1329\">Sistema de control de acceso<\/p>\n<\/li>\n<li data-section-id=\"1e3tozb\" data-start=\"1330\" data-end=\"1346\">\n<p data-start=\"1332\" data-end=\"1346\">Sistema de visitantes<\/p>\n<\/li>\n<li data-section-id=\"j9tvrq\" data-start=\"1347\" data-end=\"1365\">\n<p data-start=\"1349\" data-end=\"1365\">Bokningssystem<\/p>\n<\/li>\n<li data-section-id=\"q6dwif\" data-start=\"1366\" data-end=\"1395\">\n<p data-start=\"1368\" data-end=\"1395\">Sistemas de alarma y seguridad<\/p>\n<\/li>\n<li data-section-id=\"pd8qry\" data-start=\"1396\" data-end=\"1413\">\n<p data-start=\"1398\" data-end=\"1413\">Elbilsladdare<\/p>\n<\/li>\n<li data-section-id=\"1u2dvsm\" data-start=\"1414\" data-end=\"1450\">\n<p data-start=\"1416\" data-end=\"1450\">Lagerhantering och identifiering<\/p>\n<\/li>\n<\/ul>\n<p data-start=\"1452\" data-end=\"1590\">MIFARE DESFire erbjuder <strong data-start=\"1476\" data-end=\"1523\">h\u00f6gre s\u00e4kerhet \u00e4n exempelvis MIFARE Classic<\/strong>, vilket g\u00f6r den till ett vanligt val i moderna s\u00e4kerhetsl\u00f6sningar.<\/p>\n<hr data-start=\"1592\" data-end=\"1595\" \/>\n<h2 data-section-id=\"11ig3cm\" data-start=\"1597\" data-end=\"1633\">Anpassade RFID-taggar f\u00f6r projekt<\/h2>\n<p data-start=\"1635\" data-end=\"1704\">Vi erbjuder m\u00f6jlighet att anpassa taggar efter era behov, exempelvis:<\/p>\n<ul data-start=\"1706\" data-end=\"1855\">\n<li data-section-id=\"1xsenfi\" data-start=\"1706\" data-end=\"1739\">\n<p data-start=\"1708\" data-end=\"1739\">Gravering av <strong data-start=\"1721\" data-end=\"1737\">unika nummer<\/strong><\/p>\n<\/li>\n<li data-section-id=\"fzw2hm\" data-start=\"1740\" data-end=\"1776\">\n<p data-start=\"1742\" data-end=\"1776\">Gravering av <strong data-start=\"1755\" data-end=\"1774\">f\u00f6retagslogotyp<\/strong><\/p>\n<\/li>\n<li data-section-id=\"dsua8s\" data-start=\"1777\" data-end=\"1807\">\n<p data-start=\"1779\" data-end=\"1807\">Val av <strong data-start=\"1786\" data-end=\"1805\">olika chiptyper<\/strong><\/p>\n<\/li>\n<li data-section-id=\"1ccnvn3\" data-start=\"1808\" data-end=\"1855\">\n<p data-start=\"1810\" data-end=\"1855\">Anpassning f\u00f6r specifika system och projekt<\/p>\n<\/li>\n<\/ul>\n<p data-start=\"1857\" data-end=\"1919\">Vanliga chip som anv\u00e4nds i passerbrickor idag \u00e4r till exempel:<\/p>\n<ul data-start=\"1921\" data-end=\"1980\">\n<li data-section-id=\"1jziiiu\" data-start=\"1921\" data-end=\"1931\">\n<p data-start=\"1923\" data-end=\"1931\">EM4200<\/p>\n<\/li>\n<li data-section-id=\"1dhpwfa\" data-start=\"1932\" data-end=\"1945\">\n<p data-start=\"1934\" data-end=\"1945\">MIFARE 1K<\/p>\n<\/li>\n<li data-section-id=\"1llejgs\" data-start=\"1946\" data-end=\"1961\">\n<p data-start=\"1948\" data-end=\"1961\">Kombitaggar<\/p>\n<\/li>\n<li data-section-id=\"1k7zueu\" data-start=\"1962\" data-end=\"1980\">\n<p data-start=\"1964\" data-end=\"1980\">MIFARE DESFire<\/p>\n<\/li>\n<\/ul>\n<p data-start=\"1982\" data-end=\"2060\">Kontakta oss g\u00e4rna om ni beh\u00f6ver <strong data-start=\"2015\" data-end=\"2059\">skr\u00e4ddarsydda RFID-taggar f\u00f6r ert system<\/strong>.<\/p>\n<hr data-start=\"2062\" data-end=\"2065\" \/>\n<h2 data-section-id=\"1nma161\" data-start=\"2067\" data-end=\"2084\">Tillg\u00e4nglighet<\/h2>\n<p data-start=\"2086\" data-end=\"2248\">Taggen kan levereras i flera f\u00e4rger och chipvarianter.<\/p>\n<p data-start=\"2086\" data-end=\"2248\"><strong data-start=\"2141\" data-end=\"2185\">Vit och svart finns normalt tillg\u00e4ngliga<\/strong>, medan andra f\u00e4rger och utf\u00f6randen tillverkas vid best\u00e4llning.<\/p>\n<p data-start=\"2250\" data-end=\"2337\">Med v\u00e5ra lasermaskiner kan vi \u00e4ven gravera <strong data-start=\"2293\" data-end=\"2321\">logotyp och unika nummer<\/strong> efter \u00f6nskem\u00e5l.<\/p>\n<hr data-start=\"2339\" data-end=\"2342\" \/>\n<h2 data-section-id=\"fbszj2\" data-start=\"2344\" data-end=\"2395\">F\u00f6rdelar med RFID Tagg MIFARE DESFire \u2013 ABS Plus<\/h2>\n<ul data-start=\"2397\" data-end=\"2683\">\n<li data-section-id=\"1sey2io\" data-start=\"2397\" data-end=\"2439\">\n<p data-start=\"2399\" data-end=\"2439\">MIFARE DESFire-chip f\u00f6r <strong data-start=\"2423\" data-end=\"2439\">alta seguridad<\/strong><\/p>\n<\/li>\n<li data-section-id=\"13d4na2\" data-start=\"2440\" data-end=\"2467\">\n<p data-start=\"2442\" data-end=\"2467\"><strong data-start=\"2442\" data-end=\"2467\">Originalchip fr\u00e5n NXP<\/strong><\/p>\n<\/li>\n<li data-section-id=\"80xk7\" data-start=\"2468\" data-end=\"2508\">\n<p data-start=\"2470\" data-end=\"2508\">Robust konstruktion i <strong data-start=\"2492\" data-end=\"2508\">ABS-material<\/strong><\/p>\n<\/li>\n<li data-section-id=\"1jtkdom\" data-start=\"2509\" data-end=\"2542\">\n<p data-start=\"2511\" data-end=\"2542\"><strong data-start=\"2511\" data-end=\"2542\">Tunn design \u2013 endast 2,9 mm<\/strong><\/p>\n<\/li>\n<li data-section-id=\"1kkzgn0\" data-start=\"2543\" data-end=\"2602\">\n<p data-start=\"2545\" data-end=\"2602\">M\u00f6jlighet till <strong data-start=\"2560\" data-end=\"2602\">lasergravering av nummer eller logotyp<\/strong><\/p>\n<\/li>\n<li data-section-id=\"1j6d40y\" data-start=\"2603\" data-end=\"2639\">\n<p data-start=\"2605\" data-end=\"2639\">Flera <strong data-start=\"2611\" data-end=\"2639\">chipvarianter och f\u00e4rger<\/strong><\/p>\n<\/li>\n<li data-section-id=\"d94i3o\" data-start=\"2640\" data-end=\"2683\">\n<p data-start=\"2642\" data-end=\"2683\">Anpassningsbar f\u00f6r <strong data-start=\"2661\" data-end=\"2683\">projekt och system<\/strong><\/p>\n<\/li>\n<\/ul>","protected":false},"excerpt":{"rendered":"<p>Etiqueta RFID con chip MIFARE DESFire para control de acceso e identificaci\u00f3n.<\/p>\n<p>Fabricado en material ABS resistente con un perfil delgado de 2,9 mm.<\/p>\n<p>Es compatible con sistemas como RCO, Aptus y ASSA ARX, y se puede personalizar con el grabado de n\u00fameros o logotipos.<\/p>","protected":false},"featured_media":163678,"template":"","meta":{"_acf_changed":false},"product_brand":[],"product_cat":[1337,4789],"product_tag":[2314,3137,3136,2074,4806,4146,2095,2958],"class_list":{"0":"post-163744","1":"product","2":"type-product","3":"status-publish","4":"has-post-thumbnail","6":"product_cat-rfid-tagg-abs-plus","7":"product_cat-desfire-4k-tagg","8":"product_tag-desfire-lop-logo","9":"product_tag-desfire-ev2-4k","10":"product_tag-desfire-taggar-kort","11":"product_tag-ej-lagerfraga","12":"product_tag-fungerar-ej-till-yale","13":"product_tag-nxp","14":"product_tag-rfid-500","15":"product_tag-stonehouse-produkt","16":"product_shipping_class-postnord-varubrev","17":"pa_brands-stonehouse-security","18":"pa_chip-teknik-mifare-desfire","19":"pa_chip-teknik-mifare-desfire-4k-minne","20":"pa_farg-vit","21":"pa_sakerhetssystem-rfid-taggar","22":"tm-has-options","24":"first","25":"instock","26":"sale","27":"featured","28":"taxable","29":"shipping-taxable","30":"purchasable","31":"product-type-simple"},"acf":[],"_links":{"self":[{"href":"https:\/\/secureus.se\/es\/wp-json\/wp\/v2\/product\/163744","targetHints":{"allow":["GET"]}}],"collection":[{"href":"https:\/\/secureus.se\/es\/wp-json\/wp\/v2\/product"}],"about":[{"href":"https:\/\/secureus.se\/es\/wp-json\/wp\/v2\/types\/product"}],"wp:featuredmedia":[{"embeddable":true,"href":"https:\/\/secureus.se\/es\/wp-json\/wp\/v2\/media\/163678"}],"wp:attachment":[{"href":"https:\/\/secureus.se\/es\/wp-json\/wp\/v2\/media?parent=163744"}],"wp:term":[{"taxonomy":"product_brand","embeddable":true,"href":"https:\/\/secureus.se\/es\/wp-json\/wp\/v2\/product_brand?post=163744"},{"taxonomy":"product_cat","embeddable":true,"href":"https:\/\/secureus.se\/es\/wp-json\/wp\/v2\/product_cat?post=163744"},{"taxonomy":"product_tag","embeddable":true,"href":"https:\/\/secureus.se\/es\/wp-json\/wp\/v2\/product_tag?post=163744"}],"curies":[{"name":"wp","href":"https:\/\/api.w.org\/{rel}","templated":true}]}}