{"id":163769,"date":"2026-02-25T11:39:43","date_gmt":"2026-02-25T10:39:43","guid":{"rendered":"https:\/\/secureus.se\/securex-vision-5mp-bc9-solkamera\/"},"modified":"2026-04-28T19:58:14","modified_gmt":"2026-04-28T17:58:14","slug":"securex-vision-5mp-bc9-solkamera","status":"publish","type":"product","link":"https:\/\/secureus.se\/es\/securex-vision-5mp-bc9-solkamera\/","title":{"rendered":"C\u00e1mara de vigilancia exterior inal\u00e1mbrica WiFi alimentada por bater\u00eda con panel solar, 5MP, IP66 \u2013 SecureX BC9"},"content":{"rendered":"<h1 data-section-id=\"9cxhyq\" data-start=\"717\" data-end=\"770\">C\u00e1mara solar SecureX Vision BC9 de 5 MP con alimentaci\u00f3n por bater\u00eda y conexi\u00f3n Wi-Fi.<\/h1>\n<p data-start=\"771\" data-end=\"816\">Vigilancia inal\u00e1mbrica exterior sin cables<\/p>\n<p data-start=\"818\" data-end=\"1048\">La SecureX Vision BC9 de 5 MP es una c\u00e1mara de vigilancia alimentada por bater\u00eda, dise\u00f1ada para una f\u00e1cil instalaci\u00f3n sin necesidad de cableado. Es ideal para casas, garajes, entradas, trasteros o casas de veraneo donde el acceso a la electricidad es dif\u00edcil.<\/p>\n<p data-start=\"1050\" data-end=\"1236\">La bater\u00eda recargable se puede cargar mediante el panel solar incluido o mediante USB-C, lo que convierte a la c\u00e1mara en una soluci\u00f3n flexible para lugares donde las c\u00e1maras tradicionales no funcionan.<\/p>\n<p data-start=\"1050\" data-end=\"1236\">Con\u00e9ctate y mira desde cualquier lugar, en cualquier momento. Directamente en tu m\u00f3vil.<\/p>\n<hr data-start=\"1238\" data-end=\"1241\" \/>\n<h1 data-section-id=\"1i11u88\" data-start=\"1243\" data-end=\"1274\">Imagen n\u00edtida con resoluci\u00f3n de 5 MP.<\/h1>\n<p data-start=\"1276\" data-end=\"1438\">Con una resoluci\u00f3n de 5 megap\u00edxeles, obtendr\u00e1 im\u00e1genes de v\u00eddeo n\u00edtidas y con buen nivel de detalle. La c\u00e1mara ofrece una buena visi\u00f3n general de las entradas, caminos de acceso y otras \u00e1reas alrededor de la propiedad.<\/p>\n<p data-start=\"1440\" data-end=\"1513\">El objetivo gran angular de 2,8 mm permite monitorizar una zona m\u00e1s amplia.<\/p>\n<hr data-start=\"1515\" data-end=\"1518\" \/>\n<h1 data-section-id=\"1jaup3x\" data-start=\"1520\" data-end=\"1558\">Conexi\u00f3n WiFi estable con doble banda<\/h1>\n<p data-start=\"1560\" data-end=\"1691\">La c\u00e1mara admite ambos <strong data-start=\"1581\" data-end=\"1607\">WiFi de 2,4 GHz y 5 GHz<\/strong>, lo que proporciona mayor flexibilidad y una conexi\u00f3n m\u00e1s estable dependiendo del entorno de red.<\/p>\n<p data-start=\"1693\" data-end=\"1754\">La instalaci\u00f3n es sencilla y se realiza directamente a trav\u00e9s de la aplicaci\u00f3n m\u00f3vil mediante:<\/p>\n<p data-start=\"1756\" data-end=\"1805\">\u2022 C\u00f3digo QR<br data-start=\"1764\" data-end=\"1767\" \/>\u2022 Emparejamiento autom\u00e1tico mediante Bluetooth<\/p>\n<hr data-start=\"1807\" data-end=\"1810\" \/>\n<h1 data-section-id=\"9q2dkx\" data-start=\"1812\" data-end=\"1848\">Detecci\u00f3n de movimiento inteligente con sirena<\/h1>\n<p data-start=\"1850\" data-end=\"1950\">El sensor PIR integrado detecta movimiento hasta aproximadamente 8 metros. Cuando se detecta movimiento, la c\u00e1mara puede:<\/p>\n<p data-start=\"1952\" data-end=\"2037\">\u2022 enviar notificaciones push a tu tel\u00e9fono m\u00f3vil<br data-start=\"1983\" data-end=\"1986\" \/>\u2022 Iniciar la grabaci\u00f3n de v\u00eddeo<br data-start=\"2010\" data-end=\"2013\" \/>\u2022 Activar la sirena incorporada<\/p>\n<p data-start=\"2039\" data-end=\"2112\">Las notificaciones normalmente se env\u00edan dentro de <strong data-start=\"2068\" data-end=\"2084\">1\u20132 segundos<\/strong> despu\u00e9s de que se detecte movimiento.<\/p>\n<hr data-start=\"2114\" data-end=\"2117\" \/>\n<h1 data-section-id=\"xrok0k\" data-start=\"2119\" data-end=\"2148\">Visi\u00f3n nocturna que se adapta<\/h1>\n<p data-start=\"2150\" data-end=\"2232\">La SecureX Vision BC9 dispone de varios modos nocturnos que permiten que la c\u00e1mara funcione incluso en la oscuridad.<\/p>\n<p data-start=\"2234\" data-end=\"2254\">Puedes elegir entre:<\/p>\n<p data-start=\"2256\" data-end=\"2345\">\u2022 Visi\u00f3n nocturna a todo color con LED blanco<br data-start=\"2289\" data-end=\"2292\" \/>\u2022 Visi\u00f3n nocturna infrarroja<br data-start=\"2307\" data-end=\"2310\" \/>\u2022 Modo inteligente que cambia autom\u00e1ticamente<\/p>\n<p data-start=\"2347\" data-end=\"2407\">Esto permite que la c\u00e1mara proporcione im\u00e1genes n\u00edtidas tanto de d\u00eda como de noche.<\/p>\n<hr data-start=\"2409\" data-end=\"2412\" \/>\n<h1 data-section-id=\"1nyxf94\" data-start=\"2414\" data-end=\"2446\">Audio bidireccional con cancelaci\u00f3n de ruido.<\/h1>\n<p data-start=\"2448\" data-end=\"2524\">Gracias a su micr\u00f3fono y altavoz integrados, puedes comunicarte directamente a trav\u00e9s de la aplicaci\u00f3n m\u00f3vil.<\/p>\n<p data-start=\"2526\" data-end=\"2596\">El audio bidireccional cuenta con reducci\u00f3n de ruido, lo que proporciona un sonido m\u00e1s n\u00edtido durante las llamadas.<\/p>\n<hr data-start=\"2598\" data-end=\"2601\" \/>\n<h1 data-section-id=\"nvf6ex\" data-start=\"2603\" data-end=\"2627\">Grabaci\u00f3n y almacenamiento<\/h1>\n<p data-start=\"2629\" data-end=\"2686\">La c\u00e1mara graba v\u00eddeo autom\u00e1ticamente cuando detecta movimiento.<\/p>\n<p data-start=\"2688\" data-end=\"2713\">El material se puede almacenar en:<\/p>\n<p data-start=\"2715\" data-end=\"2776\">\u2022 Tarjeta MicroSD\/TF de hasta 128 GB<br data-start=\"2750\" data-end=\"2753\" \/>\u2022 Almacenamiento en la nube (opcional)<\/p>\n<p data-start=\"2778\" data-end=\"2826\">Los videoclips se pueden reproducir f\u00e1cilmente directamente en la aplicaci\u00f3n.<\/p>\n<p data-start=\"422\" data-end=\"710\"><img decoding=\"async\" class=\"alignnone wp-image-163832\" src=\"https:\/\/secureus.se\/wp-content\/uploads\/2026\/02\/monlagring-7-dagar-ingar.png\" alt=\"\" width=\"401\" height=\"173\" srcset=\"https:\/\/secureus.se\/wp-content\/uploads\/2026\/02\/monlagring-7-dagar-ingar.png 602w, https:\/\/secureus.se\/wp-content\/uploads\/2026\/02\/monlagring-7-dagar-ingar-18x8.png 18w, https:\/\/secureus.se\/wp-content\/uploads\/2026\/02\/monlagring-7-dagar-ingar-350x151.png 350w, https:\/\/secureus.se\/wp-content\/uploads\/2026\/02\/monlagring-7-dagar-ingar-64x28.png 64w\" sizes=\"(max-width: 401px) 100vw, 401px\" \/><\/p>\n<p data-start=\"422\" data-end=\"710\"><strong data-start=\"73\" data-end=\"127\">Prueba el almacenamiento en la nube gratis durante 7 d\u00edas directamente en la aplicaci\u00f3n.<\/strong><br data-start=\"127\" data-end=\"130\" \/>Las c\u00e1maras SecureX compatibles incluyen una prueba gratuita de almacenamiento en la nube, ideal si desea probar el almacenamiento de v\u00eddeo en la nube como alternativa a las tarjetas de memoria o como copia de seguridad adicional segura.<\/p>\n<hr data-start=\"2828\" data-end=\"2831\" \/>\n<h1 data-section-id=\"1jp7kdw\" data-start=\"2833\" data-end=\"2860\">Funcionamiento con bater\u00eda y panel solar<\/h1>\n<p data-start=\"2862\" data-end=\"2942\">SecureX Vision BC9 utiliza un sistema de bajo consumo energ\u00e9tico.<\/p>\n<p data-start=\"2944\" data-end=\"3042\">Bater\u00eda encendida <strong data-start=\"2957\" data-end=\"2969\">6000 mAh<\/strong> puede contener hasta aprox. <strong data-start=\"2995\" data-end=\"3018\">3 meses en espera<\/strong> dependiendo del uso.<\/p>\n<p data-start=\"3044\" data-end=\"3118\">El panel solar permite que la c\u00e1mara se cargue de forma continua para un tiempo de funcionamiento a\u00fan mayor.<\/p>\n<hr data-start=\"3120\" data-end=\"3123\" \/>\n<h1 data-section-id=\"nb9asf\" data-start=\"3125\" data-end=\"3152\">Dise\u00f1ado para el clima n\u00f3rdico.<\/h1>\n<p data-start=\"3154\" data-end=\"3249\">La c\u00e1mara es resistente a la intemperie con <strong data-start=\"3180\" data-end=\"3198\">Clasificaci\u00f3n IP66<\/strong>, lo que lo hace apto para su uso en exteriores durante todo el a\u00f1o.<\/p>\n<p data-start=\"3251\" data-end=\"3300\">Puede soportar la lluvia, la nieve y las variaciones de temperatura.<\/p>\n<hr data-start=\"3302\" data-end=\"3305\" \/>\n<h1 data-section-id=\"1qbrq6b\" data-start=\"3307\" data-end=\"3332\">Beneficios y caracter\u00edsticas<\/h1>\n<p data-start=\"3334\" data-end=\"3719\">\u2022 Resoluci\u00f3n de 5 MP para im\u00e1genes n\u00edtidas<br data-start=\"3365\" data-end=\"3368\" \/>\u2022 C\u00e1mara alimentada por bater\u00eda con panel solar<br data-start=\"3403\" data-end=\"3406\" \/>\u2022 WiFi de 2,4 GHz y 5 GHz<br data-start=\"3430\" data-end=\"3433\" \/>\u2022 Detecci\u00f3n de movimiento PIR hasta 8 metros<br data-start=\"3474\" data-end=\"3477\" \/>\u2022 Sirena integrada y notificaciones push<br data-start=\"3508\" data-end=\"3511\" \/>\u2022 Visi\u00f3n nocturna a todo color, infrarrojos y modo nocturno inteligente<br data-start=\"3555\" data-end=\"3558\" \/>\u2022 Audio bidireccional con reducci\u00f3n de ruido<br data-start=\"3590\" data-end=\"3593\" \/>\u2022 Emparejamiento mediante c\u00f3digo QR o Bluetooth<br data-start=\"3633\" data-end=\"3636\" \/>\u2022 MicroSD de hasta 128 GB<br data-start=\"3661\" data-end=\"3664\" \/>\u2022 Compatibilidad con almacenamiento en la nube<br data-start=\"3686\" data-end=\"3689\" \/>\u2022 Construcci\u00f3n resistente a la intemperie con clasificaci\u00f3n IP66<\/p>\n<hr data-start=\"3721\" data-end=\"3724\" \/>\n<h1 data-section-id=\"1shnnjv\" data-start=\"3726\" data-end=\"3775\">Especificaciones t\u00e9cnicas SecureX Vision 5MP BC9<\/h1>\n<p data-start=\"3777\" data-end=\"3825\"><strong>Video<\/strong><br data-start=\"3782\" data-end=\"3785\" \/>Resoluci\u00f3n: 5 MP<br data-start=\"3800\" data-end=\"3803\" \/>Lente: gran angular de 2,8 mm<\/p>\n<p data-start=\"3827\" data-end=\"3913\"><strong>Red<\/strong><br data-start=\"3834\" data-end=\"3837\" \/>WiFi: 2,4 GHz y 5 GHz (802.11 b\/g\/n)<br data-start=\"3875\" data-end=\"3878\" \/>Emparejamiento: c\u00f3digo QR o Bluetooth<\/p>\n<p data-start=\"3915\" data-end=\"3980\"><strong>Visi\u00f3n nocturna<\/strong><br data-start=\"3925\" data-end=\"3928\" \/>Visi\u00f3n nocturna a todo color<br data-start=\"3947\" data-end=\"3950\" \/>visi\u00f3n nocturna infrarroja<br data-start=\"3963\" data-end=\"3966\" \/>Modo nocturno inteligente<\/p>\n<p data-start=\"3982\" data-end=\"4048\"><strong>Sonido<\/strong><br data-start=\"3986\" data-end=\"3989\" \/>Audio bidireccional con cancelaci\u00f3n de ruido.<br data-start=\"4019\" data-end=\"4022\" \/>1 micr\u00f3fono y 1 altavoz<\/p>\n<p data-start=\"4050\" data-end=\"4119\"><strong>Detecci\u00f3n de movimiento<\/strong><br data-start=\"4068\" data-end=\"4071\" \/>Sensor PIR: de 0 a 8 metros<br data-start=\"4097\" data-end=\"4100\" \/>Alarma: Sirena incorporada<\/p>\n<p data-start=\"4121\" data-end=\"4188\"><strong>Grabaci\u00f3n<\/strong><br data-start=\"4131\" data-end=\"4134\" \/>Grabaci\u00f3n por detecci\u00f3n de movimiento (PIR)<br data-start=\"4163\" data-end=\"4166\" \/>Reproducci\u00f3n en la aplicaci\u00f3n m\u00f3vil<\/p>\n<p data-start=\"4190\" data-end=\"4256\"><strong>Almacenamiento<\/strong><br data-start=\"4197\" data-end=\"4200\" \/>Tarjeta MicroSD\/TF de hasta 128 GB<br data-start=\"4233\" data-end=\"4236\" \/>Soporte para almacenamiento en la nube<\/p>\n<p data-start=\"4258\" data-end=\"4345\"><strong>Actual<\/strong><br data-start=\"4263\" data-end=\"4266\" \/>Bater\u00eda: recargable de 6000 mAh<br data-start=\"4300\" data-end=\"4303\" \/>Panel solar: 1,4 W<br data-start=\"4318\" data-end=\"4321\" \/>Carga: USB-C DC 5V 1A<\/p>\n<p data-start=\"4347\" data-end=\"4375\"><strong>Ambiente<\/strong><br data-start=\"4352\" data-end=\"4355\" \/>Clase de protecci\u00f3n: IP66<\/p>\n<p data-start=\"4377\" data-end=\"4482\"><strong>Aplicaci\u00f3n<\/strong><br data-start=\"4380\" data-end=\"4383\" \/>Aplicaci\u00f3n: <strong>Casa de piedra inteligente<\/strong> Tuya \/ Vida inteligente\u00a0<br data-start=\"4424\" data-end=\"4427\" \/>Notificaciones push: aproximadamente 1-2 segundos<br data-start=\"4455\" data-end=\"4458\" \/>Tiempo de activaci\u00f3n: en 600 ms<\/p>","protected":false},"excerpt":{"rendered":"<p data-start=\"422\" data-end=\"710\">La SecureX Vision BC9 es una c\u00e1mara de vigilancia de 5 MP alimentada por bater\u00eda con panel solar para una f\u00e1cil instalaci\u00f3n sin necesidad de cableado.<\/p>\n<p data-start=\"422\" data-end=\"710\">Conexi\u00f3n WiFi de 2,4 GHz y 5 GHz con detecci\u00f3n de movimiento PIR, visi\u00f3n nocturna a todo color, audio bidireccional y grabaci\u00f3n de eventos.<\/p>\n<p data-start=\"422\" data-end=\"710\"><strong>No requiere suscripci\u00f3n y estar\u00e1 listo para usarlo en 2 segundos.<\/strong> Se controla de forma gratuita mediante la aplicaci\u00f3n Stonehouse Smart (o Tuya \/ SmartLife).<\/p>\n<p data-start=\"422\" data-end=\"710\">","protected":false},"featured_media":163776,"template":"","meta":{"_acf_changed":false},"product_brand":[],"product_cat":[5125,5124,5126,5127],"product_tag":[],"class_list":{"0":"post-163769","1":"product","2":"type-product","3":"status-publish","4":"has-post-thumbnail","6":"product_cat-overvakningskameror-inomhus","7":"product_cat-batteridrivna-overvakningskameror","8":"product_cat-natverkskameror","9":"product_cat-overvakningskameror-utomhus","10":"pa_brands-securex-vision","11":"pa_brands-stonehouse-smart","12":"tm-no-options","14":"first","15":"instock","16":"taxable","17":"shipping-taxable","18":"purchasable","19":"product-type-simple"},"acf":[],"_links":{"self":[{"href":"https:\/\/secureus.se\/es\/wp-json\/wp\/v2\/product\/163769","targetHints":{"allow":["GET"]}}],"collection":[{"href":"https:\/\/secureus.se\/es\/wp-json\/wp\/v2\/product"}],"about":[{"href":"https:\/\/secureus.se\/es\/wp-json\/wp\/v2\/types\/product"}],"wp:featuredmedia":[{"embeddable":true,"href":"https:\/\/secureus.se\/es\/wp-json\/wp\/v2\/media\/163776"}],"wp:attachment":[{"href":"https:\/\/secureus.se\/es\/wp-json\/wp\/v2\/media?parent=163769"}],"wp:term":[{"taxonomy":"product_brand","embeddable":true,"href":"https:\/\/secureus.se\/es\/wp-json\/wp\/v2\/product_brand?post=163769"},{"taxonomy":"product_cat","embeddable":true,"href":"https:\/\/secureus.se\/es\/wp-json\/wp\/v2\/product_cat?post=163769"},{"taxonomy":"product_tag","embeddable":true,"href":"https:\/\/secureus.se\/es\/wp-json\/wp\/v2\/product_tag?post=163769"}],"curies":[{"name":"wp","href":"https:\/\/api.w.org\/{rel}","templated":true}]}}