{"id":163803,"date":"2026-04-09T15:34:57","date_gmt":"2026-04-09T13:34:57","guid":{"rendered":"https:\/\/secureus.se\/?post_type=product&#038;p=163803"},"modified":"2026-04-09T16:08:51","modified_gmt":"2026-04-09T14:08:51","slug":"securex-connect-pro-larmpaket-villa-stor-svensk-version","status":"publish","type":"product","link":"https:\/\/secureus.se\/es\/securex-connect-pro-larmpaket-villa-stor-svensk-version\/","title":{"rendered":"Paquete de alarma SecureX Connect Pro para villas grandes \u2013 Versi\u00f3n sueca"},"content":{"rendered":"<h2>Kit SecureX Connect Pro \u2013 Versi\u00f3n sueca (Paquete completo para villa grande)<\/h2>\n<p>Alarma sin suscripci\u00f3n con 3 a\u00f1os de garant\u00eda y soporte completo a trav\u00e9s de Swedish Stonehouse Security AB.<strong> \u00a1Precio extra bajo!<\/strong><\/p>\n<p>SecureX Connect Pro es el coraz\u00f3n del sistema SecureX: un potente centro de alarmas con <strong>Pantalla t\u00e1ctil de 7 pulgadas<\/strong> que re\u00fane todos los dispositivos SecureX en un \u00fanico sistema.<\/p>\n<p>Con el sencillo men\u00fa de inicio, cualquiera puede configurar la alarma en unos 30 minutos; el men\u00fa muestra en sueco c\u00f3mo hacerlo., <span style=\"text-decoration: underline;\"><strong>El men\u00fa siempre se mostrar\u00e1 en el idioma que hayas seleccionado.<\/strong><\/span> tenerlo como est\u00e1ndar.<\/p>\n<p>En caso de alarma, las sirenas se activar\u00e1n y recibir\u00e1s la notificaci\u00f3n en tu tel\u00e9fono m\u00f3vil a trav\u00e9s de la aplicaci\u00f3n. Si has seleccionado y configurado una tarjeta SIM 4G, recibir\u00e1s un SMS y un mensaje de voz en tu tel\u00e9fono.<\/p>\n<p>La voz anuncia en tu idioma qu\u00e9 secci\u00f3n se ha activado y tambi\u00e9n puedes escuchar lo que sucede en tu propiedad. Si tienes, por ejemplo, una alarma SOS silenciosa, la persona puede hablarte y puedes comunicarte con ella a trav\u00e9s del micr\u00f3fono integrado del concentrador.<\/p>\n<p>La alarma SecureX <strong>Panel (con pantalla y texto plano), mensajes de voz y aplicaci\u00f3n Stonehouse Smart<\/strong> Disponible en:<\/p>\n<p><em><strong><span style=\"text-decoration: underline;\">Sueco, ingl\u00e9s, alem\u00e1n, finland\u00e9s, franc\u00e9s, holand\u00e9s, polaco, espa\u00f1ol, noruego y dan\u00e9s.<\/span><\/strong><\/em><\/p>\n<hr \/>\n<ul>\n<li>Pantalla t\u00e1ctil de 7\u201d con largo alcance\/LoRa<\/li>\n<li>Arriba a <strong>200 dispositivos inal\u00e1mbricos<\/strong><\/li>\n<li><strong>Wi-Fi, 2G y 4G<\/strong> para la conexi\u00f3n<\/li>\n<li>Sirena incorporada (hasta 120dB) + <strong>bater\u00eda de respaldo de 5000 mAh<\/strong><\/li>\n<li>Control remoto y notificaciones mediante aplicaci\u00f3n<\/li>\n<li>F\u00e1cil de ampliar si es necesario.<\/li>\n<\/ul>\n<hr \/>\n<h3>Caracter\u00edsticas y beneficios<\/h3>\n<ul>\n<li><strong>Pantalla t\u00e1ctil IPS de 7\u201d (1024\u00d7600)<\/strong> \u2013 claro y f\u00e1cil de usar<\/li>\n<li>Protocolos integrados: <strong>433 MHz (EV1527)<\/strong> y <strong>868 MHz<\/strong> con cifrado SecureX<\/li>\n<li><strong>Largo alcance<\/strong> \u2013 hasta aprox. <strong>500 metros<\/strong> alcance (l\u00ednea de visi\u00f3n)<\/li>\n<li>Soporte h\u00edbrido: <strong>200 dispositivos inal\u00e1mbricos + 8 zonas cableadas<\/strong><\/li>\n<li>Sirena incorporada + <strong>alarma de sabotaje<\/strong><\/li>\n<li><strong>Bater\u00eda de respaldo de 5000 mAh<\/strong> \u2013 funcionamiento incluso durante cortes de electricidad<\/li>\n<li>Comunicaci\u00f3n bidireccional y m\u00faltiples n\u00fameros de emergencia<\/li>\n<li><strong>Actualizaciones OTA gratuitas<\/strong> a trav\u00e9s de la aplicaci\u00f3n Stonehouse Smart<\/li>\n<li><strong>10 idiomas + informaci\u00f3n de voz:<\/strong> Sueco, noruego, dan\u00e9s, finland\u00e9s, ingl\u00e9s, alem\u00e1n, polaco, franc\u00e9s, espa\u00f1ol, holand\u00e9s<\/li>\n<li>F\u00e1cil instalaci\u00f3n mediante <strong>USB-C o 12 V<\/strong><\/li>\n<\/ul>\n<hr \/>\n<h3>Integraciones inteligentes y de aplicaciones<\/h3>\n<ul>\n<li>Control total a trav\u00e9s de <strong>La aplicaci\u00f3n Stonehouse Smart<\/strong><\/li>\n<li><strong>Tuya y vida inteligente<\/strong> compatible (a trav\u00e9s del concentrador)<\/li>\n<li>Posibilidad de crear escenas\/automatizaciones (por ejemplo iluminaci\u00f3n en caso de alarma)<\/li>\n<li>Apoyo para <strong>Asistente de Google<\/strong><\/li>\n<\/ul>\n<hr \/>\n<h3>Certificaciones y calidad<\/h3>\n<ul>\n<li>CE<\/li>\n<li>RoHS<\/li>\n<li>ALCANZAR<\/li>\n<li>Identificaci\u00f3n de la FCC (H700)<\/li>\n<li>UKCA (H700)<\/li>\n<li>ERP \u2013 dise\u00f1o energ\u00e9ticamente eficiente<\/li>\n<\/ul>\n<hr \/>\n<h3>Esto est\u00e1 incluido en el kit para villas SecureX Connect Pro.<\/h3>\n<ul>\n<li><strong>1 pieza<\/strong> Panel SecureX Connect Pro: panel LoRa de 7\u201d con pantalla t\u00e1ctil<\/li>\n<li><strong>2 piezas<\/strong> Controles remotos SecureX QuickControl<\/li>\n<li><strong>4 piezas<\/strong> SecureX MotionEye Pro \u2013 Detector de movimiento PIR<\/li>\n<li><strong>4 piezas<\/strong> SecureX DoorSense Pro: contacto magn\u00e9tico para puertas y ventanas<\/li>\n<li><strong>3 piezas<\/strong> SecureX SmokeGuard: detector de humo interconectado con una vida \u00fatil de 10 a\u00f1os.<\/li>\n<li><strong>3 piezas<\/strong> Pegatinas de alarma autoadhesivas de aluminio en tama\u00f1o (A8) 52x74 mm<\/li>\n<li>Soporte de panel para montaje<\/li>\n<li>Tornillos y tacos para montaje en panel<\/li>\n<\/ul>\n<p>&nbsp;<\/p>","protected":false},"excerpt":{"rendered":"<div class=\"flex flex-col text-sm pb-25\">\n<section class=\"text-token-text-primary w-full focus:outline-none [--shadow-height:45px] has-data-writing-block:pointer-events-none has-data-writing-block:-mt-(--shadow-height) has-data-writing-block:pt-(--shadow-height) [&amp;:has([data-writing-block])&gt;*]:pointer-events-auto scroll-mt-[calc(var(--header-height)+min(200px,max(70px,20svh)))]\" dir=\"auto\" data-turn-id=\"request-WEB:49b43856-904b-4adc-a395-8f9ed8638279-13\" data-testid=\"conversation-turn-28\" data-scroll-anchor=\"true\" data-turn=\"assistant\">\n<div class=\"text-base my-auto mx-auto pb-10 [--thread-content-margin:var(--thread-content-margin-xs,calc(var(--spacing)*4))] @w-sm\/main:[--thread-content-margin:var(--thread-content-margin-sm,calc(var(--spacing)*6))] @w-lg\/main:[--thread-content-margin:var(--thread-content-margin-lg,calc(var(--spacing)*16))] px-(--thread-content-margin)\">\n<div class=\"[--thread-content-max-width:40rem] @w-lg\/main:[--thread-content-max-width:48rem] mx-auto max-w-(--thread-content-max-width) flex-1 group\/turn-messages focus-visible:outline-hidden relative flex w-full min-w-0 flex-col agent-turn\">\n<div class=\"flex max-w-full flex-col gap-4 grow\">\n<div class=\"min-h-8 text-message relative flex w-full flex-col items-end gap-2 text-start break-words whitespace-normal outline-none keyboard-focused:focus-ring [.text-message+&amp;]:mt-1\" dir=\"auto\" tabindex=\"0\" data-message-author-role=\"assistant\" data-message-id=\"1d784d06-f863-40b2-9537-d62fccac1cf5\" data-message-model-slug=\"gpt-5-4-thinking\" data-turn-start-message=\"true\">\n<div class=\"flex w-full flex-col gap-1 empty:hidden\">\n<div class=\"markdown prose dark:prose-invert w-full wrap-break-word light markdown-new-styling\">\n<p data-start=\"69\" data-end=\"187\"><strong data-start=\"69\" data-end=\"102\">SecureX Connect Pro Villa paket stor<\/strong>\u00a0\u00e4r ett komplett och ut\u00f6kat larmpaket f\u00f6r villa med skydd mot b\u00e5de inbrott och brand.<\/p>\n<p data-start=\"734\" data-end=\"904\">Den <strong data-start=\"738\" data-end=\"762\">enkla uppstartsmenyn<\/strong> guidar dig steg f\u00f6r steg vid installationen, vilket g\u00f6r systemet smidigt att komma ig\u00e5ng med \u00e4ven f\u00f6r dig som inte installerat larm tidigare.<\/p>\n<p data-start=\"1073\" data-end=\"1209\"><strong data-start=\"1073\" data-end=\"1116\">Panel, app och r\u00f6stmeddelanden finns p\u00e5<\/strong> svenska, engelska, tyska, finska, franska, nederl\u00e4ndska, polska, spanska, norska och danska.<\/p>\n<p data-start=\"1211\" data-end=\"1276\"><strong data-start=\"1211\" data-end=\"1230\">Certifieringar:<\/strong> CE, RoHS, REACH, FCC ID (H700), UKCA och ERP.<\/p>\n<p data-start=\"1278\" data-end=\"1394\" data-is-last-node=\"\" data-is-only-node=\"\">Larmet \u00e4r <strong data-start=\"1288\" data-end=\"1307\">utan abonnemang<\/strong>, levereras med <strong data-start=\"1323\" data-end=\"1340\">3 \u00e5rs garanti<\/strong> och support.<\/p>\n<\/div>\n<\/div>\n<\/div>\n<\/div>\n<\/div>\n<\/div>\n<\/section>\n<\/div>\n<div class=\"pointer-events-none h-px w-px absolute bottom-0\" aria-hidden=\"true\" data-edge=\"true\"><\/div>\n","protected":false},"featured_media":164317,"template":"","meta":{"_acf_changed":false},"product_brand":[],"product_cat":[5060,5059],"product_tag":[],"class_list":{"0":"post-163803","1":"product","2":"type-product","3":"status-publish","4":"has-post-thumbnail","6":"product_cat-securex-kit-hub","7":"product_cat-smart-larm-securex","8":"pa_brands-securex-connect-pro","9":"pa_brands-stonehouse-smart","10":"tm-no-options","12":"first","13":"instock","14":"sale","15":"taxable","16":"shipping-taxable","17":"purchasable","18":"product-type-woosb"},"acf":[],"_links":{"self":[{"href":"https:\/\/secureus.se\/es\/wp-json\/wp\/v2\/product\/163803","targetHints":{"allow":["GET"]}}],"collection":[{"href":"https:\/\/secureus.se\/es\/wp-json\/wp\/v2\/product"}],"about":[{"href":"https:\/\/secureus.se\/es\/wp-json\/wp\/v2\/types\/product"}],"wp:featuredmedia":[{"embeddable":true,"href":"https:\/\/secureus.se\/es\/wp-json\/wp\/v2\/media\/164317"}],"wp:attachment":[{"href":"https:\/\/secureus.se\/es\/wp-json\/wp\/v2\/media?parent=163803"}],"wp:term":[{"taxonomy":"product_brand","embeddable":true,"href":"https:\/\/secureus.se\/es\/wp-json\/wp\/v2\/product_brand?post=163803"},{"taxonomy":"product_cat","embeddable":true,"href":"https:\/\/secureus.se\/es\/wp-json\/wp\/v2\/product_cat?post=163803"},{"taxonomy":"product_tag","embeddable":true,"href":"https:\/\/secureus.se\/es\/wp-json\/wp\/v2\/product_tag?post=163803"}],"curies":[{"name":"wp","href":"https:\/\/api.w.org\/{rel}","templated":true}]}}