{"id":163805,"date":"2026-03-30T16:41:09","date_gmt":"2026-03-30T14:41:09","guid":{"rendered":"https:\/\/secureus.se\/?post_type=product&#038;p=163805"},"modified":"2026-05-06T11:33:39","modified_gmt":"2026-05-06T09:33:39","slug":"skylt-kameraovervakning-vinyl-10x15cm-a6","status":"publish","type":"product","link":"https:\/\/secureus.se\/es\/skylt-kameraovervakning-vinyl-10x15cm-a6\/","title":{"rendered":"Adhesivo de videovigilancia \u2013 PVC (una sola cara)"},"content":{"rendered":"<h2>Adhesivo de videovigilancia \u2013 PVC (una sola cara)<\/h2>\n<p>Esta pegatina de PVC para c\u00e1maras de vigilancia es una soluci\u00f3n sencilla y eficaz para delimitar claramente las zonas vigiladas. Fabricada con material resistente, es perfecta tanto para interiores como para exteriores, ya sea en el hogar, en un negocio, en una tienda o en cualquier otro tipo de propiedad.<\/p>\n<p>La pegatina est\u00e1 disponible en varios tama\u00f1os y dise\u00f1os, incluyendo tanto el cl\u00e1sico de videovigilancia como el de c\u00e1maras de vigilancia\/TV. Puedes elegir f\u00e1cilmente la opci\u00f3n que mejor se adapte a tus necesidades y ubicaci\u00f3n.<\/p>\n<p><!--more--><\/p>\n<h2>Etiquetado claro y disuasorio<\/h2>\n<p>Una pegatina visible de vigilancia por c\u00e1mara act\u00faa como un eficaz elemento disuasorio contra robos, vandalismo y entradas no autorizadas. Su dise\u00f1o claro permite que el mensaje se entienda r\u00e1pidamente, incluso a distancia o en condiciones de poca luz.<\/p>\n<h2>Instalaci\u00f3n flexible y sencilla<\/h2>\n<p>La pegatina es autoadhesiva y se puede colocar de forma r\u00e1pida y sencilla en superficies lisas como cristales, puertas, paredes o letreros. Ideal si buscas una soluci\u00f3n pr\u00e1ctica sin necesidad de taladrar ni usar tornillos.<\/p>\n<h2>Adecuado para muchos entornos diferentes.<\/h2>\n<p>Nuestros vinilos decorativos de PVC son una opci\u00f3n popular tanto para entornos privados como comerciales:<\/p>\n<ul>\n<li><strong>Hogar<\/strong> \u2013 entrada, ventanas, garaje y linderos de la parcela<\/li>\n<li><strong>Negocio<\/strong> \u2013 oficinas, almacenes y propiedades<\/li>\n<li><strong>V\u00edveres<\/strong> \u2013 entradas, zonas de cajas y escaparates<\/li>\n<li><strong>Bienes ra\u00edces<\/strong> \u2013 \u00e1reas comunes y estacionamientos<\/li>\n<\/ul>\n<h2>Beneficios del producto<\/h2>\n<ul>\n<li>Soluci\u00f3n rentable para un marcado claro<\/li>\n<li>Material de PVC duradero<\/li>\n<li>F\u00e1cil instalaci\u00f3n gracias a su reverso autoadhesivo.<\/li>\n<li>Apto para uso tanto en interiores como en exteriores.<\/li>\n<li>Disponible en varios tama\u00f1os y dise\u00f1os.<\/li>\n<\/ul>\n<h2>Presupuesto<\/h2>\n<ul>\n<li>Material: PVC (vinilo)<\/li>\n<li>Dise\u00f1o: Calcoman\u00eda de una sola cara<\/li>\n<li>Montaje: Autoadhesivo<\/li>\n<li>Uso: Interior y exterior<\/li>\n<li>Tallas: Varias opciones (ver opciones arriba)<\/li>\n<\/ul>\n<h2>Una medida de seguridad sencilla con un gran impacto.<\/h2>\n<p>Se\u00f1alizar las c\u00e1maras de vigilancia es una forma sencilla de aumentar la seguridad y reducir el riesgo de incidentes no deseados. Con esta pegatina de PVC, obtendr\u00e1 una soluci\u00f3n flexible y econ\u00f3mica que marca una gran diferencia en la pr\u00e1ctica.<\/p>","protected":false},"excerpt":{"rendered":"<p><strong>Elige talla y dise\u00f1o.<\/strong> Recomendamos colocar entre 2 y 4 vinilos decorativos, seg\u00fan el tama\u00f1o de la propiedad; por ejemplo, en la entrada, las ventanas y la parte trasera. Tenga en cuenta que algunos dise\u00f1os solo est\u00e1n disponibles en ciertos tama\u00f1os, pero pueden estar disponibles en otros materiales.<\/p>","protected":false},"featured_media":156678,"template":"","meta":{"_acf_changed":false},"product_brand":[],"product_cat":[3227,1793],"product_tag":[],"class_list":{"0":"post-163805","1":"product","2":"type-product","3":"status-publish","4":"has-post-thumbnail","6":"product_cat-kameraovervakning-skylt","7":"product_cat-kameraskyltar","8":"product_shipping_class-postnord-varubrev","9":"pa_brands-secureus","10":"tm-no-options","12":"first","13":"instock","14":"taxable","15":"shipping-taxable","16":"purchasable","17":"product-type-variable"},"acf":[],"_links":{"self":[{"href":"https:\/\/secureus.se\/es\/wp-json\/wp\/v2\/product\/163805","targetHints":{"allow":["GET"]}}],"collection":[{"href":"https:\/\/secureus.se\/es\/wp-json\/wp\/v2\/product"}],"about":[{"href":"https:\/\/secureus.se\/es\/wp-json\/wp\/v2\/types\/product"}],"wp:featuredmedia":[{"embeddable":true,"href":"https:\/\/secureus.se\/es\/wp-json\/wp\/v2\/media\/156678"}],"wp:attachment":[{"href":"https:\/\/secureus.se\/es\/wp-json\/wp\/v2\/media?parent=163805"}],"wp:term":[{"taxonomy":"product_brand","embeddable":true,"href":"https:\/\/secureus.se\/es\/wp-json\/wp\/v2\/product_brand?post=163805"},{"taxonomy":"product_cat","embeddable":true,"href":"https:\/\/secureus.se\/es\/wp-json\/wp\/v2\/product_cat?post=163805"},{"taxonomy":"product_tag","embeddable":true,"href":"https:\/\/secureus.se\/es\/wp-json\/wp\/v2\/product_tag?post=163805"}],"curies":[{"name":"wp","href":"https:\/\/api.w.org\/{rel}","templated":true}]}}