{"id":163930,"date":"2026-04-01T15:47:37","date_gmt":"2026-04-01T13:47:37","guid":{"rendered":"https:\/\/secureus.se\/?post_type=product&#038;p=163930"},"modified":"2026-04-01T15:48:34","modified_gmt":"2026-04-01T13:48:34","slug":"axis-p3275-lve-2mp-dome-kamera-for-utomhusbruk-med-ai-analytics-10-mm-objektiv","status":"publish","type":"product","link":"https:\/\/secureus.se\/es\/axis-p3275-lve-2mp-dome-kamera-for-utomhusbruk-med-ai-analytics-10-mm-objektiv\/","title":{"rendered":"AXIS P3275-LVE 2MP Dome-kamera f\u00f6r utomhusbruk med AI Analytics, 10 mm objektiv"},"content":{"rendered":"","protected":false},"excerpt":{"rendered":"<p>C\u00e1mara domo para exteriores AXIS P3275-LVE de 2 MP con an\u00e1lisis de IA y lente de 10 mm.<\/p>","protected":false},"featured_media":163929,"template":"","meta":{"_acf_changed":false},"product_brand":[],"product_cat":[4950],"product_tag":[],"class_list":{"0":"post-163930","1":"product","2":"type-product","3":"status-publish","4":"has-post-thumbnail","6":"product_cat-axis-domekameror","7":"tm-no-options","9":"first","10":"onbackorder","11":"sale","12":"taxable","13":"shipping-taxable","14":"purchasable","15":"product-type-simple"},"acf":[],"_links":{"self":[{"href":"https:\/\/secureus.se\/es\/wp-json\/wp\/v2\/product\/163930","targetHints":{"allow":["GET"]}}],"collection":[{"href":"https:\/\/secureus.se\/es\/wp-json\/wp\/v2\/product"}],"about":[{"href":"https:\/\/secureus.se\/es\/wp-json\/wp\/v2\/types\/product"}],"wp:featuredmedia":[{"embeddable":true,"href":"https:\/\/secureus.se\/es\/wp-json\/wp\/v2\/media\/163929"}],"wp:attachment":[{"href":"https:\/\/secureus.se\/es\/wp-json\/wp\/v2\/media?parent=163930"}],"wp:term":[{"taxonomy":"product_brand","embeddable":true,"href":"https:\/\/secureus.se\/es\/wp-json\/wp\/v2\/product_brand?post=163930"},{"taxonomy":"product_cat","embeddable":true,"href":"https:\/\/secureus.se\/es\/wp-json\/wp\/v2\/product_cat?post=163930"},{"taxonomy":"product_tag","embeddable":true,"href":"https:\/\/secureus.se\/es\/wp-json\/wp\/v2\/product_tag?post=163930"}],"curies":[{"name":"wp","href":"https:\/\/api.w.org\/{rel}","templated":true}]}}