{"id":164185,"date":"2026-04-07T17:21:39","date_gmt":"2026-04-07T15:21:39","guid":{"rendered":"https:\/\/secureus.se\/?post_type=product&#038;p=164185"},"modified":"2026-04-23T12:31:36","modified_gmt":"2026-04-23T10:31:36","slug":"fargo-dtc-hdp-rengoringskort-isopropylalkohol-10-pack-081233","status":"publish","type":"product","link":"https:\/\/secureus.se\/es\/fargo-dtc-hdp-rengoringskort-isopropylalkohol-10-pack-081233\/","title":{"rendered":"Tarjetas de limpieza Fargo DTC HDP con alcohol isoprop\u00edlico \u2013 Paquete de 10 (081233)"},"content":{"rendered":"<p>El kit Fargo 82133 incluye diez tarjetas de limpieza con alcohol isoprop\u00edlico. Estas tarjetas limpian el polvo, los residuos, el aceite y los restos de tinta de los rodillos de las impresoras de tarjetas de pl\u00e1stico Fargo, lo que ayuda a prolongar la vida \u00fatil de la impresora y a mantener una calidad de impresi\u00f3n uniforme.<\/p>\n<ul>\n<li>Se vende en paquetes de 10.<\/li>\n<li>Compatible con Fargo DTC1000, DTC300, DTC400, DTC4000, DTC400e, DTC4500, DTC500, DTC510, DTC515, DTC520, DTC525, DTC550 y HDP5000.<\/li>\n<li>N\u00famero de pieza del fabricante: 81233<\/li>\n<\/ul>\n<p>\n <strong><br \/>\n Peso del producto:<br \/>\n 0,40 kilogramos<br \/>\n <\/strong>\n <\/p>","protected":false},"excerpt":{"rendered":"<p>The Fargo 82133 kit includes ten alcohol isopropyl cleaning cards. The cards clean dust, debris, oil and ink residue from Fargo plastic card printer card rollers to help enhance the<\/p>","protected":false},"featured_media":164182,"template":"","meta":{"_acf_changed":false},"product_brand":[],"product_cat":[4807],"product_tag":[],"class_list":{"0":"post-164185","1":"product","2":"type-product","3":"status-publish","4":"has-post-thumbnail","6":"product_cat-rengoringskit","7":"product_shipping_class-postnord-varubrev","8":"pa_brands-fargo","9":"tm-no-options","11":"first","12":"outofstock","13":"taxable","14":"shipping-taxable","15":"purchasable","16":"product-type-simple"},"acf":[],"_links":{"self":[{"href":"https:\/\/secureus.se\/es\/wp-json\/wp\/v2\/product\/164185","targetHints":{"allow":["GET"]}}],"collection":[{"href":"https:\/\/secureus.se\/es\/wp-json\/wp\/v2\/product"}],"about":[{"href":"https:\/\/secureus.se\/es\/wp-json\/wp\/v2\/types\/product"}],"wp:featuredmedia":[{"embeddable":true,"href":"https:\/\/secureus.se\/es\/wp-json\/wp\/v2\/media\/164182"}],"wp:attachment":[{"href":"https:\/\/secureus.se\/es\/wp-json\/wp\/v2\/media?parent=164185"}],"wp:term":[{"taxonomy":"product_brand","embeddable":true,"href":"https:\/\/secureus.se\/es\/wp-json\/wp\/v2\/product_brand?post=164185"},{"taxonomy":"product_cat","embeddable":true,"href":"https:\/\/secureus.se\/es\/wp-json\/wp\/v2\/product_cat?post=164185"},{"taxonomy":"product_tag","embeddable":true,"href":"https:\/\/secureus.se\/es\/wp-json\/wp\/v2\/product_tag?post=164185"}],"curies":[{"name":"wp","href":"https:\/\/api.w.org\/{rel}","templated":true}]}}