{"id":164262,"date":"2026-04-08T16:17:10","date_gmt":"2026-04-08T14:17:10","guid":{"rendered":"https:\/\/secureus.se\/magicard-300-duo-id-kortsskrivare-med-kodare-for-magnetremsa-dubbelsidig\/"},"modified":"2026-04-23T12:29:01","modified_gmt":"2026-04-23T10:29:01","slug":"magicard-300-duo-id-kortsskrivare-med-kodare-for-magnetremsa-dubbelsidig","status":"publish","type":"product","link":"https:\/\/secureus.se\/es\/magicard-300-duo-id-kortsskrivare-med-kodare-for-magnetremsa-dubbelsidig\/","title":{"rendered":"Impresora de tarjetas de identificaci\u00f3n Magicard 300 DUO con codificador de banda magn\u00e9tica \u2013 Doble cara"},"content":{"rendered":"<h3 data-section-id=\"1p6qzav\" data-start=\"749\" data-end=\"826\">Magicard 300 DUO \u2013 ID-kortsskrivare med magnetremsa f\u00f6r daglig anv\u00e4ndning<\/h3>\n<p data-start=\"828\" data-end=\"1087\">Magicard 300 DUO (P-MAG-3300-0022) \u00e4r en flexibel och kostnadseffektiv ID-kortsskrivare med inbyggd magnetremskodning. Den \u00e4r utvecklad f\u00f6r f\u00f6retag, skolor och organisationer som beh\u00f6ver producera funktionella kort f\u00f6r b\u00e5de identifiering och systemanv\u00e4ndning.<\/p>\n<p data-start=\"1089\" data-end=\"1275\">Den passar perfekt i milj\u00f6er d\u00e4r kort anv\u00e4nds i passersystem, medlemsregister eller tidssystem och d\u00e4r stabil drift och enkel anv\u00e4ndning \u00e4r viktigare \u00e4n avancerade enterprise-funktioner.<\/p>\n<hr data-start=\"1277\" data-end=\"1280\" \/>\n<h3 data-section-id=\"1wm78rs\" data-start=\"1282\" data-end=\"1327\">Magnetremskodning f\u00f6r bred kompatibilitet<\/h3>\n<p data-start=\"1329\" data-end=\"1438\">Skrivaren \u00e4r utrustad med magnetkodning enligt ISO-standard (HiCo och LoCo), vilket g\u00f6r att du kan producera:<\/p>\n<ul data-start=\"1440\" data-end=\"1538\">\n<li data-section-id=\"1h53p7w\" data-start=\"1440\" data-end=\"1454\">Tarjeta de acceso<\/li>\n<li data-section-id=\"1hu0lpe\" data-start=\"1455\" data-end=\"1486\">Tarjeta de empleado con autorizaci\u00f3n<\/li>\n<li data-section-id=\"15h7qs1\" data-start=\"1487\" data-end=\"1502\">Tarjeta de membres\u00eda<\/li>\n<li data-section-id=\"vjf6bz\" data-start=\"1503\" data-end=\"1538\">Tarjetas del sistema de control de asistencia y horario<\/li>\n<\/ul>\n<p data-start=\"1540\" data-end=\"1611\">En enkel och bepr\u00f6vad l\u00f6sning som fungerar med m\u00e5nga befintliga system.<\/p>\n<hr data-start=\"1613\" data-end=\"1616\" \/>\n<h3 data-section-id=\"vxhmmy\" data-start=\"1618\" data-end=\"1653\">Calidad de impresi\u00f3n profesional<\/h3>\n<p data-start=\"1655\" data-end=\"1717\">La Magicard 300 ofrece impresiones a 300 x 300 ppp, proporcionando:<\/p>\n<ul data-start=\"1719\" data-end=\"1787\">\n<li data-section-id=\"phpm8s\" data-start=\"1719\" data-end=\"1742\">Fotograf\u00edas n\u00edtidas<\/li>\n<li data-section-id=\"w9cw7n\" data-start=\"1743\" data-end=\"1763\">Logotipos n\u00edtidos<\/li>\n<li data-section-id=\"1u9ihby\" data-start=\"1764\" data-end=\"1787\">Buena reproducci\u00f3n del color<\/li>\n<\/ul>\n<p data-start=\"1789\" data-end=\"1932\">Perfekt f\u00f6r organisationer som vill ha snygga och professionella kort utan att g\u00e5 upp i premiumsegmentet.<\/p>\n<hr data-start=\"1934\" data-end=\"1937\" \/>\n<h3 data-section-id=\"jeuuy4\" data-start=\"1939\" data-end=\"1980\">Impresi\u00f3n a doble cara para mayor funcionalidad.<\/h3>\n<p data-start=\"1982\" data-end=\"2039\">Med duplex-utskrift kan du utnyttja b\u00e5da sidor av kortet:<\/p>\n<ul data-start=\"2041\" data-end=\"2122\">\n<li data-section-id=\"hm56il\" data-start=\"2041\" data-end=\"2073\">Anverso: foto e identidad<\/li>\n<li data-section-id=\"uidnes\" data-start=\"2074\" data-end=\"2122\">Baksida: streckkod, regler eller information<\/li>\n<\/ul>\n<p data-start=\"2124\" data-end=\"2165\">Ger mer funktionella och anv\u00e4ndbara kort.<\/p>\n<hr data-start=\"2167\" data-end=\"2170\" \/>\n<h3 data-section-id=\"1hx0kiy\" data-start=\"2172\" data-end=\"2210\">Effektiv och stabil kortproduktion<\/h3>\n<p data-start=\"2212\" data-end=\"2256\">Magicard 300 \u00e4r byggd f\u00f6r daglig anv\u00e4ndning:<\/p>\n<ul data-start=\"2258\" data-end=\"2363\">\n<li data-section-id=\"78jwjh\" data-start=\"2258\" data-end=\"2293\">Hasta 160 tarjetas de color por hora<\/li>\n<li data-section-id=\"1t4kpyp\" data-start=\"2294\" data-end=\"2335\">Hasta 720 tarjetas monocrom\u00e1ticas por hora<\/li>\n<li data-section-id=\"td1inv\" data-start=\"2336\" data-end=\"2363\">Ca 23 sekunder per kort<\/li>\n<\/ul>\n<p data-start=\"2365\" data-end=\"2456\">Perfekt f\u00f6r verksamheter som producerar kort l\u00f6pande.<\/p>\n<hr data-start=\"2458\" data-end=\"2461\" \/>\n<h3 data-section-id=\"6vgjf0\" data-start=\"2463\" data-end=\"2483\">Seguridad integrada<\/h3>\n<ul data-start=\"2485\" data-end=\"2643\">\n<li data-section-id=\"m6s4sw\" data-start=\"2485\" data-end=\"2543\"><strong data-start=\"2487\" data-end=\"2514\">Marca de agua HoloKote\u00ae<\/strong> Protege las tarjetas contra la copia.<\/li>\n<li data-section-id=\"l5p6j2\" data-start=\"2544\" data-end=\"2581\">M\u00f6jlighet att anv\u00e4nda egen design<\/li>\n<li data-section-id=\"1oe6gbh\" data-start=\"2582\" data-end=\"2643\"><strong data-start=\"2584\" data-end=\"2605\">Destrucci\u00f3n digital<\/strong> raderar k\u00e4nslig data efter utskrift<\/li>\n<\/ul>\n<p data-start=\"2645\" data-end=\"2724\">Ger ett extra skydd utan extra kostnader.<\/p>\n<hr data-start=\"2726\" data-end=\"2729\" \/>\n<h3 data-section-id=\"l8c361\" data-start=\"2731\" data-end=\"2769\">F\u00e1cil instalaci\u00f3n e integraci\u00f3n<\/h3>\n<ul data-start=\"2771\" data-end=\"2855\">\n<li data-section-id=\"142d0jd\" data-start=\"2771\" data-end=\"2791\">USB y Ethernet<\/li>\n<li data-section-id=\"14vqazo\" data-start=\"2792\" data-end=\"2807\">Conectar y jugar<\/li>\n<li data-section-id=\"vh9oew\" data-start=\"2808\" data-end=\"2855\">Enkel att anv\u00e4nda utan avancerad IT-kunskap<\/li>\n<\/ul>\n<p data-start=\"2857\" data-end=\"2912\">Perfekt f\u00f6r organisationer som vill komma ig\u00e5ng snabbt.<\/p>\n<hr data-start=\"2914\" data-end=\"2917\" \/>\n<h3 data-section-id=\"c4vq3j\" data-start=\"2919\" data-end=\"2954\">Drifts\u00e4ker och kostnadseffektiv<\/h3>\n<p data-start=\"2956\" data-end=\"3003\">Magicard 300 \u00e4r byggd f\u00f6r l\u00e5ngvarig anv\u00e4ndning:<\/p>\n<ul data-start=\"3005\" data-end=\"3081\">\n<li data-section-id=\"bk74no\" data-start=\"3005\" data-end=\"3028\">Stabil konstruktion<\/li>\n<li data-section-id=\"1ffk2yp\" data-start=\"3029\" data-end=\"3060\">Effektiv f\u00e4rgbandshantering<\/li>\n<li data-section-id=\"1j0twub\" data-start=\"3061\" data-end=\"3081\">Bajo costo operativo<\/li>\n<\/ul>\n<p data-start=\"3083\" data-end=\"3182\">Skrivaren optimerar dessutom f\u00e4rgbandet f\u00f6r att minska spill.<\/p>\n<hr data-start=\"3184\" data-end=\"3187\" \/>\n<h3 data-section-id=\"iwf276\" data-start=\"3189\" data-end=\"3213\">Garant\u00eda y seguridad<\/h3>\n<ul data-start=\"3215\" data-end=\"3296\">\n<li data-section-id=\"l98imx\" data-start=\"3215\" data-end=\"3232\">Garant\u00eda de 3 a\u00f1os<\/li>\n<li data-section-id=\"1dh68nb\" data-start=\"3233\" data-end=\"3265\">Acceso a soporte global<\/li>\n<li data-section-id=\"n39f82\" data-start=\"3266\" data-end=\"3296\">Posibilidad de pr\u00f3rroga<\/li>\n<\/ul>\n<p data-start=\"3298\" data-end=\"3403\">Se aplica al utilizar consumibles originales y realizar un mantenimiento adecuado.<\/p>\n<hr data-start=\"3405\" data-end=\"3408\" \/>\n<h3 data-section-id=\"12w8785\" data-start=\"3410\" data-end=\"3455\">Especificaciones t\u00e9cnicas (resumen)<\/h3>\n<ul data-start=\"3457\" data-end=\"3764\">\n<li data-section-id=\"1czvx41\" data-start=\"3457\" data-end=\"3489\">Modell: Magicard 300 DUO Mag<\/li>\n<li data-section-id=\"1qqs0g4\" data-start=\"3490\" data-end=\"3524\">Artikelnummer: P-MAG-3300-0022<\/li>\n<li data-section-id=\"1vn1bje\" data-start=\"3525\" data-end=\"3550\">Impresi\u00f3n: Doble cara<\/li>\n<li data-section-id=\"1nsuhxh\" data-start=\"3551\" data-end=\"3580\">Resoluci\u00f3n: 300 x 300 ppp<\/li>\n<li data-section-id=\"1c6m1mp\" data-start=\"3581\" data-end=\"3619\">Velocidad: hasta 160 tarjetas\/hora<\/li>\n<li data-section-id=\"1brngb0\" data-start=\"3620\" data-end=\"3658\">Kodning: Magnetremsa (HiCo \/ LoCo)<\/li>\n<li data-section-id=\"6qlhy1\" data-start=\"3659\" data-end=\"3688\">Capacidad: 100 personas de entrada \/ 70 de salida<\/li>\n<li data-section-id=\"1fr1ygq\" data-start=\"3689\" data-end=\"3716\">Formato de tarjeta: CR80 \/ CR79<\/li>\n<li data-section-id=\"794tec\" data-start=\"3717\" data-end=\"3746\">Conexi\u00f3n: USB, Ethernet<\/li>\n<li data-section-id=\"qnevs9\" data-start=\"3747\" data-end=\"3764\">Peso: aproximadamente 5 kg<\/li>\n<\/ul>\n<hr data-start=\"3766\" data-end=\"3769\" \/>\n<h3 data-section-id=\"11hcs70\" data-start=\"3771\" data-end=\"3795\">Es importante tener en cuenta<\/h3>\n<ul data-start=\"3797\" data-end=\"3910\">\n<li data-section-id=\"ddg5am\" data-start=\"3797\" data-end=\"3818\">Cinta no incluida<\/li>\n<li data-section-id=\"1cpnj4x\" data-start=\"3819\" data-end=\"3878\">Se recomienda utilizar consumibles originales de Magicard.<\/li>\n<li data-section-id=\"1wxbumd\" data-start=\"3879\" data-end=\"3910\">Se requiere limpieza regular<\/li>\n<\/ul>\n<hr data-start=\"3912\" data-end=\"3915\" \/>\n<h3 data-section-id=\"ethgyn\" data-start=\"3917\" data-end=\"3932\">Perfecto para<\/h3>\n<ul data-start=\"3934\" data-end=\"4078\">\n<li data-section-id=\"xat3aq\" data-start=\"3934\" data-end=\"3962\">Empresas con sistemas de control de acceso<\/li>\n<li data-section-id=\"15fzodf\" data-start=\"3963\" data-end=\"3991\">Medlemskort och kundkort<\/li>\n<li data-section-id=\"6jwi6n\" data-start=\"3992\" data-end=\"4018\">Tid- och n\u00e4rvarosystem<\/li>\n<li data-section-id=\"1tpxwi7\" data-start=\"4019\" data-end=\"4048\">Escuelas y organizaciones<\/li>\n<li data-section-id=\"ox6rg2\" data-start=\"4049\" data-end=\"4078\">Daglig ID-kortsproduktion<\/li>\n<\/ul>\n<hr data-start=\"4080\" data-end=\"4083\" \/>\n<h2 data-section-id=\"1nhgcqf\" data-start=\"4085\" data-end=\"4111\"><span role=\"text\"><strong data-start=\"4088\" data-end=\"4111\">Posicionamiento r\u00e1pido<\/strong><\/span><\/h2>\n<p data-start=\"4113\" data-end=\"4148\">Este es el modelo adecuado para ti que:<\/p>\n<ul data-start=\"4149\" data-end=\"4269\">\n<li data-section-id=\"15munqe\" data-start=\"4149\" data-end=\"4175\">necesidad <strong data-start=\"4159\" data-end=\"4173\">tarjeta magn\u00e9tica<\/strong><\/li>\n<li data-section-id=\"143dn4f\" data-start=\"4176\" data-end=\"4223\">vill ha en <strong data-start=\"4189\" data-end=\"4221\">prisv\u00e4rd och stabil skrivare<\/strong><\/li>\n<li data-section-id=\"1tsstp7\" data-start=\"4224\" data-end=\"4269\">buscando un <strong data-start=\"4235\" data-end=\"4269\">enkel l\u00f6sning f\u00f6r daglig drift<\/strong><\/li>\n<\/ul>","protected":false},"excerpt":{"rendered":"<p data-start=\"323\" data-end=\"518\">La Magicard 300 DUO con codificaci\u00f3n de banda magn\u00e9tica es una impresora de tarjetas de identificaci\u00f3n fiable y f\u00e1cil de usar para empresas y organizaciones. Perfecta para tarjetas de acceso y de membres\u00eda con funci\u00f3n magn\u00e9tica en las operaciones diarias.<\/p>\n<ul data-start=\"520\" data-end=\"717\">\n<li data-section-id=\"1uls68x\" data-start=\"520\" data-end=\"553\">Impresi\u00f3n a doble cara (d\u00faplex)<\/li>\n<li data-section-id=\"as5o0n\" data-start=\"554\" data-end=\"589\">Codificaci\u00f3n de banda magn\u00e9tica (HiCo \/ LoCo)<\/li>\n<li data-section-id=\"192foqf\" data-start=\"590\" data-end=\"623\">300 x 300 ppp para tarjetas n\u00edtidas<\/li>\n<li data-section-id=\"78jwjh\" data-start=\"624\" data-end=\"659\">Hasta 160 tarjetas de color por hora<\/li>\n<li data-section-id=\"sg0mgt\" data-start=\"660\" data-end=\"696\">Marca de agua de seguridad HoloKote\u00ae<\/li>\n<li data-section-id=\"142d0jd\" data-start=\"697\" data-end=\"717\">USB y Ethernet<\/li>\n<\/ul>","protected":false},"featured_media":164256,"template":"","meta":{"_acf_changed":false},"product_brand":[],"product_cat":[3208],"product_tag":[],"class_list":{"0":"post-164262","1":"product","2":"type-product","3":"status-publish","4":"has-post-thumbnail","6":"product_cat-magicard","7":"pa_brands-magicard","8":"tm-no-options","10":"first","11":"instock","12":"sale","13":"taxable","14":"shipping-taxable","15":"purchasable","16":"product-type-simple"},"acf":[],"_links":{"self":[{"href":"https:\/\/secureus.se\/es\/wp-json\/wp\/v2\/product\/164262","targetHints":{"allow":["GET"]}}],"collection":[{"href":"https:\/\/secureus.se\/es\/wp-json\/wp\/v2\/product"}],"about":[{"href":"https:\/\/secureus.se\/es\/wp-json\/wp\/v2\/types\/product"}],"wp:featuredmedia":[{"embeddable":true,"href":"https:\/\/secureus.se\/es\/wp-json\/wp\/v2\/media\/164256"}],"wp:attachment":[{"href":"https:\/\/secureus.se\/es\/wp-json\/wp\/v2\/media?parent=164262"}],"wp:term":[{"taxonomy":"product_brand","embeddable":true,"href":"https:\/\/secureus.se\/es\/wp-json\/wp\/v2\/product_brand?post=164262"},{"taxonomy":"product_cat","embeddable":true,"href":"https:\/\/secureus.se\/es\/wp-json\/wp\/v2\/product_cat?post=164262"},{"taxonomy":"product_tag","embeddable":true,"href":"https:\/\/secureus.se\/es\/wp-json\/wp\/v2\/product_tag?post=164262"}],"curies":[{"name":"wp","href":"https:\/\/api.w.org\/{rel}","templated":true}]}}