{"id":164269,"date":"2026-04-08T16:17:13","date_gmt":"2026-04-08T14:17:13","guid":{"rendered":"https:\/\/secureus.se\/magicard-300-duo-id-kortsskrivare-med-elatec-smartkortkodning-dubbelsidig\/"},"modified":"2026-04-23T12:28:42","modified_gmt":"2026-04-23T10:28:42","slug":"magicard-300-duo-id-kortsskrivare-med-elatec-smartkortkodning-dubbelsidig","status":"publish","type":"product","link":"https:\/\/secureus.se\/es\/magicard-300-duo-id-kortsskrivare-med-elatec-smartkortkodning-dubbelsidig\/","title":{"rendered":"Magicard 300 DUO ID-kortsskrivare med Elatec Smartkortkodning \u2013 Dubbelsidig"},"content":{"rendered":"<h3 data-section-id=\"1eqca0g\" data-start=\"794\" data-end=\"856\">Magicard 300 DUO \u2013 ID-kortsskrivare med smartkortskodare (Elatec)<\/h3>\n<p data-start=\"858\" data-end=\"1152\">Magicard 300 DUO (P-MAG-3300-0023) \u00e4r en anv\u00e4ndarv\u00e4nlig och kostnadseffektiv ID-kortsskrivare med inbyggd smartkortkodning via Elatec. Den \u00e4r idealisk f\u00f6r f\u00f6retag, skolor och organisationer som vill producera moderna ID-kort med RFID eller chipfunktion f\u00f6r passersystem och andra applikationer.<\/p>\n<p data-start=\"1154\" data-end=\"1341\">Denna modell kombinerar enkel anv\u00e4ndning med st\u00f6d f\u00f6r avancerade kortl\u00f6sningar, vilket g\u00f6r den till ett perfekt steg upp fr\u00e5n enklare skrivare utan att g\u00e5 hela v\u00e4gen till enterprise-niv\u00e5.<\/p>\n<hr data-start=\"1343\" data-end=\"1346\" \/>\n<h3 data-section-id=\"7rvy8a\" data-start=\"1348\" data-end=\"1387\">Smartkortkodning f\u00f6r moderna system<\/h3>\n<p data-start=\"1389\" data-end=\"1465\">Med st\u00f6d f\u00f6r flera smartkortsteknologier kan du skapa funktionella kort f\u00f6r:<\/p>\n<ul data-start=\"1467\" data-end=\"1588\">\n<li data-section-id=\"1hskxmw\" data-start=\"1467\" data-end=\"1502\">Passersystem och accesskontroll<\/li>\n<li data-section-id=\"59wxmx\" data-start=\"1503\" data-end=\"1535\">F\u00f6retags-ID med beh\u00f6righeter<\/li>\n<li data-section-id=\"tiy3qr\" data-start=\"1536\" data-end=\"1563\">Student- och campuskort<\/li>\n<li data-section-id=\"1wdrb5w\" data-start=\"1564\" data-end=\"1588\">Medlemskort med RFID<\/li>\n<\/ul>\n<p data-start=\"1590\" data-end=\"1615\">St\u00f6d f\u00f6r teknologier som:<\/p>\n<ul data-start=\"1617\" data-end=\"1694\">\n<li data-section-id=\"o133mk\" data-start=\"1617\" data-end=\"1627\">MIFARE<\/li>\n<li data-section-id=\"1hjdjxe\" data-start=\"1628\" data-end=\"1639\">DESFire<\/li>\n<li data-section-id=\"1bfu70v\" data-start=\"1640\" data-end=\"1650\">iClass<\/li>\n<li data-section-id=\"y8o3k6\" data-start=\"1651\" data-end=\"1694\">Kontaktchip (beroende p\u00e5 konfiguration)<\/li>\n<\/ul>\n<p data-start=\"1696\" data-end=\"1777\">Ger en framtidss\u00e4ker l\u00f6sning f\u00f6r organisationer som arbetar med kontaktl\u00f6sa kort.<\/p>\n<hr data-start=\"1779\" data-end=\"1782\" \/>\n<h3 data-section-id=\"vxhmmy\" data-start=\"1784\" data-end=\"1819\">Calidad de impresi\u00f3n profesional<\/h3>\n<p data-start=\"1821\" data-end=\"1883\">La Magicard 300 ofrece impresiones a 300 x 300 ppp, proporcionando:<\/p>\n<ul data-start=\"1885\" data-end=\"1953\">\n<li data-section-id=\"phpm8s\" data-start=\"1885\" data-end=\"1908\">Fotograf\u00edas n\u00edtidas<\/li>\n<li data-section-id=\"w9cw7n\" data-start=\"1909\" data-end=\"1929\">Logotipos n\u00edtidos<\/li>\n<li data-section-id=\"1u9ihby\" data-start=\"1930\" data-end=\"1953\">Buena reproducci\u00f3n del color<\/li>\n<\/ul>\n<p data-start=\"1955\" data-end=\"2059\">Perfekt f\u00f6r daglig kortproduktion med ett professionellt resultat.<\/p>\n<hr data-start=\"2061\" data-end=\"2064\" \/>\n<h3 data-section-id=\"jeuuy4\" data-start=\"2066\" data-end=\"2107\">Impresi\u00f3n a doble cara para mayor funcionalidad.<\/h3>\n<p data-start=\"2109\" data-end=\"2178\">Gracias a la impresi\u00f3n autom\u00e1tica a doble cara, puede utilizar toda la superficie de la tarjeta:<\/p>\n<ul data-start=\"2180\" data-end=\"2265\">\n<li data-section-id=\"hm56il\" data-start=\"2180\" data-end=\"2212\">Anverso: foto e identidad<\/li>\n<li data-section-id=\"1fe1qeg\" data-start=\"2213\" data-end=\"2265\">Baksida: regler, kodning eller extra information<\/li>\n<\/ul>\n<p data-start=\"2267\" data-end=\"2305\">Ger mer funktionella kort i praktiken.<\/p>\n<hr data-start=\"2307\" data-end=\"2310\" \/>\n<h3 data-section-id=\"rnqd60\" data-start=\"2312\" data-end=\"2346\">Effektiv produktion i vardagen<\/h3>\n<p data-start=\"2348\" data-end=\"2387\">Magicard 300 \u00e4r byggd f\u00f6r stabil drift:<\/p>\n<ul data-start=\"2389\" data-end=\"2498\">\n<li data-section-id=\"78jwjh\" data-start=\"2389\" data-end=\"2424\">Hasta 160 tarjetas de color por hora<\/li>\n<li data-section-id=\"1t4kpyp\" data-start=\"2425\" data-end=\"2466\">Hasta 720 tarjetas monocrom\u00e1ticas por hora<\/li>\n<li data-section-id=\"1n6agks\" data-start=\"2467\" data-end=\"2498\">Aproximadamente 23 segundos por tarjeta de color.<\/li>\n<\/ul>\n<p data-start=\"2500\" data-end=\"2595\">Perfekt f\u00f6r verksamheter med kontinuerlig kortproduktion.<\/p>\n<hr data-start=\"2597\" data-end=\"2600\" \/>\n<h3 data-section-id=\"6vgjf0\" data-start=\"2602\" data-end=\"2622\">Seguridad integrada<\/h3>\n<ul data-start=\"2624\" data-end=\"2754\">\n<li data-section-id=\"1hgdx4n\" data-start=\"2624\" data-end=\"2674\"><strong data-start=\"2626\" data-end=\"2653\">Marca de agua HoloKote\u00ae<\/strong> para protecci\u00f3n visual<\/li>\n<li data-section-id=\"9zrpbc\" data-start=\"2675\" data-end=\"2700\">Anpassningsbar design<\/li>\n<li data-section-id=\"16g0s5p\" data-start=\"2701\" data-end=\"2754\"><strong data-start=\"2703\" data-end=\"2724\">Destrucci\u00f3n digital<\/strong> elimina los datos despu\u00e9s de imprimir<\/li>\n<\/ul>\n<p data-start=\"2756\" data-end=\"2847\">Ger b\u00e5de s\u00e4krare kort och b\u00e4ttre skydd av persondata.<\/p>\n<hr data-start=\"2849\" data-end=\"2852\" \/>\n<h3 data-section-id=\"l8c361\" data-start=\"2854\" data-end=\"2892\">F\u00e1cil instalaci\u00f3n e integraci\u00f3n<\/h3>\n<ul data-start=\"2894\" data-end=\"2974\">\n<li data-section-id=\"142d0jd\" data-start=\"2894\" data-end=\"2914\">USB y Ethernet<\/li>\n<li data-section-id=\"14vqazo\" data-start=\"2915\" data-end=\"2930\">Conectar y jugar<\/li>\n<li data-section-id=\"1be31mw\" data-start=\"2931\" data-end=\"2974\">Enkel att integrera i befintliga system<\/li>\n<\/ul>\n<p data-start=\"2976\" data-end=\"3022\">Passar organisationer utan avancerad IT-milj\u00f6.<\/p>\n<hr data-start=\"3024\" data-end=\"3027\" \/>\n<h3 data-section-id=\"16h16n3\" data-start=\"3029\" data-end=\"3068\">Soluci\u00f3n estable y rentable<\/h3>\n<p data-start=\"3070\" data-end=\"3118\">Magicard 300 \u00e4r byggd f\u00f6r l\u00e5ngsiktig anv\u00e4ndning:<\/p>\n<ul data-start=\"3120\" data-end=\"3200\">\n<li data-section-id=\"j96c48\" data-start=\"3120\" data-end=\"3143\">Construcci\u00f3n robusta<\/li>\n<li data-section-id=\"1itc5tk\" data-start=\"3144\" data-end=\"3179\">Uso eficaz de las cintas<\/li>\n<li data-section-id=\"1j0twub\" data-start=\"3180\" data-end=\"3200\">Bajo costo operativo<\/li>\n<\/ul>\n<p data-start=\"3202\" data-end=\"3303\">Skrivaren optimerar dessutom utskriften f\u00f6r att minimera spill.<\/p>\n<hr data-start=\"3305\" data-end=\"3308\" \/>\n<h3 data-section-id=\"iwf276\" data-start=\"3310\" data-end=\"3334\">Garant\u00eda y seguridad<\/h3>\n<ul data-start=\"3336\" data-end=\"3403\">\n<li data-section-id=\"l98imx\" data-start=\"3336\" data-end=\"3353\">Garant\u00eda de 3 a\u00f1os<\/li>\n<li data-section-id=\"qgpyvg\" data-start=\"3354\" data-end=\"3372\">Global support<\/li>\n<li data-section-id=\"n39f82\" data-start=\"3373\" data-end=\"3403\">Posibilidad de pr\u00f3rroga<\/li>\n<\/ul>\n<p data-start=\"3405\" data-end=\"3510\">Se aplica al utilizar consumibles originales y realizar un mantenimiento adecuado.<\/p>\n<hr data-start=\"3512\" data-end=\"3515\" \/>\n<h3 data-section-id=\"12w8785\" data-start=\"3517\" data-end=\"3562\">Especificaciones t\u00e9cnicas (resumen)<\/h3>\n<ul data-start=\"3564\" data-end=\"3866\">\n<li data-section-id=\"sei0c3\" data-start=\"3564\" data-end=\"3598\">Modell: Magicard 300 DUO Smart<\/li>\n<li data-section-id=\"1qqrznp\" data-start=\"3599\" data-end=\"3633\">Artikelnummer: P-MAG-3300-0023<\/li>\n<li data-section-id=\"1vn1bje\" data-start=\"3634\" data-end=\"3659\">Impresi\u00f3n: Doble cara<\/li>\n<li data-section-id=\"1nsuhxh\" data-start=\"3660\" data-end=\"3689\">Resoluci\u00f3n: 300 x 300 ppp<\/li>\n<li data-section-id=\"1c6m1mp\" data-start=\"3690\" data-end=\"3728\">Velocidad: hasta 160 tarjetas\/hora<\/li>\n<li data-section-id=\"zw1en0\" data-start=\"3729\" data-end=\"3760\">Kodning: Smartkort (Elatec)<\/li>\n<li data-section-id=\"6qlhy1\" data-start=\"3761\" data-end=\"3790\">Capacidad: 100 personas de entrada \/ 70 de salida<\/li>\n<li data-section-id=\"1fr1ygq\" data-start=\"3791\" data-end=\"3818\">Formato de tarjeta: CR80 \/ CR79<\/li>\n<li data-section-id=\"794tec\" data-start=\"3819\" data-end=\"3848\">Conexi\u00f3n: USB, Ethernet<\/li>\n<li data-section-id=\"qnevs9\" data-start=\"3849\" data-end=\"3866\">Peso: aproximadamente 5 kg<\/li>\n<\/ul>\n<hr data-start=\"3868\" data-end=\"3871\" \/>\n<h3 data-section-id=\"11hcs70\" data-start=\"3873\" data-end=\"3897\">Es importante tener en cuenta<\/h3>\n<ul data-start=\"3899\" data-end=\"4000\">\n<li data-section-id=\"ddg5am\" data-start=\"3899\" data-end=\"3920\">Cinta no incluida<\/li>\n<li data-section-id=\"ul3fqp\" data-start=\"3921\" data-end=\"3968\">Se recomiendan consumibles originales de Magicard.<\/li>\n<li data-section-id=\"1wxbumd\" data-start=\"3969\" data-end=\"4000\">Se requiere limpieza regular<\/li>\n<\/ul>\n<hr data-start=\"4002\" data-end=\"4005\" \/>\n<h3 data-section-id=\"ethgyn\" data-start=\"4007\" data-end=\"4022\">Perfecto para<\/h3>\n<ul data-start=\"4024\" data-end=\"4183\">\n<li data-section-id=\"1htqaue\" data-start=\"4024\" data-end=\"4057\">F\u00f6retag med RFID-passersystem<\/li>\n<li data-section-id=\"ei9hza\" data-start=\"4058\" data-end=\"4084\">Escuelas y universidades<\/li>\n<li data-section-id=\"nm32nw\" data-start=\"4085\" data-end=\"4112\">Tarjetas de membres\u00eda y acceso<\/li>\n<li data-section-id=\"248698\" data-start=\"4113\" data-end=\"4153\">Organisationer som anv\u00e4nder chipkort<\/li>\n<li data-section-id=\"ox6rg2\" data-start=\"4154\" data-end=\"4183\">Daglig ID-kortsproduktion<\/li>\n<\/ul>\n<hr data-start=\"4185\" data-end=\"4188\" \/>\n<h2 data-section-id=\"1nhgcqf\" data-start=\"4190\" data-end=\"4216\"><span role=\"text\"><strong data-start=\"4193\" data-end=\"4216\">Posicionamiento r\u00e1pido<\/strong><\/span><\/h2>\n<p data-start=\"4218\" data-end=\"4253\">Este es el modelo adecuado para ti que:<\/p>\n<ul data-start=\"4254\" data-end=\"4380\">\n<li data-section-id=\"15hkcbh\" data-start=\"4254\" data-end=\"4286\">necesidad <strong data-start=\"4264\" data-end=\"4284\">smartkort \/ RFID<\/strong><\/li>\n<li data-section-id=\"mzm5zp\" data-start=\"4287\" data-end=\"4333\">vill ha en <strong data-start=\"4300\" data-end=\"4331\">prisv\u00e4rd och modern l\u00f6sning<\/strong><\/li>\n<li data-section-id=\"njjjun\" data-start=\"4334\" data-end=\"4380\">buscando un <strong data-start=\"4345\" data-end=\"4380\">enkel skrivare f\u00f6r daglig drift<\/strong><\/li>\n<\/ul>","protected":false},"excerpt":{"rendered":"<p data-start=\"331\" data-end=\"552\">La Magicard 300 DUO con codificaci\u00f3n de tarjetas inteligentes Elatec es una impresora de tarjetas de identificaci\u00f3n flexible y segura para organizaciones que trabajan con RFID y tarjetas con chip. Ideal para sistemas de control de acceso, escuelas y empresas que necesitan soluciones de tarjetas modernas.<\/p>\n<ul data-start=\"554\" data-end=\"762\">\n<li data-section-id=\"1uls68x\" data-start=\"554\" data-end=\"587\">Impresi\u00f3n a doble cara (d\u00faplex)<\/li>\n<li data-section-id=\"1qzgasc\" data-start=\"588\" data-end=\"633\">Codificaci\u00f3n de tarjetas inteligentes mediante Elatec (RFID\/chip)<\/li>\n<li data-section-id=\"vguep3\" data-start=\"634\" data-end=\"668\">300 x 300 ppp para tarjetas transparentes<\/li>\n<li data-section-id=\"78jwjh\" data-start=\"669\" data-end=\"704\">Hasta 160 tarjetas de color por hora<\/li>\n<li data-section-id=\"sg0mgt\" data-start=\"705\" data-end=\"741\">Marca de agua de seguridad HoloKote\u00ae<\/li>\n<li data-section-id=\"142d0jd\" data-start=\"742\" data-end=\"762\">USB y Ethernet<\/li>\n<\/ul>","protected":false},"featured_media":164263,"template":"","meta":{"_acf_changed":false},"product_brand":[],"product_cat":[3208],"product_tag":[],"class_list":{"0":"post-164269","1":"product","2":"type-product","3":"status-publish","4":"has-post-thumbnail","6":"product_cat-magicard","7":"product_shipping_class-tunga-paket","8":"pa_brands-magicard","9":"tm-no-options","11":"first","12":"instock","13":"sale","14":"taxable","15":"shipping-taxable","16":"purchasable","17":"product-type-simple"},"acf":[],"_links":{"self":[{"href":"https:\/\/secureus.se\/es\/wp-json\/wp\/v2\/product\/164269","targetHints":{"allow":["GET"]}}],"collection":[{"href":"https:\/\/secureus.se\/es\/wp-json\/wp\/v2\/product"}],"about":[{"href":"https:\/\/secureus.se\/es\/wp-json\/wp\/v2\/types\/product"}],"wp:featuredmedia":[{"embeddable":true,"href":"https:\/\/secureus.se\/es\/wp-json\/wp\/v2\/media\/164263"}],"wp:attachment":[{"href":"https:\/\/secureus.se\/es\/wp-json\/wp\/v2\/media?parent=164269"}],"wp:term":[{"taxonomy":"product_brand","embeddable":true,"href":"https:\/\/secureus.se\/es\/wp-json\/wp\/v2\/product_brand?post=164269"},{"taxonomy":"product_cat","embeddable":true,"href":"https:\/\/secureus.se\/es\/wp-json\/wp\/v2\/product_cat?post=164269"},{"taxonomy":"product_tag","embeddable":true,"href":"https:\/\/secureus.se\/es\/wp-json\/wp\/v2\/product_tag?post=164269"}],"curies":[{"name":"wp","href":"https:\/\/api.w.org\/{rel}","templated":true}]}}