{"id":164338,"date":"2022-06-04T15:42:35","date_gmt":"2022-06-04T13:42:35","guid":{"rendered":"https:\/\/secureus.se\/passerkort-rfid-kort-med-rfid-desfire-2k-2\/"},"modified":"2026-04-10T15:02:50","modified_gmt":"2026-04-10T13:02:50","slug":"passerkort-rfid-kort-med-rfid-desfire-2k-2","status":"publish","type":"product","link":"https:\/\/secureus.se\/es\/passerkort-rfid-kort-med-rfid-desfire-2k-2\/","title":{"rendered":"Tarjeta de acceso\/tarjeta RFID \u2013 DESFire\u00ae 2K EV2"},"content":{"rendered":"<p>Al igual que todos nuestros productos RFID, nuestras tarjetas de acceso \/ tarjetas RFID est\u00e1n equipadas con chips originales de alta calidad. Valoramos la confiabilidad y la seguridad y solo utilizamos chips originales de fabricantes reconocidos. Con nuestras tarjetas de acceso \/ tarjetas RFID puede estar seguro de que est\u00e1 obteniendo un producto que cumple con los m\u00e1s altos est\u00e1ndares y ofrece un rendimiento confiable y eficiente. Siempre nos esforzamos por ofrecerle la mejor tecnolog\u00eda y compatibilidad para garantizar que nuestras tarjetas de acceso \/ tarjetas RFID funcionen de forma segura y satisfagan sus necesidades a largo plazo.<\/p>\n<p>Las tarjetas de acceso\/tarjetas RFID que siguen el formato est\u00e1ndar CR80 se pueden utilizar para diversos fines, incluidos sistemas de control de acceso, sistemas de visitas, reserva de lavander\u00eda, alarmas y seguridad.<br \/>\nCon nuestras tarjetas de acceso \/ tarjetas RFID puede elegir cualquier dise\u00f1o y tener la opci\u00f3n de revisarlo hasta que est\u00e9 satisfecho.<br \/>\nValoramos la confiabilidad y la seguridad, por eso solo utilizamos chips originales de fabricantes reconocidos.<\/p>\n<p>Tambi\u00e9n tenemos una variedad de chips que se pueden instalar en tarjetas RFID adem\u00e1s de los chips est\u00e1ndar que ve en la tienda, esto tambi\u00e9n se aplica a todos nuestros otros portadores RFID.<\/p>\n<p>Ofrecemos flexibilidad y adaptabilidad en cuanto al dise\u00f1o de nuestras Tarjetas de Acceso \/ Tarjetas RFID. Puede crear tarjetas que est\u00e9n completamente en l\u00ednea con su marca e identidad empresarial. Nuestro objetivo es ofrecer tarjetas de acceso \/ tarjetas RFID de la m\u00e1s alta calidad que no solo sean funcionales sino que tambi\u00e9n representen su negocio de manera profesional.<\/p>\n<p>Nuestras tarjetas de acceso \/ tarjetas RFID se fabrican con precisi\u00f3n y cuidado para garantizar su durabilidad y confiabilidad. Entendemos que la seguridad es de suma importancia cuando se trata de tecnolog\u00eda RFID y tomamos todas las medidas necesarias para proteger sus tarjetas contra accesos no autorizados y violaciones de datos.<\/p>\n<p>Ofrecemos flexibilidad y adaptabilidad en cuanto al dise\u00f1o de nuestras Tarjetas de Acceso \/ Tarjetas RFID. Puede crear tarjetas que est\u00e9n completamente en l\u00ednea con su marca e identidad empresarial. Nuestro objetivo es ofrecer tarjetas de acceso \/ tarjetas RFID de la m\u00e1s alta calidad que no solo sean funcionales sino que tambi\u00e9n representen su negocio de manera profesional.<\/p>\n<p>Nuestras tarjetas de acceso \/ tarjetas RFID se fabrican con precisi\u00f3n y cuidado para garantizar su durabilidad y confiabilidad. Entendemos que la seguridad es de suma importancia cuando se trata de tecnolog\u00eda RFID y tomamos todas las medidas necesarias para proteger sus tarjetas contra accesos no autorizados y violaciones de datos.<\/p>\n<p>Ya sea que necesite tarjetas de acceso \/ tarjetas RFID para un proyecto m\u00e1s peque\u00f1o o para una empresa m\u00e1s grande.<\/p>\n<p>Estamos listos para ayudarlo a encontrar la mejor soluci\u00f3n de tarjeta de acceso \/ tarjeta RFID para sus necesidades y deseos espec\u00edficos. Cont\u00e1ctenos hoy para discutir sus ideas de proyecto y obtener m\u00e1s informaci\u00f3n sobre nuestros productos y servicios. Esperamos ser su socio de confianza para tarjetas de acceso \/ tarjetas RFID y ofrecerle soluciones de alta calidad que satisfagan sus expectativas.<\/p>\n<p>Gracias por su inter\u00e9s en nuestras tarjetas de acceso \/ tarjetas RFID. Visita nuestra tienda en l\u00ednea o cont\u00e1ctanos para comenzar con tu pedido o para obtener respuestas a cualquier pregunta que puedas tener. Estamos aqu\u00ed para brindarle el mejor servicio posible y entregarle tarjetas de acceso \/ tarjetas RFID de la m\u00e1s alta calidad que se adapten a sus necesidades espec\u00edficas.<\/p>","protected":false},"excerpt":{"rendered":"<p>Al igual que todos nuestros productos RFID, nuestras tarjetas de acceso \/ tarjetas RFID est\u00e1n equipadas con chips originales de alta calidad. Valoramos la confiabilidad y la seguridad y solo utilizamos chips originales de fabricantes reconocidos. Con<\/p>","protected":false},"featured_media":144062,"template":"","meta":{"_acf_changed":false},"product_brand":[],"product_cat":[4233],"product_tag":[3138,3077,2958],"class_list":{"0":"post-164338","1":"product","2":"type-product","3":"status-publish","4":"has-post-thumbnail","6":"product_cat-rfid-kort-desfire","7":"product_tag-desfire-ev2-2k","8":"product_tag-rfid-desfire","9":"product_tag-stonehouse-produkt","10":"product_shipping_class-postnord-varubrev","11":"pa_brands-stonehouse-security","12":"pa_farg-vit","13":"pa_plastkort-teknik-desfire","14":"tm-has-options","16":"first","17":"instock","18":"sale","19":"featured","20":"taxable","21":"shipping-taxable","22":"purchasable","23":"product-type-simple"},"acf":[],"_links":{"self":[{"href":"https:\/\/secureus.se\/es\/wp-json\/wp\/v2\/product\/164338","targetHints":{"allow":["GET"]}}],"collection":[{"href":"https:\/\/secureus.se\/es\/wp-json\/wp\/v2\/product"}],"about":[{"href":"https:\/\/secureus.se\/es\/wp-json\/wp\/v2\/types\/product"}],"wp:featuredmedia":[{"embeddable":true,"href":"https:\/\/secureus.se\/es\/wp-json\/wp\/v2\/media\/144062"}],"wp:attachment":[{"href":"https:\/\/secureus.se\/es\/wp-json\/wp\/v2\/media?parent=164338"}],"wp:term":[{"taxonomy":"product_brand","embeddable":true,"href":"https:\/\/secureus.se\/es\/wp-json\/wp\/v2\/product_brand?post=164338"},{"taxonomy":"product_cat","embeddable":true,"href":"https:\/\/secureus.se\/es\/wp-json\/wp\/v2\/product_cat?post=164338"},{"taxonomy":"product_tag","embeddable":true,"href":"https:\/\/secureus.se\/es\/wp-json\/wp\/v2\/product_tag?post=164338"}],"curies":[{"name":"wp","href":"https:\/\/api.w.org\/{rel}","templated":true}]}}