{"id":164469,"date":"2026-04-15T12:50:03","date_gmt":"2026-04-15T10:50:03","guid":{"rendered":"https:\/\/secureus.se\/?post_type=product&#038;p=164469"},"modified":"2026-04-15T17:23:16","modified_gmt":"2026-04-15T15:23:16","slug":"ajax-kompatibel-tagg-svart-bricka-till-keypad-plus-outdoor-och-touchscreen-ev2-4k-pro","status":"publish","type":"product","link":"https:\/\/secureus.se\/es\/ajax-kompatibel-tagg-svart-bricka-till-keypad-plus-outdoor-och-touchscreen-ev2-4k-pro\/","title":{"rendered":"Etiqueta compatible con Ajax (negra) \u2013 Etiqueta para KeyPad Plus, Outdoor y pantalla t\u00e1ctil | EV2 4K Pro"},"content":{"rendered":"<p data-start=\"600\" data-end=\"763\">La etiqueta compatible con Ajax (negra) es una alternativa inteligente y asequible a la etiqueta Ajax original, desarrollada para funcionar conjuntamente con Ajax KeyPad Plus y TouchScreen.<\/p>\n<p data-start=\"765\" data-end=\"1026\">Est\u00e1 equipado con un chip Mifare DESFire original de NXP, lo que garantiza el mismo alto nivel de seguridad que los productos originales. Su avanzado sistema de cifrado protege contra copias y accesos no autorizados, a la vez que ofrece una experiencia de uso sencilla y fluida.<\/p>\n<p data-start=\"1028\" data-end=\"1237\">Al igual que la etiqueta original, la alarma se activa o desactiva simplemente acerc\u00e1ndola al teclado. No requiere c\u00f3digo ni aplicaci\u00f3n, por lo que es ideal para familias, empleados o usuarios ocasionales.<\/p>\n<p data-start=\"1239\" data-end=\"1441\">Una clara ventaja de esta etiqueta es su formato. Es ligeramente m\u00e1s peque\u00f1a y delgada que la Ajax original, lo que facilita llevarla en el llavero. Mucha gente agradece su dise\u00f1o m\u00e1s compacto para el d\u00eda a d\u00eda.<\/p>\n<p data-start=\"1660\" data-end=\"1866\">Tambi\u00e9n ofrecemos la opci\u00f3n de grabado. Puede elegir, por ejemplo, numerar la etiqueta o imprimir su propio logotipo directamente en ella, lo que facilita el seguimiento de los usuarios y los permisos.<\/p>\n<p data-start=\"1868\" data-end=\"2048\">La etiqueta est\u00e1 fabricada con material ABS resistente e incluye un chip original de NXP. Disponemos de un amplio stock y podemos entregarla r\u00e1pidamente, incluso para pedidos grandes.<\/p>\n<hr data-start=\"2168\" data-end=\"2171\" \/>\n<h2 data-section-id=\"4wkmjn\" data-start=\"2173\" data-end=\"2204\"><span role=\"text\"><strong data-start=\"2176\" data-end=\"2204\">Especificaciones t\u00e9cnicas<\/strong><\/span><\/h2>\n<ul data-start=\"2205\" data-end=\"2532\">\n<li data-section-id=\"1k933n6\" data-start=\"2205\" data-end=\"2251\"><strong>Tecnolog\u00eda de la comunicaci\u00f3n<\/strong>: Mifare DESFire\u00ae (original de NXP)<\/li>\n<li data-section-id=\"c63o5z\" data-start=\"2252\" data-end=\"2289\"><strong>Est\u00e1ndar<\/strong>: ISO 14443-A (13,56 MHz)<\/li>\n<li data-section-id=\"18f098c\" data-start=\"2290\" data-end=\"2334\"><strong>Cifrado<\/strong>Cifrado DESFire avanzado de 128 bits<\/li>\n<li data-section-id=\"6941yt\" data-start=\"2335\" data-end=\"2416\"><strong>Compatibilidad<\/strong>: Ajax KeyPad Plus y TouchScreen, as\u00ed como sistemas basados en DESFire.<\/li>\n<li data-section-id=\"18ldt2h\" data-start=\"2417\" data-end=\"2434\"><strong>Material<\/strong>: ABS<\/li>\n<li data-section-id=\"14m3c96\" data-start=\"2435\" data-end=\"2466\"><strong>Dimensiones<\/strong>: 43 \u00d7 29 \u00d7 3 mm<\/li>\n<li data-section-id=\"17n4yqt\" data-start=\"2467\" data-end=\"2480\"><strong>Pintar<\/strong>: Negro<\/li>\n<li data-section-id=\"l2858j\" data-start=\"2481\" data-end=\"2532\"><strong>Grabado<\/strong>S\u00ed, posibilidad de incluir, por ejemplo, un n\u00famero, un nombre, un mensaje o un logotipo.<\/li>\n<\/ul>","protected":false},"excerpt":{"rendered":"<p data-start=\"205\" data-end=\"288\">Etiqueta compatible con Ajax (negra) \u2013 Etiqueta para KeyPad Plus y pantalla t\u00e1ctil<\/p>\n<p data-start=\"290\" data-end=\"451\">Una alternativa asequible a la etiqueta Ajax original, con la misma alta seguridad y un color diferente. Equipada con Mifare DESFire de NXP para un acceso cifrado y seguro a los sistemas Ajax.<\/p>\n<p data-start=\"453\" data-end=\"569\">Igual de buena que la original, pero con un formato m\u00e1s peque\u00f1o y flexible, y la posibilidad de grabado la hace perfecta tanto para uso personal como profesional. Puedes elegir, por ejemplo, numerarla o incluir tu propio logotipo directamente en la etiqueta, lo que facilita el seguimiento de usuarios y permisos.<\/p>\n<p data-start=\"453\" data-end=\"569\">Abierto <strong>\u201cMostrar opciones de personalizaci\u00f3n\u201d<\/strong> Para elegir el grabado de n\u00famero, nombre o logotipo en su etiqueta.<\/p>","protected":false},"featured_media":163673,"template":"","meta":{"_acf_changed":false},"product_brand":[],"product_cat":[5129],"product_tag":[],"class_list":{"0":"post-164469","1":"product","2":"type-product","3":"status-publish","4":"has-post-thumbnail","6":"product_cat-ajax-taggar-kort","7":"product_shipping_class-postnord-varubrev","8":"pa_brands-secureus","9":"pa_farg-svart","10":"tm-has-options","12":"first","13":"instock","14":"featured","15":"taxable","16":"shipping-taxable","17":"purchasable","18":"product-type-simple"},"acf":[],"_links":{"self":[{"href":"https:\/\/secureus.se\/es\/wp-json\/wp\/v2\/product\/164469","targetHints":{"allow":["GET"]}}],"collection":[{"href":"https:\/\/secureus.se\/es\/wp-json\/wp\/v2\/product"}],"about":[{"href":"https:\/\/secureus.se\/es\/wp-json\/wp\/v2\/types\/product"}],"wp:featuredmedia":[{"embeddable":true,"href":"https:\/\/secureus.se\/es\/wp-json\/wp\/v2\/media\/163673"}],"wp:attachment":[{"href":"https:\/\/secureus.se\/es\/wp-json\/wp\/v2\/media?parent=164469"}],"wp:term":[{"taxonomy":"product_brand","embeddable":true,"href":"https:\/\/secureus.se\/es\/wp-json\/wp\/v2\/product_brand?post=164469"},{"taxonomy":"product_cat","embeddable":true,"href":"https:\/\/secureus.se\/es\/wp-json\/wp\/v2\/product_cat?post=164469"},{"taxonomy":"product_tag","embeddable":true,"href":"https:\/\/secureus.se\/es\/wp-json\/wp\/v2\/product_tag?post=164469"}],"curies":[{"name":"wp","href":"https:\/\/api.w.org\/{rel}","templated":true}]}}