{"id":164489,"date":"2026-04-16T11:48:29","date_gmt":"2026-04-16T09:48:29","guid":{"rendered":"https:\/\/secureus.se\/?post_type=product&#038;p=164489"},"modified":"2026-04-27T04:36:28","modified_gmt":"2026-04-27T02:36:28","slug":"seriekopplad-brandvarnare-tradlos-rf-rokdetektor-10-ars-batteri-en14604","status":"publish","type":"product","link":"https:\/\/secureus.se\/es\/seriekopplad-brandvarnare-tradlos-rf-rokdetektor-10-ars-batteri-en14604\/","title":{"rendered":"Detector de humo inal\u00e1mbrico RF conectado en serie \u2013 Bater\u00eda de 10 a\u00f1os EN14604"},"content":{"rendered":"<h2 data-section-id=\"14qb479\" data-start=\"346\" data-end=\"404\">Detector de humo inal\u00e1mbrico RF en serie con bater\u00eda de 10 a\u00f1os de duraci\u00f3n.<\/h2>\n<p data-start=\"406\" data-end=\"643\">Crea un hogar m\u00e1s seguro con un <strong data-start=\"435\" data-end=\"464\">detector de humo conectado en serie<\/strong> que alerta a toda la casa al mismo tiempo. <strong data-start=\"509\" data-end=\"534\">detectores de humo inal\u00e1mbricos<\/strong> Utiliza tecnolog\u00eda de radiofrecuencia para conectar varios dispositivos directamente entre s\u00ed sin necesidad de WiFi, una aplicaci\u00f3n o un concentrador.<\/p>\n<p data-start=\"645\" data-end=\"844\">Cuando un detector de humo detecta humo, todos los dispositivos conectados se activan de inmediato. Esto proporciona una alerta r\u00e1pida en varias habitaciones al mismo tiempo y aumenta la probabilidad de detectar un incendio a tiempo, independientemente de d\u00f3nde se origine.<\/p>\n<p data-start=\"846\" data-end=\"992\">El dispositivo de activaci\u00f3n sigue sonando incluso si se silencian otras alarmas de humo, lo que facilita encontrar r\u00e1pidamente la ubicaci\u00f3n correcta y tomar medidas inmediatas.<\/p>\n<p data-start=\"994\" data-end=\"1120\">La bater\u00eda incorporada tiene hasta <strong data-start=\"1030\" data-end=\"1050\">vida \u00fatil de 10 a\u00f1os<\/strong>, lo que minimiza el mantenimiento y facilita la instalaci\u00f3n desde el principio.<\/p>\n<p data-start=\"1122\" data-end=\"1245\">Ideal para villas, apartamentos, casas de vacaciones, oficinas y zonas comunes donde se desee una protecci\u00f3n contra incendios sencilla pero eficaz.<\/p>\n<h2 data-section-id=\"9wy3q1\" data-start=\"1247\" data-end=\"1258\">Beneficios<\/h2>\n<ul data-start=\"1260\" data-end=\"1574\">\n<li data-section-id=\"13g6r4g\" data-start=\"1260\" data-end=\"1318\">Detector de humo en serie con comunicaci\u00f3n inal\u00e1mbrica RF.<\/li>\n<li data-section-id=\"10m4ggg\" data-start=\"1319\" data-end=\"1352\">Todas las unidades emiten una alarma simult\u00e1neamente.<\/li>\n<li data-section-id=\"srpl60\" data-start=\"1353\" data-end=\"1389\">No se requiere WiFi, aplicaci\u00f3n ni concentrador.<\/li>\n<li data-section-id=\"x1fcfh\" data-start=\"1390\" data-end=\"1431\">Bater\u00eda de 10 a\u00f1os para un mantenimiento m\u00ednimo<\/li>\n<li data-section-id=\"19o44eo\" data-start=\"1432\" data-end=\"1454\">F\u00e1cil montaje en el techo<\/li>\n<li data-section-id=\"bkvsqo\" data-start=\"1455\" data-end=\"1501\">El dispositivo de activaci\u00f3n sigue sonando.<\/li>\n<li data-section-id=\"1sr2hql\" data-start=\"1502\" data-end=\"1525\">Certificado seg\u00fan la norma EN14604.<\/li>\n<li data-section-id=\"ek06aj\" data-start=\"1526\" data-end=\"1574\">Adecuado para viviendas, casas de vacaciones y edificios de varias plantas.<\/li>\n<\/ul>","protected":false},"excerpt":{"rendered":"<ul>\n<li data-section-id=\"3seaxf\" data-start=\"610\" data-end=\"673\">Detectores de humo conectados en serie para una alerta r\u00e1pida en toda la casa: conecte hasta 100 unidades.<\/li>\n<li data-section-id=\"rt5atx\" data-start=\"674\" data-end=\"730\">Tecnolog\u00eda inal\u00e1mbrica RF sin necesidad de WiFi, aplicaci\u00f3n ni concentrador.<\/li>\n<li data-section-id=\"1gmivzb\" data-start=\"731\" data-end=\"797\">Todas las unidades interconectadas activan la alarma simult\u00e1neamente cuando se produce humo.<\/li>\n<li data-section-id=\"1gzfdil\" data-start=\"798\" data-end=\"861\">Bater\u00eda de 10 a\u00f1os para un funcionamiento fluido y un mantenimiento m\u00ednimo.<\/li>\n<li data-section-id=\"ne19te\" data-start=\"862\" data-end=\"911\">Certificado seg\u00fan la norma EN14604 para un funcionamiento seguro.<\/li>\n<li data-section-id=\"1f0a402\" data-start=\"912\" data-end=\"974\">Adecuado para villas, apartamentos, casas de vacaciones y zonas comunes.<\/li>\n<\/ul>","protected":false},"featured_media":164514,"template":"","meta":{"_acf_changed":false},"product_brand":[],"product_cat":[5130],"product_tag":[],"class_list":{"0":"post-164489","1":"product","2":"type-product","3":"status-publish","4":"has-post-thumbnail","6":"product_cat-tradlosa-brandvarnare","7":"product_shipping_class-postnord-varubrev","8":"pa_brands-secureus","9":"tm-no-options","11":"first","12":"instock","13":"taxable","14":"shipping-taxable","15":"purchasable","16":"product-type-simple"},"acf":[],"_links":{"self":[{"href":"https:\/\/secureus.se\/es\/wp-json\/wp\/v2\/product\/164489","targetHints":{"allow":["GET"]}}],"collection":[{"href":"https:\/\/secureus.se\/es\/wp-json\/wp\/v2\/product"}],"about":[{"href":"https:\/\/secureus.se\/es\/wp-json\/wp\/v2\/types\/product"}],"wp:featuredmedia":[{"embeddable":true,"href":"https:\/\/secureus.se\/es\/wp-json\/wp\/v2\/media\/164514"}],"wp:attachment":[{"href":"https:\/\/secureus.se\/es\/wp-json\/wp\/v2\/media?parent=164489"}],"wp:term":[{"taxonomy":"product_brand","embeddable":true,"href":"https:\/\/secureus.se\/es\/wp-json\/wp\/v2\/product_brand?post=164489"},{"taxonomy":"product_cat","embeddable":true,"href":"https:\/\/secureus.se\/es\/wp-json\/wp\/v2\/product_cat?post=164489"},{"taxonomy":"product_tag","embeddable":true,"href":"https:\/\/secureus.se\/es\/wp-json\/wp\/v2\/product_tag?post=164489"}],"curies":[{"name":"wp","href":"https:\/\/api.w.org\/{rel}","templated":true}]}}