{"id":164745,"date":"2026-04-22T15:08:49","date_gmt":"2026-04-22T13:08:49","guid":{"rendered":"https:\/\/secureus.se\/evolis-primacy-2-simplex-expert-id-kortskrivare-enkelsidig\/"},"modified":"2026-04-23T12:23:05","modified_gmt":"2026-04-23T10:23:05","slug":"evolis-primacy-2-simplex-expert-id-kortskrivare-enkelsidig","status":"publish","type":"product","link":"https:\/\/secureus.se\/es\/evolis-primacy-2-simplex-expert-id-kortskrivare-enkelsidig\/","title":{"rendered":"Impresora de tarjetas de identificaci\u00f3n Evolis Primacy 2 Simplex Expert (una cara)"},"content":{"rendered":"<p>La impresora de tarjetas de identificaci\u00f3n Evolis Primacy 2 Simplex Expert es la soluci\u00f3n perfecta para crear tarjetas de identificaci\u00f3n profesionales y tarjetas con impresi\u00f3n a una sola cara. Con su dise\u00f1o intuitivo y alta calidad de impresi\u00f3n, esta impresora es ideal para empresas, escuelas y organizaciones que necesitan una impresi\u00f3n de tarjetas r\u00e1pida y confiable. Con la Evolis Primacy 2 Simplex Expert, puede crear f\u00e1cilmente tarjetas de identificaci\u00f3n, tarjetas de membres\u00eda y tarjetas de acceso personalizadas de manera eficiente. Equipada con la \u00faltima tecnolog\u00eda de impresi\u00f3n y diversas opciones de conectividad, esta impresora es una opci\u00f3n confiable para todas sus necesidades de impresi\u00f3n de tarjetas.<\/p>","protected":false},"excerpt":{"rendered":"<ul>\n<li>Impresora de tarjetas de identificaci\u00f3n Evolis Primacy 2 Simplex Expert (una cara)<\/li>\n<li>Velocidad de impresi\u00f3n r\u00e1pida y alto rendimiento<\/li>\n<li>Admite la tecnolog\u00eda de sublimaci\u00f3n y reescritura de tinta.<\/li>\n<li>Puede imprimir una tarjeta a color a una sola cara en 13 segundos.<\/li>\n<li>Incluye garant\u00eda de tres a\u00f1os<\/li>\n<li>Tambi\u00e9n disponible en modelo Primacy 2 de doble cara.<\/li>\n<\/ul>","protected":false},"featured_media":164741,"template":"","meta":{"_acf_changed":false},"product_brand":[],"product_cat":[3205],"product_tag":[],"class_list":{"0":"post-164745","1":"product","2":"type-product","3":"status-publish","4":"has-post-thumbnail","6":"product_cat-evolis","7":"product_shipping_class-tunga-paket","8":"pa_brands-evolis","9":"tm-no-options","11":"first","12":"instock","13":"sale","14":"taxable","15":"shipping-taxable","16":"purchasable","17":"product-type-simple"},"acf":[],"_links":{"self":[{"href":"https:\/\/secureus.se\/es\/wp-json\/wp\/v2\/product\/164745","targetHints":{"allow":["GET"]}}],"collection":[{"href":"https:\/\/secureus.se\/es\/wp-json\/wp\/v2\/product"}],"about":[{"href":"https:\/\/secureus.se\/es\/wp-json\/wp\/v2\/types\/product"}],"wp:featuredmedia":[{"embeddable":true,"href":"https:\/\/secureus.se\/es\/wp-json\/wp\/v2\/media\/164741"}],"wp:attachment":[{"href":"https:\/\/secureus.se\/es\/wp-json\/wp\/v2\/media?parent=164745"}],"wp:term":[{"taxonomy":"product_brand","embeddable":true,"href":"https:\/\/secureus.se\/es\/wp-json\/wp\/v2\/product_brand?post=164745"},{"taxonomy":"product_cat","embeddable":true,"href":"https:\/\/secureus.se\/es\/wp-json\/wp\/v2\/product_cat?post=164745"},{"taxonomy":"product_tag","embeddable":true,"href":"https:\/\/secureus.se\/es\/wp-json\/wp\/v2\/product_tag?post=164745"}],"curies":[{"name":"wp","href":"https:\/\/api.w.org\/{rel}","templated":true}]}}