{"id":164753,"date":"2026-04-22T15:32:12","date_gmt":"2026-04-22T13:32:12","guid":{"rendered":"https:\/\/secureus.se\/evolis-s10212-kortlamineringsmodul-clm\/"},"modified":"2026-04-23T12:22:46","modified_gmt":"2026-04-23T10:22:46","slug":"evolis-s10212-kortlamineringsmodul-clm","status":"publish","type":"product","link":"https:\/\/secureus.se\/es\/evolis-s10212-kortlamineringsmodul-clm\/","title":{"rendered":"M\u00f3dulo de laminaci\u00f3n de tarjetas Evolis S10212 (CLM)"},"content":{"rendered":"<p>El m\u00f3dulo de laminaci\u00f3n de tarjetas Evolis S10212 es un m\u00f3dulo innovador y fiable dise\u00f1ado para mejorar la seguridad y durabilidad de sus tarjetas impresas. De f\u00e1cil instalaci\u00f3n y dise\u00f1o intuitivo, este m\u00f3dulo es perfecto para crear tarjetas de identificaci\u00f3n, tarjetas de membres\u00eda y otras tarjetas impresas con un acabado profesional y seguro. Con el m\u00f3dulo Evolis S10212, puede optimizar sus procesos de laminaci\u00f3n y brindar a sus tarjetas un acabado de alta calidad que las protege de la suciedad, el agua y el desgaste. A\u00f1ada un toque extra de protecci\u00f3n y estilo a sus tarjetas con el m\u00f3dulo de laminaci\u00f3n de tarjetas Evolis S10212.<\/p>","protected":false},"excerpt":{"rendered":"<ul>\n<li>El m\u00f3dulo de laminaci\u00f3n de tarjetas Evolis S10212 aplica superposiciones y pel\u00edculas hologr\u00e1ficas a las tarjetas.<\/li>\n<li>Puede utilizarse como unidad independiente o con las impresoras de tarjetas de identificaci\u00f3n Evolis Primacy o Primacy 2.<\/li>\n<li>Incluye un m\u00f3dulo de laminaci\u00f3n de doble cara.<\/li>\n<li>Se conecta directamente a un PC en modo aut\u00f3nomo mediante un cable USB (no incluido).<\/li>\n<li>Peso del producto: 8,00 kg<\/li>\n<\/ul>","protected":false},"featured_media":164752,"template":"","meta":{"_acf_changed":false},"product_brand":[],"product_cat":[3205],"product_tag":[],"class_list":{"0":"post-164753","1":"product","2":"type-product","3":"status-publish","4":"has-post-thumbnail","6":"product_cat-evolis","7":"product_shipping_class-tunga-paket","8":"pa_brands-evolis","9":"tm-no-options","11":"first","12":"outofstock","13":"sale","14":"taxable","15":"shipping-taxable","16":"purchasable","17":"product-type-simple"},"acf":[],"_links":{"self":[{"href":"https:\/\/secureus.se\/es\/wp-json\/wp\/v2\/product\/164753","targetHints":{"allow":["GET"]}}],"collection":[{"href":"https:\/\/secureus.se\/es\/wp-json\/wp\/v2\/product"}],"about":[{"href":"https:\/\/secureus.se\/es\/wp-json\/wp\/v2\/types\/product"}],"wp:featuredmedia":[{"embeddable":true,"href":"https:\/\/secureus.se\/es\/wp-json\/wp\/v2\/media\/164752"}],"wp:attachment":[{"href":"https:\/\/secureus.se\/es\/wp-json\/wp\/v2\/media?parent=164753"}],"wp:term":[{"taxonomy":"product_brand","embeddable":true,"href":"https:\/\/secureus.se\/es\/wp-json\/wp\/v2\/product_brand?post=164753"},{"taxonomy":"product_cat","embeddable":true,"href":"https:\/\/secureus.se\/es\/wp-json\/wp\/v2\/product_cat?post=164753"},{"taxonomy":"product_tag","embeddable":true,"href":"https:\/\/secureus.se\/es\/wp-json\/wp\/v2\/product_tag?post=164753"}],"curies":[{"name":"wp","href":"https:\/\/api.w.org\/{rel}","templated":true}]}}