{"id":164762,"date":"2026-04-22T15:08:22","date_gmt":"2026-04-22T13:08:22","guid":{"rendered":"https:\/\/secureus.se\/evolis-zenius-2-classic-id-kortskrivare-med-usb-enkelsidig\/"},"modified":"2026-04-23T12:22:23","modified_gmt":"2026-04-23T10:22:23","slug":"evolis-zenius-2-classic-id-kortskrivare-med-usb-enkelsidig","status":"publish","type":"product","link":"https:\/\/secureus.se\/es\/evolis-zenius-2-classic-id-kortskrivare-med-usb-enkelsidig\/","title":{"rendered":"Impresora de tarjetas de identificaci\u00f3n Evolis Zenius 2 Classic con USB (impresi\u00f3n a una cara)"},"content":{"rendered":"<p>Descubra la impresora de tarjetas de identificaci\u00f3n Evolis Zenius 2 Classic con USB (impresi\u00f3n a una cara): la soluci\u00f3n perfecta para crear tarjetas de identificaci\u00f3n profesionales sin complicaciones. Esta avanzada impresora combina tecnolog\u00eda de impresi\u00f3n de alta calidad con facilidad de uso, lo que la hace ideal para empresas y organizaciones que necesitan producir tarjetas de identificaci\u00f3n con regularidad. Con una instalaci\u00f3n sencilla mediante USB y la capacidad de imprimir tarjetas a una cara de forma r\u00e1pida y eficiente, la Evolis Zenius 2 Classic es un aliado fiable para todo tipo de proyectos de tarjetas de identificaci\u00f3n. D\u00e9 a su empresa u organizaci\u00f3n el toque profesional que se merece con esta innovadora impresora de tarjetas de identificaci\u00f3n de Evolis. \u00a1Pida su Zenius 2 Classic hoy mismo y lleve la producci\u00f3n de sus tarjetas de identificaci\u00f3n al siguiente nivel!<\/p>","protected":false},"excerpt":{"rendered":"<ul>\n<li>Impresora de tarjetas de identificaci\u00f3n Evolis Zenius 2 Classic con USB (impresi\u00f3n a una cara)<\/li>\n<li>Velocidad de impresi\u00f3n de 700 tarjetas\/hora (monocromo) o 180 tarjetas\/hora (YMCKO).<\/li>\n<li>Impresi\u00f3n en tama\u00f1o de tarjeta CR80 est\u00e1ndar, incluyendo PVC, PET, ABS y PVC compuesto.<\/li>\n<li>Impresi\u00f3n a una sola cara<\/li>\n<li>Posibilidad de imprimir desde smartphone y tableta.<\/li>\n<li>codificador de banda magn\u00e9tica<\/li>\n<li>Puerto USB interno<\/li>\n<li>N\u00famero de pieza del fabricante: ZN2-0001-E<\/li>\n<li>Peso: 8,00 kg<\/li>\n<\/ul>","protected":false},"featured_media":164756,"template":"","meta":{"_acf_changed":false},"product_brand":[],"product_cat":[3205],"product_tag":[],"class_list":{"0":"post-164762","1":"product","2":"type-product","3":"status-publish","4":"has-post-thumbnail","6":"product_cat-evolis","7":"product_shipping_class-tunga-paket","8":"pa_brands-evolis","9":"tm-no-options","11":"first","12":"instock","13":"sale","14":"taxable","15":"shipping-taxable","16":"purchasable","17":"product-type-simple"},"acf":[],"_links":{"self":[{"href":"https:\/\/secureus.se\/es\/wp-json\/wp\/v2\/product\/164762","targetHints":{"allow":["GET"]}}],"collection":[{"href":"https:\/\/secureus.se\/es\/wp-json\/wp\/v2\/product"}],"about":[{"href":"https:\/\/secureus.se\/es\/wp-json\/wp\/v2\/types\/product"}],"wp:featuredmedia":[{"embeddable":true,"href":"https:\/\/secureus.se\/es\/wp-json\/wp\/v2\/media\/164756"}],"wp:attachment":[{"href":"https:\/\/secureus.se\/es\/wp-json\/wp\/v2\/media?parent=164762"}],"wp:term":[{"taxonomy":"product_brand","embeddable":true,"href":"https:\/\/secureus.se\/es\/wp-json\/wp\/v2\/product_brand?post=164762"},{"taxonomy":"product_cat","embeddable":true,"href":"https:\/\/secureus.se\/es\/wp-json\/wp\/v2\/product_cat?post=164762"},{"taxonomy":"product_tag","embeddable":true,"href":"https:\/\/secureus.se\/es\/wp-json\/wp\/v2\/product_tag?post=164762"}],"curies":[{"name":"wp","href":"https:\/\/api.w.org\/{rel}","templated":true}]}}