{"id":164939,"date":"2026-04-27T15:12:21","date_gmt":"2026-04-27T13:12:21","guid":{"rendered":"https:\/\/secureus.se\/?post_type=product&#038;p=164939"},"modified":"2026-04-27T15:19:54","modified_gmt":"2026-04-27T13:19:54","slug":"evolis-lps071naa-klar-patch-1-0mil-smart-cut-laminat-600-utskrifter","status":"publish","type":"product","link":"https:\/\/secureus.se\/es\/evolis-lps071naa-klar-patch-1-0mil-smart-cut-laminat-600-utskrifter\/","title":{"rendered":"Parche transparente Evolis LPS071NAA de 1.0MIL con laminado de corte inteligente (600 impresiones)"},"content":{"rendered":"<p>Evolis LPS071NAA Clear Patch 1.0MIL Smart-Cut Laminate \u00e4r en h\u00f6gkvalitativ laminatfilm designad f\u00f6r att ge ett skyddande lager till dina utskrifter. Denna Smart-Cut-laminat \u00e4r klar och har en tjocklek p\u00e5 1,0 mil, vilket ger en stark och h\u00e5llbar yta samtidigt som den bibeh\u00e5ller utskriftens sk\u00e4rpa och f\u00e4rgglans. Med kapacitet f\u00f6r upp till 600 utskrifter \u00e4r detta laminat idealiskt f\u00f6r l\u00e5ngsiktiga anv\u00e4ndningsomr\u00e5den d\u00e4r slitstyrka och kvalitet \u00e4r viktigt. Evolis LPS071NAA Clear Patch 1.0MIL Smart-Cut Laminate \u00e4r det perfekta valet f\u00f6r att f\u00f6rb\u00e4ttra och skydda dina utskrifter p\u00e5 ett enkelt och effektivt s\u00e4tt.<\/p>","protected":false},"excerpt":{"rendered":"<ul>\n<li>Parche transparente Evolis LPS071NAA de 1.0MIL con laminado de corte inteligente<\/li>\n<li>Soluci\u00f3n de acabado ideal para tarjetas inteligentes<\/li>\n<li>Protecci\u00f3n transparente de 1,0 mil para una mayor durabilidad de la tarjeta.<\/li>\n<li>600 impresiones por rollo<\/li>\n<li>Compatible con impresoras Evolis con m\u00f3dulo de laminaci\u00f3n de tarjetas.<\/li>\n<li>N\u00famero de pieza del fabricante: LPS071NAA<\/li>\n<li>A\u00f1ade una capa protectora sin cubrir el chip de contacto.<\/li>\n<li>Peso del producto: 0,50 kg<\/li>\n<\/ul>","protected":false},"featured_media":164938,"template":"","meta":{"_acf_changed":false},"product_brand":[],"product_cat":[4854],"product_tag":[],"class_list":{"0":"post-164939","1":"product","2":"type-product","3":"status-publish","4":"has-post-thumbnail","6":"product_cat-agilia","7":"pa_brands-evolis","8":"tm-no-options","10":"first","11":"outofstock","12":"sale","13":"taxable","14":"shipping-taxable","15":"purchasable","16":"product-type-simple"},"acf":[],"_links":{"self":[{"href":"https:\/\/secureus.se\/es\/wp-json\/wp\/v2\/product\/164939","targetHints":{"allow":["GET"]}}],"collection":[{"href":"https:\/\/secureus.se\/es\/wp-json\/wp\/v2\/product"}],"about":[{"href":"https:\/\/secureus.se\/es\/wp-json\/wp\/v2\/types\/product"}],"wp:featuredmedia":[{"embeddable":true,"href":"https:\/\/secureus.se\/es\/wp-json\/wp\/v2\/media\/164938"}],"wp:attachment":[{"href":"https:\/\/secureus.se\/es\/wp-json\/wp\/v2\/media?parent=164939"}],"wp:term":[{"taxonomy":"product_brand","embeddable":true,"href":"https:\/\/secureus.se\/es\/wp-json\/wp\/v2\/product_brand?post=164939"},{"taxonomy":"product_cat","embeddable":true,"href":"https:\/\/secureus.se\/es\/wp-json\/wp\/v2\/product_cat?post=164939"},{"taxonomy":"product_tag","embeddable":true,"href":"https:\/\/secureus.se\/es\/wp-json\/wp\/v2\/product_tag?post=164939"}],"curies":[{"name":"wp","href":"https:\/\/api.w.org\/{rel}","templated":true}]}}