{"id":164949,"date":"2026-04-27T15:24:07","date_gmt":"2026-04-27T13:24:07","guid":{"rendered":"https:\/\/secureus.se\/evolis-acl012-agilia-sjalvhaftande-kortrengoringskit-50-pack\/"},"modified":"2026-04-27T15:30:56","modified_gmt":"2026-04-27T13:30:56","slug":"evolis-acl012-agilia-sjalvhaftande-kortrengoringskit-50-pack","status":"publish","type":"product","link":"https:\/\/secureus.se\/es\/evolis-acl012-agilia-sjalvhaftande-kortrengoringskit-50-pack\/","title":{"rendered":"Kit de limpieza de tarjetas adhesivas Evolis ACL012 Agilia (paquete de 50)"},"content":{"rendered":"<p>\u00a1Mant\u00e9n tus impresoras de tarjetas Evolis en \u00f3ptimas condiciones con el kit de limpieza de tarjetas adhesivas Evolis ACL012 Agilia! Este kit contiene todo lo necesario para mantener tus lectores de tarjetas limpios y funcionando correctamente. Con una soluci\u00f3n de limpieza eficaz y tarjetas de limpieza especialmente dise\u00f1adas, podr\u00e1s eliminar de forma f\u00e1cil y r\u00e1pida la suciedad y las part\u00edculas que pueden afectar la calidad de impresi\u00f3n. \u00a1Mant\u00e9n tu entorno de impresi\u00f3n limpio y eficiente con el kit de limpieza de tarjetas adhesivas Evolis ACL012 Agilia!<\/p>","protected":false},"excerpt":{"rendered":"<ul>\n<li>Contiene 50 tarjetas de limpieza adhesivas<\/li>\n<li>Ayuda a mantener limpias las impresoras de tarjetas de pl\u00e1stico Evolis Agilia.<\/li>\n<li>Elimina polvo, residuos, aceite y restos de tinta.<\/li>\n<li>Puede da\u00f1ar las impresoras si no se limpia con regularidad.<\/li>\n<li>Se venden en paquetes de 50 unidades.<\/li>\n<li>Vida \u00fatil de hasta un a\u00f1o si se almacena correctamente.<\/li>\n<li>N\u00famero de pieza del fabricante: ACL012<\/li>\n<li>Peso: 0,20 kg<\/li>\n<\/ul>","protected":false},"featured_media":164948,"template":"","meta":{"_acf_changed":false},"product_brand":[],"product_cat":[4807],"product_tag":[],"class_list":{"0":"post-164949","1":"product","2":"type-product","3":"status-publish","4":"has-post-thumbnail","6":"product_cat-rengoringskit","7":"product_shipping_class-postnord-varubrev","8":"pa_brands-evolis","9":"tm-no-options","11":"first","12":"instock","13":"taxable","14":"shipping-taxable","15":"purchasable","16":"product-type-simple"},"acf":[],"_links":{"self":[{"href":"https:\/\/secureus.se\/es\/wp-json\/wp\/v2\/product\/164949","targetHints":{"allow":["GET"]}}],"collection":[{"href":"https:\/\/secureus.se\/es\/wp-json\/wp\/v2\/product"}],"about":[{"href":"https:\/\/secureus.se\/es\/wp-json\/wp\/v2\/types\/product"}],"wp:featuredmedia":[{"embeddable":true,"href":"https:\/\/secureus.se\/es\/wp-json\/wp\/v2\/media\/164948"}],"wp:attachment":[{"href":"https:\/\/secureus.se\/es\/wp-json\/wp\/v2\/media?parent=164949"}],"wp:term":[{"taxonomy":"product_brand","embeddable":true,"href":"https:\/\/secureus.se\/es\/wp-json\/wp\/v2\/product_brand?post=164949"},{"taxonomy":"product_cat","embeddable":true,"href":"https:\/\/secureus.se\/es\/wp-json\/wp\/v2\/product_cat?post=164949"},{"taxonomy":"product_tag","embeddable":true,"href":"https:\/\/secureus.se\/es\/wp-json\/wp\/v2\/product_tag?post=164949"}],"curies":[{"name":"wp","href":"https:\/\/api.w.org\/{rel}","templated":true}]}}