{"id":165236,"date":"2026-05-05T14:27:30","date_gmt":"2026-05-05T12:27:30","guid":{"rendered":"https:\/\/secureus.se\/hid-omnikey-5023-contactless-card-reader-dark-blue\/"},"modified":"2026-05-05T17:44:23","modified_gmt":"2026-05-05T15:44:23","slug":"hid-omnikey-5023-contactless-card-reader-dark-blue","status":"publish","type":"product","link":"https:\/\/secureus.se\/es\/hid-omnikey-5023-contactless-card-reader-dark-blue\/","title":{"rendered":"Lector de tarjetas sin contacto HID Omnikey 5023 - Azul oscuro"},"content":{"rendered":"<p>El lector de tarjetas inteligentes sin contacto HID Omnikey 5023 utiliza tecnolog\u00eda multicapa segura basada en est\u00e1ndares, con soporte para el Objeto de Identidad Segura (SIO), para proteger los datos y gestionar las credenciales. Como parte de la soluci\u00f3n de autenticaci\u00f3n por toque ActivID, este lector tambi\u00e9n permite a los usuarios acercar la tarjeta al dispositivo y generar una contrase\u00f1a de un solo uso (OTP) para un inicio de sesi\u00f3n m\u00e1s seguro.<\/p>\n<ul>\n<li>Admite credenciales Seos, iCLASS SE, MIFARE, DESFire y otras credenciales habilitadas para SIO.<\/li>\n<li>Compatibilidad con CCID para los sistemas operativos Windows, Linux y Mac.<\/li>\n<li>N\u00famero de pieza del fabricante: R50230318-DB<\/li>\n<\/ul>\n<p>\n <strong><br \/>\n Peso del producto:<br \/>\n 0,00 kilogramos<br \/>\n <\/strong>\n <\/p>","protected":false},"excerpt":{"rendered":"<p>The HID Omnikey 5023 Contactless Smart Card Reader utilises multi-layered, secure standards-based technology based on Secure Identity Object (SIO) to protect data and support credentials. As part of the ActivID<\/p>","protected":false},"featured_media":165235,"template":"","meta":{"_acf_changed":false},"product_brand":[],"product_cat":[5132],"product_tag":[],"class_list":{"0":"post-165236","1":"product","2":"type-product","3":"status-publish","4":"has-post-thumbnail","6":"product_cat-lasare-passersystem","7":"pa_brands-hid","8":"tm-no-options","10":"first","11":"outofstock","12":"sale","13":"taxable","14":"shipping-taxable","15":"purchasable","16":"product-type-simple"},"acf":[],"_links":{"self":[{"href":"https:\/\/secureus.se\/es\/wp-json\/wp\/v2\/product\/165236","targetHints":{"allow":["GET"]}}],"collection":[{"href":"https:\/\/secureus.se\/es\/wp-json\/wp\/v2\/product"}],"about":[{"href":"https:\/\/secureus.se\/es\/wp-json\/wp\/v2\/types\/product"}],"wp:featuredmedia":[{"embeddable":true,"href":"https:\/\/secureus.se\/es\/wp-json\/wp\/v2\/media\/165235"}],"wp:attachment":[{"href":"https:\/\/secureus.se\/es\/wp-json\/wp\/v2\/media?parent=165236"}],"wp:term":[{"taxonomy":"product_brand","embeddable":true,"href":"https:\/\/secureus.se\/es\/wp-json\/wp\/v2\/product_brand?post=165236"},{"taxonomy":"product_cat","embeddable":true,"href":"https:\/\/secureus.se\/es\/wp-json\/wp\/v2\/product_cat?post=165236"},{"taxonomy":"product_tag","embeddable":true,"href":"https:\/\/secureus.se\/es\/wp-json\/wp\/v2\/product_tag?post=165236"}],"curies":[{"name":"wp","href":"https:\/\/api.w.org\/{rel}","templated":true}]}}