{"id":165239,"date":"2026-05-05T14:27:30","date_gmt":"2026-05-05T12:27:30","guid":{"rendered":"https:\/\/secureus.se\/hid-omnikey-3021-smart-card-reader\/"},"modified":"2026-05-05T17:10:36","modified_gmt":"2026-05-05T15:10:36","slug":"hid-omnikey-3021-smart-card-reader","status":"publish","type":"product","link":"https:\/\/secureus.se\/es\/hid-omnikey-3021-smart-card-reader\/","title":{"rendered":"Lector de tarjetas inteligentes HID Omnikey 3021"},"content":{"rendered":"<p>El HID Omnikey 3021 es un lector de tarjetas inteligentes USB ideal para proyectos de gran envergadura. Se trata de un dispositivo USB f\u00e1cil de usar que cumple con los est\u00e1ndares de la industria.<\/p>\n<ul>\n<li>Admite la transmisi\u00f3n de datos de alta velocidad. \u00a0<\/li>\n<li>C\u00f3digo de barras UPC para una log\u00edstica m\u00e1s sencilla<\/li>\n<li>conectividad USB<\/li>\n<li>N\u00famero de pieza del fabricante: R30210315-1<\/li>\n<\/ul>\n<p>\n <strong><br \/>\n Peso del producto:<br \/>\n 0,20 kilogramos<br \/>\n <\/strong>\n <\/p>","protected":false},"excerpt":{"rendered":"<p>The HID Omnikey 3021 is a USB smart card reader that is a suitable choice for large projects. It\u2019s an easy-to-use USB device that complies with industry standards. Supports high-speed<\/p>","protected":false},"featured_media":165238,"template":"","meta":{"_acf_changed":false},"product_brand":[],"product_cat":[5132],"product_tag":[],"class_list":{"0":"post-165239","1":"product","2":"type-product","3":"status-publish","4":"has-post-thumbnail","6":"product_cat-lasare-passersystem","7":"tm-no-options","9":"first","10":"instock","11":"sale","12":"taxable","13":"shipping-taxable","14":"purchasable","15":"product-type-simple"},"acf":[],"_links":{"self":[{"href":"https:\/\/secureus.se\/es\/wp-json\/wp\/v2\/product\/165239","targetHints":{"allow":["GET"]}}],"collection":[{"href":"https:\/\/secureus.se\/es\/wp-json\/wp\/v2\/product"}],"about":[{"href":"https:\/\/secureus.se\/es\/wp-json\/wp\/v2\/types\/product"}],"wp:featuredmedia":[{"embeddable":true,"href":"https:\/\/secureus.se\/es\/wp-json\/wp\/v2\/media\/165238"}],"wp:attachment":[{"href":"https:\/\/secureus.se\/es\/wp-json\/wp\/v2\/media?parent=165239"}],"wp:term":[{"taxonomy":"product_brand","embeddable":true,"href":"https:\/\/secureus.se\/es\/wp-json\/wp\/v2\/product_brand?post=165239"},{"taxonomy":"product_cat","embeddable":true,"href":"https:\/\/secureus.se\/es\/wp-json\/wp\/v2\/product_cat?post=165239"},{"taxonomy":"product_tag","embeddable":true,"href":"https:\/\/secureus.se\/es\/wp-json\/wp\/v2\/product_tag?post=165239"}],"curies":[{"name":"wp","href":"https:\/\/api.w.org\/{rel}","templated":true}]}}