{"id":165240,"date":"2026-05-05T14:27:22","date_gmt":"2026-05-05T12:27:22","guid":{"rendered":"https:\/\/secureus.se\/pac-architect-one-blue-rfid-bt-mullion-reader\/"},"modified":"2026-05-05T17:20:25","modified_gmt":"2026-05-05T15:20:25","slug":"pac-architect-one-blue-rfid-bt-mullion-reader","status":"publish","type":"product","link":"https:\/\/secureus.se\/es\/pac-architect-one-blue-rfid-bt-mullion-reader\/","title":{"rendered":"PAC Architect One Blue RFID &amp; BT Mullion Reader"},"content":{"rendered":"<p>El lector de alta frecuencia PAC Architect One Blue RFID y Bluetooth para montantes es compatible con tarjetas y tel\u00e9fonos inteligentes, lo que garantiza una comodidad total para todos los usuarios. Este lector est\u00e1 especialmente dise\u00f1ado para su instalaci\u00f3n en espacios reducidos, como marcos de puertas o cajas de empotrar estrechas.<\/p>\n<ul>\n<li>Compatible con PAC Ops, PAC Ops Lite e identificaciones m\u00f3viles.<\/li>\n<li>Alcance de lectura de 60 mm para dispositivos PAC HF ID y de 20 m para Mobile ID.<\/li>\n<li>Garant\u00eda de por vida contra fallas electr\u00f3nicas<\/li>\n<\/ul>\n<p>\n <strong><br \/>\n Peso del producto:<br \/>\n 0,50 kilogramos<br \/>\n <\/strong>\n <\/p>\n<p>\n <strong>Precio desde 359,99 \u20ac<\/strong>\n <\/p>","protected":false},"excerpt":{"rendered":"<p>The high-frequency PAC Architect One Blue RFID &amp; Bluetooth mullion reader is compatible with cards and smartphones to ensure complete convenience for all users. This reader is specially designed for<\/p>","protected":false},"featured_media":165237,"template":"","meta":{"_acf_changed":false},"product_brand":[],"product_cat":[5132],"product_tag":[],"class_list":{"0":"post-165240","1":"product","2":"type-product","3":"status-publish","4":"has-post-thumbnail","6":"product_cat-lasare-passersystem","7":"tm-no-options","9":"first","10":"outofstock","11":"sale","12":"taxable","13":"shipping-taxable","14":"purchasable","15":"product-type-simple"},"acf":[],"_links":{"self":[{"href":"https:\/\/secureus.se\/es\/wp-json\/wp\/v2\/product\/165240","targetHints":{"allow":["GET"]}}],"collection":[{"href":"https:\/\/secureus.se\/es\/wp-json\/wp\/v2\/product"}],"about":[{"href":"https:\/\/secureus.se\/es\/wp-json\/wp\/v2\/types\/product"}],"wp:featuredmedia":[{"embeddable":true,"href":"https:\/\/secureus.se\/es\/wp-json\/wp\/v2\/media\/165237"}],"wp:attachment":[{"href":"https:\/\/secureus.se\/es\/wp-json\/wp\/v2\/media?parent=165240"}],"wp:term":[{"taxonomy":"product_brand","embeddable":true,"href":"https:\/\/secureus.se\/es\/wp-json\/wp\/v2\/product_brand?post=165240"},{"taxonomy":"product_cat","embeddable":true,"href":"https:\/\/secureus.se\/es\/wp-json\/wp\/v2\/product_cat?post=165240"},{"taxonomy":"product_tag","embeddable":true,"href":"https:\/\/secureus.se\/es\/wp-json\/wp\/v2\/product_tag?post=165240"}],"curies":[{"name":"wp","href":"https:\/\/api.w.org\/{rel}","templated":true}]}}