{"id":165247,"date":"2026-05-05T14:27:30","date_gmt":"2026-05-05T12:27:30","guid":{"rendered":"https:\/\/secureus.se\/zebra-symbol-ls2208-usb-barcode-scanner-kit\/"},"modified":"2026-05-05T17:44:35","modified_gmt":"2026-05-05T15:44:35","slug":"zebra-symbol-ls2208-usb-barcode-scanner-kit","status":"publish","type":"product","link":"https:\/\/secureus.se\/es\/zebra-symbol-ls2208-usb-barcode-scanner-kit\/","title":{"rendered":"Kit de esc\u00e1ner de c\u00f3digo de barras USB Zebra Symbol LS2208"},"content":{"rendered":"<p>El esc\u00e1ner de c\u00f3digos de barras USB Zebra Symbol LS2208 ofrece un escaneo r\u00e1pido y fiable para sus clientes, con un amplio rango de trabajo de hasta 43 cm (17 pulgadas). Este esc\u00e1ner port\u00e1til de alto rendimiento es compacto y ligero, con m\u00faltiples interfaces que facilitan su integraci\u00f3n con diversos sistemas. Con una resistencia a ca\u00eddas de hasta 1,5 m sobre hormig\u00f3n, el esc\u00e1ner de c\u00f3digos de barras Zebra Symbol utiliza tecnolog\u00eda de escaneo l\u00e1ser con una velocidad de escaneo de 100 escaneos por segundo.<\/p>\n<ul>\n<li>Soporte incluido<\/li>\n<li>N\u00famero de pieza del fabricante: LS2208<\/li>\n<li>Dimensiones: 6\u201d x 2,5\u201d x 3,34\u201d (alto x ancho x profundidad)<\/li>\n<li>Interfaces compatibles: USB, RS232, Keyboard Wedge, IBM 468x\/9x<\/li>\n<li>Garant\u00eda de 5 a\u00f1os<\/li>\n<li>Compatibilidad con sistemas operativos a trav\u00e9s de USB: Windows 98, 2000, ME, XP, MacOS 8.5 y versiones posteriores, IBM 4690 OS<\/li>\n<\/ul>\n<p>\n <strong><br \/>\n Peso del producto:<br \/>\n 0,60 kilogramos<br \/>\n <\/strong>\n <\/p>","protected":false},"excerpt":{"rendered":"<p>The Zebra Symbol LS2208 USB barcode scanner provides fast and reliable barcode scanning for your customers with a wide working range of up to 17 inches. This high-performance handheld scanner<\/p>","protected":false},"featured_media":165242,"template":"","meta":{"_acf_changed":false},"product_brand":[],"product_cat":[5132],"product_tag":[],"class_list":{"0":"post-165247","1":"product","2":"type-product","3":"status-publish","4":"has-post-thumbnail","6":"product_cat-lasare-passersystem","7":"pa_brands-zebra-2","8":"tm-no-options","10":"first","11":"outofstock","12":"sale","13":"taxable","14":"shipping-taxable","15":"purchasable","16":"product-type-simple"},"acf":[],"_links":{"self":[{"href":"https:\/\/secureus.se\/es\/wp-json\/wp\/v2\/product\/165247","targetHints":{"allow":["GET"]}}],"collection":[{"href":"https:\/\/secureus.se\/es\/wp-json\/wp\/v2\/product"}],"about":[{"href":"https:\/\/secureus.se\/es\/wp-json\/wp\/v2\/types\/product"}],"wp:featuredmedia":[{"embeddable":true,"href":"https:\/\/secureus.se\/es\/wp-json\/wp\/v2\/media\/165242"}],"wp:attachment":[{"href":"https:\/\/secureus.se\/es\/wp-json\/wp\/v2\/media?parent=165247"}],"wp:term":[{"taxonomy":"product_brand","embeddable":true,"href":"https:\/\/secureus.se\/es\/wp-json\/wp\/v2\/product_brand?post=165247"},{"taxonomy":"product_cat","embeddable":true,"href":"https:\/\/secureus.se\/es\/wp-json\/wp\/v2\/product_cat?post=165247"},{"taxonomy":"product_tag","embeddable":true,"href":"https:\/\/secureus.se\/es\/wp-json\/wp\/v2\/product_tag?post=165247"}],"curies":[{"name":"wp","href":"https:\/\/api.w.org\/{rel}","templated":true}]}}