{"id":165257,"date":"2026-05-05T14:27:29","date_gmt":"2026-05-05T12:27:29","guid":{"rendered":"https:\/\/secureus.se\/zebra-li4278-cordless-scanner-usb-kit\/"},"modified":"2026-05-05T17:44:40","modified_gmt":"2026-05-05T15:44:40","slug":"zebra-li4278-cordless-scanner-usb-kit","status":"publish","type":"product","link":"https:\/\/secureus.se\/es\/zebra-li4278-cordless-scanner-usb-kit\/","title":{"rendered":"Zebra LI4278 Cordless Scanner USB Kit"},"content":{"rendered":"<p>El esc\u00e1ner inal\u00e1mbrico Zebra LI4278 es un lector de im\u00e1genes lineal que ofrece un rendimiento superior en el escaneo de c\u00f3digos de barras 1D con un amplio rango de captura de datos. Su bater\u00eda recargable integrada permite a sus clientes escanear de forma inal\u00e1mbrica y port\u00e1til, con compatibilidad Bluetooth 2.1 y cifrado mejorado para mayor seguridad y rendimiento. El Zebra LI4278 tiene una velocidad de escaneo de 547 escaneos por segundo y un rango de funcionamiento de 3,8 a 48 cm.<\/p>\n<ul>\n<li>Soporte en forma de S incluido<\/li>\n<li>Interfaz m\u00faltiple con cable<\/li>\n<li>Cable USB de 2,13 metros (7 pies)<\/li>\n<li>N\u00famero de pieza del fabricante: LI4278<\/li>\n<li>Interfaces compatibles: USB, RS232, Keyboard Wedge, RS485 (IBM)<\/li>\n<\/ul>\n<p>\n <strong><br \/>\n Peso del producto:<br \/>\n 0.55 kg<br \/>\n <\/strong>\n <\/p>","protected":false},"excerpt":{"rendered":"<p>The Zebra LI4278 cordless scanner is a linear imager delivering superior 1D barcode scanning performance with a wide data capture range. The built-in rechargeable battery gives your customers\u00a0handheld, cordless scanning<\/p>","protected":false},"featured_media":165253,"template":"","meta":{"_acf_changed":false},"product_brand":[],"product_cat":[5132],"product_tag":[],"class_list":{"0":"post-165257","1":"product","2":"type-product","3":"status-publish","4":"has-post-thumbnail","6":"product_cat-lasare-passersystem","7":"pa_brands-zebra-2","8":"tm-no-options","10":"first","11":"instock","12":"sale","13":"taxable","14":"shipping-taxable","15":"purchasable","16":"product-type-simple"},"acf":[],"_links":{"self":[{"href":"https:\/\/secureus.se\/es\/wp-json\/wp\/v2\/product\/165257","targetHints":{"allow":["GET"]}}],"collection":[{"href":"https:\/\/secureus.se\/es\/wp-json\/wp\/v2\/product"}],"about":[{"href":"https:\/\/secureus.se\/es\/wp-json\/wp\/v2\/types\/product"}],"wp:featuredmedia":[{"embeddable":true,"href":"https:\/\/secureus.se\/es\/wp-json\/wp\/v2\/media\/165253"}],"wp:attachment":[{"href":"https:\/\/secureus.se\/es\/wp-json\/wp\/v2\/media?parent=165257"}],"wp:term":[{"taxonomy":"product_brand","embeddable":true,"href":"https:\/\/secureus.se\/es\/wp-json\/wp\/v2\/product_brand?post=165257"},{"taxonomy":"product_cat","embeddable":true,"href":"https:\/\/secureus.se\/es\/wp-json\/wp\/v2\/product_cat?post=165257"},{"taxonomy":"product_tag","embeddable":true,"href":"https:\/\/secureus.se\/es\/wp-json\/wp\/v2\/product_tag?post=165257"}],"curies":[{"name":"wp","href":"https:\/\/api.w.org\/{rel}","templated":true}]}}