{"id":165266,"date":"2026-05-05T14:27:29","date_gmt":"2026-05-05T12:27:29","guid":{"rendered":"https:\/\/secureus.se\/honeywell-eclipse-5145-laser-usb-scanner-kit\/"},"modified":"2026-05-05T17:44:49","modified_gmt":"2026-05-05T15:44:49","slug":"honeywell-eclipse-5145-laser-usb-scanner-kit","status":"publish","type":"product","link":"https:\/\/secureus.se\/es\/honeywell-eclipse-5145-laser-usb-scanner-kit\/","title":{"rendered":"Honeywell Eclipse 5145 Laser USB Scanner Kit"},"content":{"rendered":"<p>Ideal para leer c\u00f3digos de barras 1D, el esc\u00e1ner USB Honeywell Eclipse 5145 es una alternativa l\u00e1ser a los esc\u00e1neres CCD. Equipado con tecnolog\u00eda de escaneo de vanguardia y la tecnolog\u00eda CodeGate patentada de Honeywell, permite a sus clientes seleccionar f\u00e1cilmente los c\u00f3digos de barras deseados, y la transmisi\u00f3n se completa con solo pulsar un bot\u00f3n. Con una resistencia a ca\u00eddas de hasta 1,5 m sobre hormig\u00f3n y una sola l\u00ednea de escaneo, este esc\u00e1ner inal\u00e1mbrico ofrece una velocidad de escaneo de 72 escaneos por segundo.<\/p>\n<ul>\n<li>Soporte incluido<\/li>\n<li>Cable USB tipo A de 2,9 m con cable<\/li>\n<li>N\u00famero de pieza del fabricante: 5145<\/li>\n<li>Dimensiones: 6,7\u201d x 2,5\u201d x 2,0\u201d (alto x ancho x profundidad)<\/li>\n<li>Interfaces compatibles: USB, RS232, Keyboard Wedge, IBM 46xx (RS485)<\/li>\n<\/ul>\n<p>\n <strong><br \/>\n Peso del producto:<br \/>\n 0,00 kilogramos<br \/>\n <\/strong>\n <\/p>","protected":false},"excerpt":{"rendered":"<p>Perfect for reading 1D barcodes, the Honeywell Eclipse 5145 USB scanner is a laser-based alternative to CCD scanners. Equipped with state-of-the-art scanning technology and featuring Honeywell\u2019s patented CodeGate technology, your<\/p>","protected":false},"featured_media":165265,"template":"","meta":{"_acf_changed":false},"product_brand":[],"product_cat":[5132],"product_tag":[],"class_list":{"0":"post-165266","1":"product","2":"type-product","3":"status-publish","4":"has-post-thumbnail","6":"product_cat-lasare-passersystem","7":"pa_brands-honeywell","8":"tm-no-options","10":"first","11":"outofstock","12":"sale","13":"taxable","14":"shipping-taxable","15":"purchasable","16":"product-type-simple"},"acf":[],"_links":{"self":[{"href":"https:\/\/secureus.se\/es\/wp-json\/wp\/v2\/product\/165266","targetHints":{"allow":["GET"]}}],"collection":[{"href":"https:\/\/secureus.se\/es\/wp-json\/wp\/v2\/product"}],"about":[{"href":"https:\/\/secureus.se\/es\/wp-json\/wp\/v2\/types\/product"}],"wp:featuredmedia":[{"embeddable":true,"href":"https:\/\/secureus.se\/es\/wp-json\/wp\/v2\/media\/165265"}],"wp:attachment":[{"href":"https:\/\/secureus.se\/es\/wp-json\/wp\/v2\/media?parent=165266"}],"wp:term":[{"taxonomy":"product_brand","embeddable":true,"href":"https:\/\/secureus.se\/es\/wp-json\/wp\/v2\/product_brand?post=165266"},{"taxonomy":"product_cat","embeddable":true,"href":"https:\/\/secureus.se\/es\/wp-json\/wp\/v2\/product_cat?post=165266"},{"taxonomy":"product_tag","embeddable":true,"href":"https:\/\/secureus.se\/es\/wp-json\/wp\/v2\/product_tag?post=165266"}],"curies":[{"name":"wp","href":"https:\/\/api.w.org\/{rel}","templated":true}]}}