{"id":165271,"date":"2026-05-05T14:27:20","date_gmt":"2026-05-05T12:27:20","guid":{"rendered":"https:\/\/secureus.se\/stid-architect-modular-mifare-desfire-touchscreen-reader\/"},"modified":"2026-05-05T17:48:38","modified_gmt":"2026-05-05T15:48:38","slug":"stid-architect-modular-mifare-desfire-touchscreen-reader","status":"publish","type":"product","link":"https:\/\/secureus.se\/es\/stid-architect-modular-mifare-desfire-touchscreen-reader\/","title":{"rendered":"STid Architect\u00ae Modular MIFARE\u00ae &amp; DESFire\u00ae Touchscreen Reader"},"content":{"rendered":"<p>El lector t\u00e1ctil modular STid Architect\u00ae cuenta con una pantalla t\u00e1ctil a color que muestra un teclado o informaci\u00f3n adicional. Adem\u00e1s, incluye una funci\u00f3n de codificaci\u00f3n aleatoria de los n\u00fameros en la pantalla, lo que refuerza la seguridad y evita el robo de c\u00f3digos de acceso.<\/p>\n<ul>\n<li>Lector HCE seguro RFID y NFC con pantalla t\u00e1ctil a color para teclado.<\/li>\n<li>Contiene una funci\u00f3n segura de &quot;tecla de cifrado&quot;<\/li>\n<li>Rango de lectura de hasta 4 cm<\/li>\n<\/ul>\n<p>N\u00famero de pieza del fabricante: ARC-R31-C\/PH5-3i\/1<\/p>\n<p>\n <strong><br \/>\n Peso del producto:<br \/>\n 1,00 kg<br \/>\n <\/strong>\n <\/p>\n<p>\n <strong>Precio desde 372,00 \u20ac<\/strong>\n <\/p>","protected":false},"excerpt":{"rendered":"<p>The STid Architect\u00ae Modular touchscreen reader contains a colour touch screen to display a keypad or additional information. The reader also contains a \u2018scramble pad\u2019 function for the keypad to<\/p>","protected":false},"featured_media":165267,"template":"","meta":{"_acf_changed":false},"product_brand":[],"product_cat":[5132],"product_tag":[],"class_list":{"0":"post-165271","1":"product","2":"type-product","3":"status-publish","4":"has-post-thumbnail","6":"product_cat-lasare-passersystem","7":"pa_brands-stid","8":"tm-no-options","10":"first","11":"outofstock","12":"sale","13":"taxable","14":"shipping-taxable","15":"purchasable","16":"product-type-simple"},"acf":[],"_links":{"self":[{"href":"https:\/\/secureus.se\/es\/wp-json\/wp\/v2\/product\/165271","targetHints":{"allow":["GET"]}}],"collection":[{"href":"https:\/\/secureus.se\/es\/wp-json\/wp\/v2\/product"}],"about":[{"href":"https:\/\/secureus.se\/es\/wp-json\/wp\/v2\/types\/product"}],"wp:featuredmedia":[{"embeddable":true,"href":"https:\/\/secureus.se\/es\/wp-json\/wp\/v2\/media\/165267"}],"wp:attachment":[{"href":"https:\/\/secureus.se\/es\/wp-json\/wp\/v2\/media?parent=165271"}],"wp:term":[{"taxonomy":"product_brand","embeddable":true,"href":"https:\/\/secureus.se\/es\/wp-json\/wp\/v2\/product_brand?post=165271"},{"taxonomy":"product_cat","embeddable":true,"href":"https:\/\/secureus.se\/es\/wp-json\/wp\/v2\/product_cat?post=165271"},{"taxonomy":"product_tag","embeddable":true,"href":"https:\/\/secureus.se\/es\/wp-json\/wp\/v2\/product_tag?post=165271"}],"curies":[{"name":"wp","href":"https:\/\/api.w.org\/{rel}","templated":true}]}}