{"id":165273,"date":"2026-05-05T14:27:29","date_gmt":"2026-05-05T12:27:29","guid":{"rendered":"https:\/\/secureus.se\/hid-omnikey-3121-smart-card-reader-r31210320-01\/"},"modified":"2026-05-05T17:10:46","modified_gmt":"2026-05-05T15:10:46","slug":"hid-omnikey-3121-smart-card-reader-r31210320-01","status":"publish","type":"product","link":"https:\/\/secureus.se\/es\/hid-omnikey-3121-smart-card-reader-r31210320-01\/","title":{"rendered":"Lector de tarjetas inteligentes HID Omnikey 3121 R31210320-01"},"content":{"rendered":"<p>El lector de tarjetas inteligentes HID Omnikey 3121 es un lector de alto rendimiento para uso de escritorio y viene con diferentes opciones de base para su uso tanto en posici\u00f3n vertical como horizontal. Este lector de tarjetas USB de f\u00e1cil instalaci\u00f3n es compatible con todo tipo de tarjetas sin contacto y se suministra con soporte para su fijaci\u00f3n (por ejemplo, al monitor del PC).<\/p>\n<ul>\n<li>Carcasa robusta y cable USB largo<\/li>\n<li>Transmisi\u00f3n de datos de alta velocidad<\/li>\n<li>Todos los principales sistemas operativos compatibles<\/li>\n<li>N\u00famero de pieza del fabricante: R31210320-01<\/li>\n<\/ul>\n<p>\n <strong><br \/>\n Peso del producto:<br \/>\n 0,20 kilogramos<br \/>\n <\/strong>\n <\/p>","protected":false},"excerpt":{"rendered":"<p>The HID Omnikey 3121 Smart Card Reader is a high-performance\u00a0card reader for desktop use and comes with different standing base options for both vertical and horizontal use. This easy-to-install USB<\/p>","protected":false},"featured_media":165272,"template":"","meta":{"_acf_changed":false},"product_brand":[],"product_cat":[5132],"product_tag":[],"class_list":{"0":"post-165273","1":"product","2":"type-product","3":"status-publish","4":"has-post-thumbnail","6":"product_cat-lasare-passersystem","7":"tm-no-options","9":"first","10":"instock","11":"sale","12":"taxable","13":"shipping-taxable","14":"purchasable","15":"product-type-simple"},"acf":[],"_links":{"self":[{"href":"https:\/\/secureus.se\/es\/wp-json\/wp\/v2\/product\/165273","targetHints":{"allow":["GET"]}}],"collection":[{"href":"https:\/\/secureus.se\/es\/wp-json\/wp\/v2\/product"}],"about":[{"href":"https:\/\/secureus.se\/es\/wp-json\/wp\/v2\/types\/product"}],"wp:featuredmedia":[{"embeddable":true,"href":"https:\/\/secureus.se\/es\/wp-json\/wp\/v2\/media\/165272"}],"wp:attachment":[{"href":"https:\/\/secureus.se\/es\/wp-json\/wp\/v2\/media?parent=165273"}],"wp:term":[{"taxonomy":"product_brand","embeddable":true,"href":"https:\/\/secureus.se\/es\/wp-json\/wp\/v2\/product_brand?post=165273"},{"taxonomy":"product_cat","embeddable":true,"href":"https:\/\/secureus.se\/es\/wp-json\/wp\/v2\/product_cat?post=165273"},{"taxonomy":"product_tag","embeddable":true,"href":"https:\/\/secureus.se\/es\/wp-json\/wp\/v2\/product_tag?post=165273"}],"curies":[{"name":"wp","href":"https:\/\/api.w.org\/{rel}","templated":true}]}}