{"id":165295,"date":"2026-05-05T14:27:19","date_gmt":"2026-05-05T12:27:19","guid":{"rendered":"https:\/\/secureus.se\/hid-multiclass-se-rp10-reader-with-ble\/"},"modified":"2026-05-05T17:11:46","modified_gmt":"2026-05-05T15:11:46","slug":"hid-multiclass-se-rp10-reader-with-ble","status":"publish","type":"product","link":"https:\/\/secureus.se\/es\/hid-multiclass-se-rp10-reader-with-ble\/","title":{"rendered":"HID\u00ae multiCLASS SE\u00ae RP10 Reader with BLE"},"content":{"rendered":"<p>El lector HID multiCLASS SE RP10 con BLE (Bluetooth de bajo consumo) utiliza las capacidades de Seos\u00ae y Bluetooth para la tecnolog\u00eda de gestos patentada de HID Global, \u201cTwist and Go\u201d, para tel\u00e9fonos inteligentes. Con montaje en montante o superficie plana, este lector tambi\u00e9n lee tecnolog\u00edas de 13,56 MHz y 125 kHz.<\/p>\n<ul>\n<li>iCLASS Seos\u00ae<\/li>\n<li>iCLASS, iCLASS SE\u00ae<\/li>\n<li>MIFARE\u2122 Classic, MIFARE\u2122 DESFire\u2122<\/li>\n<li>HID Prox\u00ae, AWID Prox\u00ae, EM4102<\/li>\n<\/ul>\n<p>N\u00famero de pieza del fabricante: 900PMNNEKMA003<\/p>\n<p>\n <strong><br \/>\n Peso del producto:<br \/>\n 0,50 kilogramos<br \/>\n <\/strong>\n <\/p>","protected":false},"excerpt":{"rendered":"<p>The HID multiCLASS SE RP10 Reader with BLE (Bluetooth Low Energy) uses Seos\u00ae and Bluetooth capabilities for the HID Global patented \u201cTwist and Go\u201d smartphone gesture technology. With a mullion<\/p>","protected":false},"featured_media":165290,"template":"","meta":{"_acf_changed":false},"product_brand":[],"product_cat":[5132],"product_tag":[],"class_list":{"0":"post-165295","1":"product","2":"type-product","3":"status-publish","4":"has-post-thumbnail","6":"product_cat-lasare-passersystem","7":"tm-no-options","9":"first","10":"instock","11":"sale","12":"taxable","13":"shipping-taxable","14":"purchasable","15":"product-type-simple"},"acf":[],"_links":{"self":[{"href":"https:\/\/secureus.se\/es\/wp-json\/wp\/v2\/product\/165295","targetHints":{"allow":["GET"]}}],"collection":[{"href":"https:\/\/secureus.se\/es\/wp-json\/wp\/v2\/product"}],"about":[{"href":"https:\/\/secureus.se\/es\/wp-json\/wp\/v2\/types\/product"}],"wp:featuredmedia":[{"embeddable":true,"href":"https:\/\/secureus.se\/es\/wp-json\/wp\/v2\/media\/165290"}],"wp:attachment":[{"href":"https:\/\/secureus.se\/es\/wp-json\/wp\/v2\/media?parent=165295"}],"wp:term":[{"taxonomy":"product_brand","embeddable":true,"href":"https:\/\/secureus.se\/es\/wp-json\/wp\/v2\/product_brand?post=165295"},{"taxonomy":"product_cat","embeddable":true,"href":"https:\/\/secureus.se\/es\/wp-json\/wp\/v2\/product_cat?post=165295"},{"taxonomy":"product_tag","embeddable":true,"href":"https:\/\/secureus.se\/es\/wp-json\/wp\/v2\/product_tag?post=165295"}],"curies":[{"name":"wp","href":"https:\/\/api.w.org\/{rel}","templated":true}]}}