{"id":165296,"date":"2026-05-05T14:27:28","date_gmt":"2026-05-05T12:27:28","guid":{"rendered":"https:\/\/secureus.se\/kantech-ioprox-reader-mullion-xsf-format-p225xsf\/"},"modified":"2026-05-05T17:45:08","modified_gmt":"2026-05-05T15:45:08","slug":"kantech-ioprox-reader-mullion-xsf-format-p225xsf","status":"publish","type":"product","link":"https:\/\/secureus.se\/es\/kantech-ioprox-reader-mullion-xsf-format-p225xsf\/","title":{"rendered":"Kantech ioProx Reader Mullion XSF Format P225XSF"},"content":{"rendered":"<p>Obtenga el mejor procesamiento de se\u00f1al digital con el lector Kantech ioProx Mullion XSF Format P225XSF. Le ofrece una lectura de tarjetas r\u00e1pida y fiable. Es compatible con tarjetas de proximidad Wiegand.<\/p>\n<ul>\n<li>Impermeable.<\/li>\n<li>Las tarjetas Kantech XSF pueden codificarse con m\u00e1s de 4 mil millones de c\u00f3digos \u00fanicos.<\/li>\n<li>Alcance de lectura de hasta 73 cm.<\/li>\n<\/ul>\n<p>\n <strong><br \/>\n Peso del producto:<br \/>\n 0,20 kilogramos<br \/>\n <\/strong>\n <\/p>","protected":false},"excerpt":{"rendered":"<p>Obtenga el mejor procesamiento de se\u00f1al digital con el lector Kantech ioProx Mullion XSF Format P225XSF. Le ofrece una lectura de tarjetas r\u00e1pida y fiable. Es compatible con tarjetas de proximidad Wiegand.<\/p>","protected":false},"featured_media":165287,"template":"","meta":{"_acf_changed":false},"product_brand":[],"product_cat":[5132],"product_tag":[],"class_list":{"0":"post-165296","1":"product","2":"type-product","3":"status-publish","4":"has-post-thumbnail","6":"product_cat-lasare-passersystem","7":"pa_brands-kantech","8":"tm-no-options","10":"first","11":"outofstock","12":"sale","13":"taxable","14":"shipping-taxable","15":"purchasable","16":"product-type-simple"},"acf":[],"_links":{"self":[{"href":"https:\/\/secureus.se\/es\/wp-json\/wp\/v2\/product\/165296","targetHints":{"allow":["GET"]}}],"collection":[{"href":"https:\/\/secureus.se\/es\/wp-json\/wp\/v2\/product"}],"about":[{"href":"https:\/\/secureus.se\/es\/wp-json\/wp\/v2\/types\/product"}],"wp:featuredmedia":[{"embeddable":true,"href":"https:\/\/secureus.se\/es\/wp-json\/wp\/v2\/media\/165287"}],"wp:attachment":[{"href":"https:\/\/secureus.se\/es\/wp-json\/wp\/v2\/media?parent=165296"}],"wp:term":[{"taxonomy":"product_brand","embeddable":true,"href":"https:\/\/secureus.se\/es\/wp-json\/wp\/v2\/product_brand?post=165296"},{"taxonomy":"product_cat","embeddable":true,"href":"https:\/\/secureus.se\/es\/wp-json\/wp\/v2\/product_cat?post=165296"},{"taxonomy":"product_tag","embeddable":true,"href":"https:\/\/secureus.se\/es\/wp-json\/wp\/v2\/product_tag?post=165296"}],"curies":[{"name":"wp","href":"https:\/\/api.w.org\/{rel}","templated":true}]}}