{"id":165316,"date":"2026-05-05T14:27:28","date_gmt":"2026-05-05T12:27:28","guid":{"rendered":"https:\/\/secureus.se\/honeywell-voyager-1202g-cordless-laser-usb-scanner-kit\/"},"modified":"2026-05-05T17:10:54","modified_gmt":"2026-05-05T15:10:54","slug":"honeywell-voyager-1202g-cordless-laser-usb-scanner-kit","status":"publish","type":"product","link":"https:\/\/secureus.se\/es\/honeywell-voyager-1202g-cordless-laser-usb-scanner-kit\/","title":{"rendered":"Honeywell Voyager 1202G Cordless Laser USB Scanner Kit"},"content":{"rendered":"<p>El esc\u00e1ner de una l\u00ednea USB Honeywell Voyager 1202G incorpora la libertad de la tecnolog\u00eda inal\u00e1mbrica Bluetooth 2.1 para ofrecer una flexibilidad total en el escaneo de alto rendimiento, manos libres y port\u00e1til. El 1202G puede escanear con precisi\u00f3n pr\u00e1cticamente todos los c\u00f3digos de barras lineales, desde alta densidad hasta 3,5 mil\u00e9simas de pulgada, y su bater\u00eda reemplazable permite un cambio r\u00e1pido y sencillo para un uso continuo.<\/p>\n<ul>\n<li>Soporte incluido<\/li>\n<li>Movimiento sin restricciones hasta 10 m desde la base.<\/li>\n<li>Dimensiones: 7,1\u201d x 3,6\u201d x 2,6\u201d (alto x ancho x profundidad)<\/li>\n<li>Interfaces compatibles: USB, RS232, Keyboard Wedge, IBM 46xx (RS485)<\/li>\n<li>Velocidad de escaneo: hasta 45.000 escaneos por carga.<\/li>\n<\/ul>\n<p>\n <strong><br \/>\n Peso del producto:<br \/>\n 1,00 kg<br \/>\n <\/strong>\n <\/p>","protected":false},"excerpt":{"rendered":"<p>The Honeywell Voyager 1202G USB single-line scanner incorporates the freedom of Bluetooth 2.1 wireless technology to offer complete flexibility for high-performance, hands-free and handheld scanning. The 1202G can \u2018aggressively\u2019 scan<\/p>","protected":false},"featured_media":165315,"template":"","meta":{"_acf_changed":false},"product_brand":[],"product_cat":[5132],"product_tag":[],"class_list":{"0":"post-165316","1":"product","2":"type-product","3":"status-publish","4":"has-post-thumbnail","6":"product_cat-lasare-passersystem","7":"tm-no-options","9":"first","10":"outofstock","11":"sale","12":"taxable","13":"shipping-taxable","14":"purchasable","15":"product-type-simple"},"acf":[],"_links":{"self":[{"href":"https:\/\/secureus.se\/es\/wp-json\/wp\/v2\/product\/165316","targetHints":{"allow":["GET"]}}],"collection":[{"href":"https:\/\/secureus.se\/es\/wp-json\/wp\/v2\/product"}],"about":[{"href":"https:\/\/secureus.se\/es\/wp-json\/wp\/v2\/types\/product"}],"wp:featuredmedia":[{"embeddable":true,"href":"https:\/\/secureus.se\/es\/wp-json\/wp\/v2\/media\/165315"}],"wp:attachment":[{"href":"https:\/\/secureus.se\/es\/wp-json\/wp\/v2\/media?parent=165316"}],"wp:term":[{"taxonomy":"product_brand","embeddable":true,"href":"https:\/\/secureus.se\/es\/wp-json\/wp\/v2\/product_brand?post=165316"},{"taxonomy":"product_cat","embeddable":true,"href":"https:\/\/secureus.se\/es\/wp-json\/wp\/v2\/product_cat?post=165316"},{"taxonomy":"product_tag","embeddable":true,"href":"https:\/\/secureus.se\/es\/wp-json\/wp\/v2\/product_tag?post=165316"}],"curies":[{"name":"wp","href":"https:\/\/api.w.org\/{rel}","templated":true}]}}