{"id":165336,"date":"2026-05-05T14:27:19","date_gmt":"2026-05-05T12:27:19","guid":{"rendered":"https:\/\/secureus.se\/hid-signo-40-white-reader-terminal-connection\/"},"modified":"2026-05-05T17:11:49","modified_gmt":"2026-05-05T15:11:49","slug":"hid-signo-40-white-reader-terminal-connection","status":"publish","type":"product","link":"https:\/\/secureus.se\/es\/hid-signo-40-white-reader-terminal-connection\/","title":{"rendered":"HID\u00ae Signo\u2122 40 White Reader &#8211; Terminal Connection"},"content":{"rendered":"<p>El lector HID Signo 40 blanco est\u00e1 dise\u00f1ado para el control de acceso profesional gestionado mediante HID Mobile Access\u00ae. F\u00e1cil de instalar sobre una caja de interruptores de pared, este lector sin contacto permite una migraci\u00f3n sencilla del control de acceso a trav\u00e9s de las frecuencias de 2,4 GHz, 13,56 MHz y 125 kHz.<\/p>\n<ul>\n<li>iCLASS Seos\u00ae<\/li>\n<li>iCLASS, iCLASS SE\u00ae, CEPAS<\/li>\n<li>MIFARE\u2122 Classic, MIFARE\u2122 DESFire\u2122<\/li>\n<li>HID Prox\u00ae, Indala Prox\u00ae, AWID Prox\u00ae, EM Prox\u00ae<\/li>\n<li>Tambi\u00e9n disponible en negro.<\/li>\n<\/ul>\n<p>Conexi\u00f3n de terminal<\/p>\n<p>N\u00famero de pieza del fabricante: 40TWS-00-000000<\/p>\n<p>\n <strong><br \/>\n Peso del producto:<br \/>\n 1,00 kg<br \/>\n <\/strong>\n <\/p>\n<p>\n <strong>Precio desde 211,20 \u20ac<\/strong>\n <\/p>","protected":false},"excerpt":{"rendered":"<p>The HID Signo 40 White Reader is designed for professional access control managed via HID Mobile Access\u00ae. Easy to install over a wall switch box, this contactless reader enables easy<\/p>","protected":false},"featured_media":165333,"template":"","meta":{"_acf_changed":false},"product_brand":[],"product_cat":[5132],"product_tag":[],"class_list":{"0":"post-165336","1":"product","2":"type-product","3":"status-publish","4":"has-post-thumbnail","6":"product_cat-lasare-passersystem","7":"tm-no-options","9":"first","10":"outofstock","11":"sale","12":"taxable","13":"shipping-taxable","14":"purchasable","15":"product-type-simple"},"acf":[],"_links":{"self":[{"href":"https:\/\/secureus.se\/es\/wp-json\/wp\/v2\/product\/165336","targetHints":{"allow":["GET"]}}],"collection":[{"href":"https:\/\/secureus.se\/es\/wp-json\/wp\/v2\/product"}],"about":[{"href":"https:\/\/secureus.se\/es\/wp-json\/wp\/v2\/types\/product"}],"wp:featuredmedia":[{"embeddable":true,"href":"https:\/\/secureus.se\/es\/wp-json\/wp\/v2\/media\/165333"}],"wp:attachment":[{"href":"https:\/\/secureus.se\/es\/wp-json\/wp\/v2\/media?parent=165336"}],"wp:term":[{"taxonomy":"product_brand","embeddable":true,"href":"https:\/\/secureus.se\/es\/wp-json\/wp\/v2\/product_brand?post=165336"},{"taxonomy":"product_cat","embeddable":true,"href":"https:\/\/secureus.se\/es\/wp-json\/wp\/v2\/product_cat?post=165336"},{"taxonomy":"product_tag","embeddable":true,"href":"https:\/\/secureus.se\/es\/wp-json\/wp\/v2\/product_tag?post=165336"}],"curies":[{"name":"wp","href":"https:\/\/api.w.org\/{rel}","templated":true}]}}