{"id":165353,"date":"2026-05-05T14:27:27","date_gmt":"2026-05-05T12:27:27","guid":{"rendered":"https:\/\/secureus.se\/zebra-ls1203-sr-scanner-usb-kit\/"},"modified":"2026-05-05T17:45:52","modified_gmt":"2026-05-05T15:45:52","slug":"zebra-ls1203-sr-scanner-usb-kit","status":"publish","type":"product","link":"https:\/\/secureus.se\/es\/zebra-ls1203-sr-scanner-usb-kit\/","title":{"rendered":"Zebra LS1203 SR Scanner USB Kit"},"content":{"rendered":"<p>El esc\u00e1ner Zebra LS1203 SR ofrece funcionalidad, fiabilidad y reduce significativamente los errores de entrada de datos para mejorar la productividad en el lugar de trabajo. Dise\u00f1ado para peque\u00f1as empresas, este esc\u00e1ner port\u00e1til bidireccional lee todos los c\u00f3digos de barras 1D y su dise\u00f1o plug-and-play permite una configuraci\u00f3n instant\u00e1nea. Este esc\u00e1ner l\u00e1ser SR tiene un alcance de trabajo desde el contacto hasta 25 cm y una resistencia a ca\u00eddas de 1,5 m sobre hormig\u00f3n.<\/p>\n<ul>\n<li>Incluye cable USB y soporte.<\/li>\n<li>Interfaz m\u00faltiple con cable<\/li>\n<li>Dimensiones: 7,1\u201d x 2,4\u201d x 2,4\u201d (alto x ancho x profundidad)<\/li>\n<li>Interfaces compatibles: USB, RS232, Keyboard Wedge<\/li>\n<li>Frecuencia de escaneo: 100 escaneos por segundo<\/li>\n<\/ul>\n<p>\n <strong><br \/>\n Peso del producto:<br \/>\n 1,00 kg<br \/>\n <\/strong>\n <\/p>","protected":false},"excerpt":{"rendered":"<p>The Zebra LS1203 SR scanner delivers functionality, reliability and significantly reduces data entry errors to improve productivity in the workplace. Designed for small businesses, this bi-directional handheld scanner reads all<\/p>","protected":false},"featured_media":165350,"template":"","meta":{"_acf_changed":false},"product_brand":[],"product_cat":[5132],"product_tag":[],"class_list":{"0":"post-165353","1":"product","2":"type-product","3":"status-publish","4":"has-post-thumbnail","6":"product_cat-lasare-passersystem","7":"pa_brands-zebra-2","8":"tm-no-options","10":"first","11":"outofstock","12":"sale","13":"taxable","14":"shipping-taxable","15":"purchasable","16":"product-type-simple"},"acf":[],"_links":{"self":[{"href":"https:\/\/secureus.se\/es\/wp-json\/wp\/v2\/product\/165353","targetHints":{"allow":["GET"]}}],"collection":[{"href":"https:\/\/secureus.se\/es\/wp-json\/wp\/v2\/product"}],"about":[{"href":"https:\/\/secureus.se\/es\/wp-json\/wp\/v2\/types\/product"}],"wp:featuredmedia":[{"embeddable":true,"href":"https:\/\/secureus.se\/es\/wp-json\/wp\/v2\/media\/165350"}],"wp:attachment":[{"href":"https:\/\/secureus.se\/es\/wp-json\/wp\/v2\/media?parent=165353"}],"wp:term":[{"taxonomy":"product_brand","embeddable":true,"href":"https:\/\/secureus.se\/es\/wp-json\/wp\/v2\/product_brand?post=165353"},{"taxonomy":"product_cat","embeddable":true,"href":"https:\/\/secureus.se\/es\/wp-json\/wp\/v2\/product_cat?post=165353"},{"taxonomy":"product_tag","embeddable":true,"href":"https:\/\/secureus.se\/es\/wp-json\/wp\/v2\/product_tag?post=165353"}],"curies":[{"name":"wp","href":"https:\/\/api.w.org\/{rel}","templated":true}]}}