{"id":165360,"date":"2026-05-05T14:27:18","date_gmt":"2026-05-05T12:27:18","guid":{"rendered":"https:\/\/secureus.se\/pac-black-20119-oneprox-gs3-hf-panel-mount-reader\/"},"modified":"2026-05-05T17:23:22","modified_gmt":"2026-05-05T15:23:22","slug":"pac-black-20119-oneprox-gs3-hf-panel-mount-reader","status":"publish","type":"product","link":"https:\/\/secureus.se\/es\/pac-black-20119-oneprox-gs3-hf-panel-mount-reader\/","title":{"rendered":"PAC Black 20119 OneProx GS3 HF Panel Mount Reader"},"content":{"rendered":"<p>El lector de panel de alta frecuencia PAC OneProx GS3 negro est\u00e1 dise\u00f1ado para adaptarse a los paneles de entrada OEM, lo que facilita su integraci\u00f3n con intercomunicadores y otros sistemas. Dise\u00f1ado para funcionar en los entornos operativos m\u00e1s exigentes, este lector cuenta con clasificaci\u00f3n IP65, lo que lo hace resistente a la intemperie tanto en interiores como en exteriores. Este lector es la versi\u00f3n de alta frecuencia del lector de panel de baja frecuencia OneProx GS3.<\/p>\n<ul>\n<li>Compatible con PAC Ops, PAC Ops Lite y muchas variantes de Wiegand.<\/li>\n<li>Rango de lectura de 20 mm<\/li>\n<li>Garant\u00eda de por vida contra fallas electr\u00f3nicas<\/li>\n<\/ul>\n<p>\n <strong><br \/>\n Peso del producto:<br \/>\n 0,50 kilogramos<br \/>\n <\/strong>\n <\/p>\n<p>\n <strong>Precio desde 277,20 \u20ac<\/strong>\n <\/p>","protected":false},"excerpt":{"rendered":"<p>The PAC black OneProx GS3 high-frequency panel mount reader.is designed to fit OEM door entry panels which makes it an easy retrofit reader option for integration with intercoms and other<\/p>","protected":false},"featured_media":165359,"template":"","meta":{"_acf_changed":false},"product_brand":[],"product_cat":[5132],"product_tag":[],"class_list":{"0":"post-165360","1":"product","2":"type-product","3":"status-publish","4":"has-post-thumbnail","6":"product_cat-lasare-passersystem","7":"tm-no-options","9":"first","10":"outofstock","11":"sale","12":"taxable","13":"shipping-taxable","14":"purchasable","15":"product-type-simple"},"acf":[],"_links":{"self":[{"href":"https:\/\/secureus.se\/es\/wp-json\/wp\/v2\/product\/165360","targetHints":{"allow":["GET"]}}],"collection":[{"href":"https:\/\/secureus.se\/es\/wp-json\/wp\/v2\/product"}],"about":[{"href":"https:\/\/secureus.se\/es\/wp-json\/wp\/v2\/types\/product"}],"wp:featuredmedia":[{"embeddable":true,"href":"https:\/\/secureus.se\/es\/wp-json\/wp\/v2\/media\/165359"}],"wp:attachment":[{"href":"https:\/\/secureus.se\/es\/wp-json\/wp\/v2\/media?parent=165360"}],"wp:term":[{"taxonomy":"product_brand","embeddable":true,"href":"https:\/\/secureus.se\/es\/wp-json\/wp\/v2\/product_brand?post=165360"},{"taxonomy":"product_cat","embeddable":true,"href":"https:\/\/secureus.se\/es\/wp-json\/wp\/v2\/product_cat?post=165360"},{"taxonomy":"product_tag","embeddable":true,"href":"https:\/\/secureus.se\/es\/wp-json\/wp\/v2\/product_tag?post=165360"}],"curies":[{"name":"wp","href":"https:\/\/api.w.org\/{rel}","templated":true}]}}