{"id":165366,"date":"2026-05-05T14:27:24","date_gmt":"2026-05-05T12:27:24","guid":{"rendered":"https:\/\/secureus.se\/hid-signo-express-20-reader\/"},"modified":"2026-05-05T17:47:13","modified_gmt":"2026-05-05T15:47:13","slug":"hid-signo-express-20-reader","status":"publish","type":"product","link":"https:\/\/secureus.se\/es\/hid-signo-express-20-reader\/","title":{"rendered":"HID\u00ae Signo\u2122 Express 20 Reader"},"content":{"rendered":"<p>Presentamos el lector HID\u00ae Signo\u2122 Express 20: su soluci\u00f3n optimizada para un control de acceso f\u00edsico seguro. Dise\u00f1ado pensando en la flexibilidad y la asequibilidad, ofrece funciones esenciales adaptadas a sus necesidades.<\/p>\n<p>Empiece a usarlo en minutos con opciones preconfiguradas listas para usar. Benef\u00edciese del extraordinario rendimiento de Seos\u00ae, que garantiza la mejor experiencia de usuario tanto con tarjetas f\u00edsicas como con credenciales m\u00f3viles.<\/p>\n<p>With support for industry-leading Seos\u00ae credential technology, enjoy robust encryption and unrivaled privacy protection. Seamlessly integrate mobile access via Bluetooth LE and NFC technologies, meeting the demands of today&#8217;s mobile-first world.<\/p>\n<p>Las conexiones de salida y terminales Wiegand estandarizadas simplifican la instalaci\u00f3n, mientras que la compatibilidad con Bluetooth LE facilita las actualizaciones y la gesti\u00f3n. Compatible con HID Reader Manager para una configuraci\u00f3n y actualizaci\u00f3n de firmware sencillas en campo.<\/p>\n<p>N\u00famero de pieza del fabricante: 20XTKK-X0-000000<\/p>\n<p>\n <strong><br \/>\n Peso del producto:<br \/>\n 0,50 kilogramos<br \/>\n <\/strong>\n <\/p>\n<p>\n <strong>Precio desde 114,00 \u20ac<\/strong>\n <\/p>","protected":false},"excerpt":{"rendered":"<p>Presentamos el lector HID\u00ae Signo\u2122 Express 20: su soluci\u00f3n optimizada para un control de acceso f\u00edsico seguro. Dise\u00f1ado pensando en la flexibilidad y la asequibilidad, ofrece funciones esenciales adaptadas a sus necesidades.<\/p>","protected":false},"featured_media":165365,"template":"","meta":{"_acf_changed":false},"product_brand":[],"product_cat":[5132],"product_tag":[],"class_list":{"0":"post-165366","1":"product","2":"type-product","3":"status-publish","4":"has-post-thumbnail","6":"product_cat-lasare-passersystem","7":"pa_brands-hid","8":"tm-no-options","10":"first","11":"instock","12":"sale","13":"taxable","14":"shipping-taxable","15":"purchasable","16":"product-type-simple"},"acf":[],"_links":{"self":[{"href":"https:\/\/secureus.se\/es\/wp-json\/wp\/v2\/product\/165366","targetHints":{"allow":["GET"]}}],"collection":[{"href":"https:\/\/secureus.se\/es\/wp-json\/wp\/v2\/product"}],"about":[{"href":"https:\/\/secureus.se\/es\/wp-json\/wp\/v2\/types\/product"}],"wp:featuredmedia":[{"embeddable":true,"href":"https:\/\/secureus.se\/es\/wp-json\/wp\/v2\/media\/165365"}],"wp:attachment":[{"href":"https:\/\/secureus.se\/es\/wp-json\/wp\/v2\/media?parent=165366"}],"wp:term":[{"taxonomy":"product_brand","embeddable":true,"href":"https:\/\/secureus.se\/es\/wp-json\/wp\/v2\/product_brand?post=165366"},{"taxonomy":"product_cat","embeddable":true,"href":"https:\/\/secureus.se\/es\/wp-json\/wp\/v2\/product_cat?post=165366"},{"taxonomy":"product_tag","embeddable":true,"href":"https:\/\/secureus.se\/es\/wp-json\/wp\/v2\/product_tag?post=165366"}],"curies":[{"name":"wp","href":"https:\/\/api.w.org\/{rel}","templated":true}]}}