{"id":165374,"date":"2026-05-05T14:27:25","date_gmt":"2026-05-05T12:27:25","guid":{"rendered":"https:\/\/secureus.se\/pac-12182-ds1-reader\/"},"modified":"2026-05-05T17:11:23","modified_gmt":"2026-05-05T15:11:23","slug":"pac-12182-ds1-reader","status":"publish","type":"product","link":"https:\/\/secureus.se\/es\/pac-12182-ds1-reader\/","title":{"rendered":"PAC 12182 DS1 Reader"},"content":{"rendered":"<p>El lector PAC DS1 de alta frecuencia combina la exclusiva tecnolog\u00eda One prox smart (Ops) de PAC con los protocolos de cifrado de dispositivos de identificaci\u00f3n MIFARE y DESFIRE EV1, l\u00edderes en la industria, para lograr el m\u00e1ximo nivel de seguridad en el control de acceso RFID. Esta combinaci\u00f3n ofrece una seguridad sin igual, ya que el dispositivo de identificaci\u00f3n no se puede clonar, a diferencia de muchos dispositivos de identificaci\u00f3n de baja frecuencia. Este lector es solo para uso en interiores.<\/p>\n<ul>\n<li>Compatible con PAC Ops, PAC Ops Lite y credenciales de terceros (a trav\u00e9s de Wiegand).<\/li>\n<li>Rango de lectura de 45 mm<\/li>\n<li>Garant\u00eda de 1 a\u00f1o contra fallas electr\u00f3nicas<\/li>\n<\/ul>\n<p>\n <strong><br \/>\n Peso del producto:<br \/>\n 0,50 kilogramos<br \/>\n <\/strong>\n <\/p>\n<p>\n <strong>Precio desde 153,30 \u20ac<\/strong>\n <\/p>","protected":false},"excerpt":{"rendered":"<p>The high-frequency PAC DS1 reader combines PACs unique One prox smart (Ops) technology with industry-leading MIFARE and DESFIRE EV1 ID device encryption protocols to achieve the highest standard of RFID<\/p>","protected":false},"featured_media":165373,"template":"","meta":{"_acf_changed":false},"product_brand":[],"product_cat":[5132],"product_tag":[],"class_list":{"0":"post-165374","1":"product","2":"type-product","3":"status-publish","4":"has-post-thumbnail","6":"product_cat-lasare-passersystem","7":"tm-no-options","9":"first","10":"outofstock","11":"sale","12":"taxable","13":"shipping-taxable","14":"purchasable","15":"product-type-simple"},"acf":[],"_links":{"self":[{"href":"https:\/\/secureus.se\/es\/wp-json\/wp\/v2\/product\/165374","targetHints":{"allow":["GET"]}}],"collection":[{"href":"https:\/\/secureus.se\/es\/wp-json\/wp\/v2\/product"}],"about":[{"href":"https:\/\/secureus.se\/es\/wp-json\/wp\/v2\/types\/product"}],"wp:featuredmedia":[{"embeddable":true,"href":"https:\/\/secureus.se\/es\/wp-json\/wp\/v2\/media\/165373"}],"wp:attachment":[{"href":"https:\/\/secureus.se\/es\/wp-json\/wp\/v2\/media?parent=165374"}],"wp:term":[{"taxonomy":"product_brand","embeddable":true,"href":"https:\/\/secureus.se\/es\/wp-json\/wp\/v2\/product_brand?post=165374"},{"taxonomy":"product_cat","embeddable":true,"href":"https:\/\/secureus.se\/es\/wp-json\/wp\/v2\/product_cat?post=165374"},{"taxonomy":"product_tag","embeddable":true,"href":"https:\/\/secureus.se\/es\/wp-json\/wp\/v2\/product_tag?post=165374"}],"curies":[{"name":"wp","href":"https:\/\/api.w.org\/{rel}","templated":true}]}}