{"id":165398,"date":"2026-05-05T14:27:26","date_gmt":"2026-05-05T12:27:26","guid":{"rendered":"https:\/\/secureus.se\/pac-20120-oneprox-gs3-hf-mullion-reader\/"},"modified":"2026-05-05T17:46:19","modified_gmt":"2026-05-05T15:46:19","slug":"pac-20120-oneprox-gs3-hf-mullion-reader","status":"publish","type":"product","link":"https:\/\/secureus.se\/es\/pac-20120-oneprox-gs3-hf-mullion-reader\/","title":{"rendered":"PAC 20120 OneProx GS3 HF Mullion Reader"},"content":{"rendered":"<p>El lector de marcos PAC OneProx GS3 HF est\u00e1 dise\u00f1ado para funcionar en los entornos operativos m\u00e1s exigentes y es ideal para su instalaci\u00f3n en marcos de puertas, tanto en interiores como en exteriores. El lector cuenta con una clasificaci\u00f3n IP65 y es resistente a la intemperie, apto para uso en interiores y exteriores.<\/p>\n<ul>\n<li>Compatible con PAC Ops, PAC Ops Lite y muchas variantes de Wiegand.<\/li>\n<li>Rango de lectura de 45 mm<\/li>\n<li>Garant\u00eda de por vida contra fallas electr\u00f3nicas<\/li>\n<\/ul>\n<p>\n <strong><br \/>\n Peso del producto:<br \/>\n 0,20 kilogramos<br \/>\n <\/strong>\n <\/p>\n<p>\n <strong>Precio desde 216,00 \u20ac<\/strong>\n <\/p>","protected":false},"excerpt":{"rendered":"<p>The PAC OneProx GS3 HF mullion reader is designed to work in the most demanding of operating environments and is ideal for fitting on doorframes, internally or externally. The reader<\/p>","protected":false},"featured_media":165396,"template":"","meta":{"_acf_changed":false},"product_brand":[],"product_cat":[5132],"product_tag":[],"class_list":{"0":"post-165398","1":"product","2":"type-product","3":"status-publish","4":"has-post-thumbnail","6":"product_cat-lasare-passersystem","7":"pa_brands-pac","8":"tm-no-options","10":"first","11":"outofstock","12":"sale","13":"taxable","14":"shipping-taxable","15":"purchasable","16":"product-type-simple"},"acf":[],"_links":{"self":[{"href":"https:\/\/secureus.se\/es\/wp-json\/wp\/v2\/product\/165398","targetHints":{"allow":["GET"]}}],"collection":[{"href":"https:\/\/secureus.se\/es\/wp-json\/wp\/v2\/product"}],"about":[{"href":"https:\/\/secureus.se\/es\/wp-json\/wp\/v2\/types\/product"}],"wp:featuredmedia":[{"embeddable":true,"href":"https:\/\/secureus.se\/es\/wp-json\/wp\/v2\/media\/165396"}],"wp:attachment":[{"href":"https:\/\/secureus.se\/es\/wp-json\/wp\/v2\/media?parent=165398"}],"wp:term":[{"taxonomy":"product_brand","embeddable":true,"href":"https:\/\/secureus.se\/es\/wp-json\/wp\/v2\/product_brand?post=165398"},{"taxonomy":"product_cat","embeddable":true,"href":"https:\/\/secureus.se\/es\/wp-json\/wp\/v2\/product_cat?post=165398"},{"taxonomy":"product_tag","embeddable":true,"href":"https:\/\/secureus.se\/es\/wp-json\/wp\/v2\/product_tag?post=165398"}],"curies":[{"name":"wp","href":"https:\/\/api.w.org\/{rel}","templated":true}]}}