{"id":165403,"date":"2026-05-05T14:27:25","date_gmt":"2026-05-05T12:27:25","guid":{"rendered":"https:\/\/secureus.se\/stid-arc-one-mullion-mifare-desfire-reader\/"},"modified":"2026-05-05T17:11:27","modified_gmt":"2026-05-05T15:11:27","slug":"stid-arc-one-mullion-mifare-desfire-reader","status":"publish","type":"product","link":"https:\/\/secureus.se\/es\/stid-arc-one-mullion-mifare-desfire-reader\/","title":{"rendered":"STid Arc One Mullion MIFARE\u00ae &amp; DESFire\u00ae Reader"},"content":{"rendered":"<p>Dise\u00f1ado espec\u00edficamente para espacios reducidos como marcos de puertas o montajes estrechos, el lector Arc One Mullion se integra f\u00e1cilmente en cualquier entorno de instalaci\u00f3n. Es resistente a la intemperie gracias a sus componentes electr\u00f3nicos impermeables, lo que lo hace ideal tanto para interiores como para exteriores. El lector Arc One Mullion funciona a una frecuencia de 13,56 MHz y es uno de los lectores m\u00e1s seguros y compactos del mercado.<\/p>\n<ul>\n<li>El lector de control de acceso m\u00e1s premiado del mundo.<\/li>\n<li>Dise\u00f1ado para espacios peque\u00f1os<\/li>\n<li>Rango de lectura de hasta 6 cm<\/li>\n<\/ul>\n<p>N\u00famero de pieza del fabricante: ARC1-R31-B\/PH5-3i\/1<\/p>\n<p>\n <strong><br \/>\n Peso del producto:<br \/>\n 1,00 kg<br \/>\n <\/strong>\n <\/p>\n<p>\n <strong>Precio desde 138,00 \u20ac<\/strong>\n <\/p>","protected":false},"excerpt":{"rendered":"<p>Specifically designed to fit into small spaces such as door frames or narrow mounting, the Arc One Mullion reader is easy to incorporate into any installation environment. The reader is<\/p>","protected":false},"featured_media":165399,"template":"","meta":{"_acf_changed":false},"product_brand":[],"product_cat":[5132],"product_tag":[],"class_list":{"0":"post-165403","1":"product","2":"type-product","3":"status-publish","4":"has-post-thumbnail","6":"product_cat-lasare-passersystem","7":"tm-no-options","9":"first","10":"instock","11":"sale","12":"taxable","13":"shipping-taxable","14":"purchasable","15":"product-type-simple"},"acf":[],"_links":{"self":[{"href":"https:\/\/secureus.se\/es\/wp-json\/wp\/v2\/product\/165403","targetHints":{"allow":["GET"]}}],"collection":[{"href":"https:\/\/secureus.se\/es\/wp-json\/wp\/v2\/product"}],"about":[{"href":"https:\/\/secureus.se\/es\/wp-json\/wp\/v2\/types\/product"}],"wp:featuredmedia":[{"embeddable":true,"href":"https:\/\/secureus.se\/es\/wp-json\/wp\/v2\/media\/165399"}],"wp:attachment":[{"href":"https:\/\/secureus.se\/es\/wp-json\/wp\/v2\/media?parent=165403"}],"wp:term":[{"taxonomy":"product_brand","embeddable":true,"href":"https:\/\/secureus.se\/es\/wp-json\/wp\/v2\/product_brand?post=165403"},{"taxonomy":"product_cat","embeddable":true,"href":"https:\/\/secureus.se\/es\/wp-json\/wp\/v2\/product_cat?post=165403"},{"taxonomy":"product_tag","embeddable":true,"href":"https:\/\/secureus.se\/es\/wp-json\/wp\/v2\/product_tag?post=165403"}],"curies":[{"name":"wp","href":"https:\/\/api.w.org\/{rel}","templated":true}]}}