{"id":165408,"date":"2026-05-05T14:27:26","date_gmt":"2026-05-05T12:27:26","guid":{"rendered":"https:\/\/secureus.se\/pac-20121-oneprox-gs3-hf-standard-reader\/"},"modified":"2026-05-05T17:12:03","modified_gmt":"2026-05-05T15:12:03","slug":"pac-20121-oneprox-gs3-hf-standard-reader","status":"publish","type":"product","link":"https:\/\/secureus.se\/es\/pac-20121-oneprox-gs3-hf-standard-reader\/","title":{"rendered":"PAC 20121 OneProx GS3 HF Standard Reader"},"content":{"rendered":"<p>El lector est\u00e1ndar PAC OneProx GS3 HF ofrece la misma funcionalidad que el lector de montantes de alta frecuencia OneProx, pero en un formato m\u00e1s grande. Este lector est\u00e1 dise\u00f1ado para funcionar en los entornos operativos m\u00e1s exigentes y cuenta con una clasificaci\u00f3n IP65, lo que lo hace resistente a la intemperie, tanto para uso en interiores como en exteriores.<\/p>\n<ul>\n<li>Compatible con PAC Ops, PAC Ops Lite y muchas variantes de Wiegand.<\/li>\n<li>Rango de lectura de 65 mm<\/li>\n<li>Garant\u00eda de por vida contra fallas electr\u00f3nicas<\/li>\n<\/ul>\n<p>\n <strong><br \/>\n Peso del producto:<br \/>\n 0,50 kilogramos<br \/>\n <\/strong>\n <\/p>\n<p>\n <strong>Precio desde 216,00 \u20ac<\/strong>\n <\/p>","protected":false},"excerpt":{"rendered":"<p>The PAC OneProx GS3 HF standard reader provides the same functionality as the OneProx high-frequency mullion reader but in a larger form. This reader is designed to work in the<\/p>","protected":false},"featured_media":165406,"template":"","meta":{"_acf_changed":false},"product_brand":[],"product_cat":[5132],"product_tag":[],"class_list":{"0":"post-165408","1":"product","2":"type-product","3":"status-publish","4":"has-post-thumbnail","6":"product_cat-lasare-passersystem","7":"tm-no-options","9":"first","10":"outofstock","11":"sale","12":"taxable","13":"shipping-taxable","14":"purchasable","15":"product-type-simple"},"acf":[],"_links":{"self":[{"href":"https:\/\/secureus.se\/es\/wp-json\/wp\/v2\/product\/165408","targetHints":{"allow":["GET"]}}],"collection":[{"href":"https:\/\/secureus.se\/es\/wp-json\/wp\/v2\/product"}],"about":[{"href":"https:\/\/secureus.se\/es\/wp-json\/wp\/v2\/types\/product"}],"wp:featuredmedia":[{"embeddable":true,"href":"https:\/\/secureus.se\/es\/wp-json\/wp\/v2\/media\/165406"}],"wp:attachment":[{"href":"https:\/\/secureus.se\/es\/wp-json\/wp\/v2\/media?parent=165408"}],"wp:term":[{"taxonomy":"product_brand","embeddable":true,"href":"https:\/\/secureus.se\/es\/wp-json\/wp\/v2\/product_brand?post=165408"},{"taxonomy":"product_cat","embeddable":true,"href":"https:\/\/secureus.se\/es\/wp-json\/wp\/v2\/product_cat?post=165408"},{"taxonomy":"product_tag","embeddable":true,"href":"https:\/\/secureus.se\/es\/wp-json\/wp\/v2\/product_tag?post=165408"}],"curies":[{"name":"wp","href":"https:\/\/api.w.org\/{rel}","templated":true}]}}