{"id":165413,"date":"2026-05-05T14:27:25","date_gmt":"2026-05-05T12:27:25","guid":{"rendered":"https:\/\/secureus.se\/pac-20110-oneprox-gs3-lf-mullion-reader\/"},"modified":"2026-05-05T17:46:27","modified_gmt":"2026-05-05T15:46:27","slug":"pac-20110-oneprox-gs3-lf-mullion-reader","status":"publish","type":"product","link":"https:\/\/secureus.se\/es\/pac-20110-oneprox-gs3-lf-mullion-reader\/","title":{"rendered":"PAC 20110 OneProx GS3 LF Mullion Reader"},"content":{"rendered":"<p>El lector de baja frecuencia para montantes PAC Oneprox GS3 est\u00e1 dise\u00f1ado para funcionar en los entornos operativos m\u00e1s exigentes y se puede instalar en la mayor\u00eda de los marcos de puertas. El lector cuenta con una clasificaci\u00f3n IP65 y es resistente a la intemperie, tanto para uso en interiores como en exteriores.<\/p>\n<ul>\n<li>Compatible con credenciales PAC, KeyPAC y de terceros (a trav\u00e9s de Wiegand).<\/li>\n<li>Rango de lectura de 85 mm<\/li>\n<li>Garant\u00eda de por vida contra fallas electr\u00f3nicas<\/li>\n<\/ul>\n<p>\n <strong><br \/>\n Peso del producto:<br \/>\n 0,20 kilogramos<br \/>\n <\/strong>\n <\/p>\n<p>\n <strong>Precio desde 233,40 \u20ac<\/strong>\n <\/p>","protected":false},"excerpt":{"rendered":"<p>The PAC Oneprox GS3 low-frequency mullion reader is designed to work in the most demanding of operating environments and can be installed onto most door frames. The reader comes with<\/p>","protected":false},"featured_media":165411,"template":"","meta":{"_acf_changed":false},"product_brand":[],"product_cat":[5132],"product_tag":[],"class_list":{"0":"post-165413","1":"product","2":"type-product","3":"status-publish","4":"has-post-thumbnail","6":"product_cat-lasare-passersystem","7":"pa_brands-pac","8":"tm-no-options","10":"first","11":"outofstock","12":"sale","13":"taxable","14":"shipping-taxable","15":"purchasable","16":"product-type-simple"},"acf":[],"_links":{"self":[{"href":"https:\/\/secureus.se\/es\/wp-json\/wp\/v2\/product\/165413","targetHints":{"allow":["GET"]}}],"collection":[{"href":"https:\/\/secureus.se\/es\/wp-json\/wp\/v2\/product"}],"about":[{"href":"https:\/\/secureus.se\/es\/wp-json\/wp\/v2\/types\/product"}],"wp:featuredmedia":[{"embeddable":true,"href":"https:\/\/secureus.se\/es\/wp-json\/wp\/v2\/media\/165411"}],"wp:attachment":[{"href":"https:\/\/secureus.se\/es\/wp-json\/wp\/v2\/media?parent=165413"}],"wp:term":[{"taxonomy":"product_brand","embeddable":true,"href":"https:\/\/secureus.se\/es\/wp-json\/wp\/v2\/product_brand?post=165413"},{"taxonomy":"product_cat","embeddable":true,"href":"https:\/\/secureus.se\/es\/wp-json\/wp\/v2\/product_cat?post=165413"},{"taxonomy":"product_tag","embeddable":true,"href":"https:\/\/secureus.se\/es\/wp-json\/wp\/v2\/product_tag?post=165413"}],"curies":[{"name":"wp","href":"https:\/\/api.w.org\/{rel}","templated":true}]}}