{"id":165509,"date":"2026-05-05T14:27:15","date_gmt":"2026-05-05T12:27:15","guid":{"rendered":"https:\/\/secureus.se\/pac-20122-oneprox-gs3-hf-pin-prox-reader\/"},"modified":"2026-05-05T17:51:37","modified_gmt":"2026-05-05T15:51:37","slug":"pac-20122-oneprox-gs3-hf-pin-prox-reader","status":"publish","type":"product","link":"https:\/\/secureus.se\/es\/pac-20122-oneprox-gs3-hf-pin-prox-reader\/","title":{"rendered":"PAC 20122 OneProx GS3 HF PIN &amp; Prox Reader"},"content":{"rendered":"<p>El lector de tarjetas PIN y de proximidad de alta frecuencia PAC OneProx GS3 funciona como teclado y lector de tarjetas RFID, lo que lo hace ideal para instalaciones que requieren varios tipos de identificaci\u00f3n. Este lector se puede instalar en la mayor\u00eda de las cajas de empotrar el\u00e9ctricas.<\/p>\n<ul>\n<li>Compatible con PAC Ops, PAC Ops Lite y muchas variantes de Wiegand.<\/li>\n<li>Rango de lectura de 45 mm<\/li>\n<li>Garant\u00eda de por vida contra fallas electr\u00f3nicas<\/li>\n<\/ul>\n<p>\n <strong><br \/>\n Peso del producto:<br \/>\n 0,50 kilogramos<br \/>\n <\/strong>\n <\/p>\n<p>\n <strong>Precio desde 346,80 \u20ac<\/strong>\n <\/p>","protected":false},"excerpt":{"rendered":"<p>The PAC OneProx GS3 high-frequency PIN &amp; Proximity card reader works as a keypad and RFID card reader, making it ideal for sites that require multiple types of ID. This<\/p>","protected":false},"featured_media":165508,"template":"","meta":{"_acf_changed":false},"product_brand":[],"product_cat":[5132],"product_tag":[],"class_list":{"0":"post-165509","1":"product","2":"type-product","3":"status-publish","4":"has-post-thumbnail","6":"product_cat-lasare-passersystem","7":"pa_brands-pac","8":"tm-no-options","10":"first","11":"outofstock","12":"sale","13":"taxable","14":"shipping-taxable","15":"purchasable","16":"product-type-simple"},"acf":[],"_links":{"self":[{"href":"https:\/\/secureus.se\/es\/wp-json\/wp\/v2\/product\/165509","targetHints":{"allow":["GET"]}}],"collection":[{"href":"https:\/\/secureus.se\/es\/wp-json\/wp\/v2\/product"}],"about":[{"href":"https:\/\/secureus.se\/es\/wp-json\/wp\/v2\/types\/product"}],"wp:featuredmedia":[{"embeddable":true,"href":"https:\/\/secureus.se\/es\/wp-json\/wp\/v2\/media\/165508"}],"wp:attachment":[{"href":"https:\/\/secureus.se\/es\/wp-json\/wp\/v2\/media?parent=165509"}],"wp:term":[{"taxonomy":"product_brand","embeddable":true,"href":"https:\/\/secureus.se\/es\/wp-json\/wp\/v2\/product_brand?post=165509"},{"taxonomy":"product_cat","embeddable":true,"href":"https:\/\/secureus.se\/es\/wp-json\/wp\/v2\/product_cat?post=165509"},{"taxonomy":"product_tag","embeddable":true,"href":"https:\/\/secureus.se\/es\/wp-json\/wp\/v2\/product_tag?post=165509"}],"curies":[{"name":"wp","href":"https:\/\/api.w.org\/{rel}","templated":true}]}}