{"id":41464,"date":"2022-07-14T16:25:59","date_gmt":"2022-07-14T14:25:59","guid":{"rendered":"https:\/\/secureus.se\/produkt\/tagg-nyckelbricka-merkurius-em4200\/"},"modified":"2026-01-06T20:50:11","modified_gmt":"2026-01-06T19:50:11","slug":"tagg-nyckelbricka-merkurius-em4200","status":"publish","type":"product","link":"https:\/\/secureus.se\/es\/tagg-nyckelbricka-merkurius-em4200\/","title":{"rendered":"Etiqueta\/Llavero Mercury EM4200"},"content":{"rendered":"<p>La etiqueta RFID \u201cMerkurius\u201d es una etiqueta flexible y peque\u00f1a con unas dimensiones de 31x40x4,4 mm. Est\u00e1 hecho de material ABS duro con una superficie elegante que es perfecta tanto para grabar como para colorear logotipos.<\/p>\n<p>Nos esforzamos por realizar entregas r\u00e1pidas y, si las etiquetas est\u00e1n en stock, podemos entregarlas en un plazo de 1 a 3 d\u00edas. Si es necesario personalizar las etiquetas de forma exclusiva para su pedido, el tiempo de entrega ser\u00e1 de aproximadamente 2 semanas. Queremos asegurarnos de que cada etiqueta satisfaga sus necesidades y requisitos espec\u00edficos, por eso nos tomamos el tiempo para crear una soluci\u00f3n personalizada para usted.<\/p>\n<p>Cont\u00e1ctenos hoy para discutir sus ideas de proyecto y obtener una soluci\u00f3n de etiqueta RFID que se ajuste a sus necesidades. Con la etiqueta RFID \u201cMerkurius\u201d, lleva tu seguridad e identificaci\u00f3n al siguiente nivel. Haga su pedido ahora y experimente los beneficios de nuestro confiable producto dise\u00f1ado para satisfacer sus necesidades espec\u00edficas.<\/p>\n<p>La etiqueta RFID \u201cMerkurius\u201d puede estar provista de un \u201canillo\u201d blanco en un lado para, por ejemplo, un logotipo o un n\u00famero, o puede ser completamente del mismo color pero tambi\u00e9n aqu\u00ed con la opci\u00f3n de imprimir un logotipo y un n\u00famero.<\/p>\n<p>Nos esforzamos por realizar entregas r\u00e1pidas y, si las etiquetas est\u00e1n en stock, podemos entregarlas en un plazo de 1 a 3 d\u00edas. Si es necesario personalizar las etiquetas de forma exclusiva para su pedido, el tiempo de entrega ser\u00e1 de aproximadamente 2 semanas. Queremos asegurarnos de que cada etiqueta satisfaga sus necesidades y requisitos espec\u00edficos, por eso nos tomamos el tiempo para crear una soluci\u00f3n personalizada para usted.<\/p>\n<p>Cont\u00e1ctenos hoy para discutir sus ideas de proyecto y obtener una soluci\u00f3n de etiqueta RFID que se ajuste a sus necesidades. Con la etiqueta RFID \u201cMerkurius\u201d, lleva tu seguridad e identificaci\u00f3n al siguiente nivel. Haga su pedido ahora y experimente los beneficios de nuestro confiable producto dise\u00f1ado para satisfacer sus necesidades espec\u00edficas.<\/p>\n<p>Las etiquetas RFID se pueden utilizar para:<br \/>\nSistema de control de acceso<br \/>\nSistema de visitantes<br \/>\nReserva de lavander\u00eda<br \/>\nAlarma y seguridad<\/p>\n<p>Ventajas de las etiquetas RFID \u201cMerkurius\u201d:<br \/>\nDise\u00f1o completamente opcional y correcci\u00f3n gratuita hasta que est\u00e9 satisfecho.<br \/>\nPosibilidad de grabar n\u00fameros est\u00e1ndar o incluir logotipo.<br \/>\nEtiqueta peque\u00f1a, flexible, fiable y que existe desde hace mucho tiempo.<br \/>\nAmplia gama de variantes de chips para adaptarse a diferentes necesidades y siempre en stock.<\/p>","protected":false},"excerpt":{"rendered":"<p>La etiqueta RFID \u201cMerkurius\u201d es una etiqueta flexible y peque\u00f1a con unas dimensiones de 31x40x4,4 mm. Est\u00e1 hecho de material ABS duro con una superficie agradable que es perfecta tanto para grabar como para<\/p>","protected":false},"featured_media":141864,"template":"","meta":{"_acf_changed":false},"product_brand":[],"product_cat":[1324,2354],"product_tag":[2958],"class_list":{"0":"post-41464","1":"product","2":"type-product","3":"status-publish","4":"has-post-thumbnail","6":"product_cat-outlet","7":"product_cat-rfid-taggar","8":"product_tag-stonehouse-produkt","9":"product_shipping_class-postnord-varubrev","10":"pa_brands-stonehouse-security","11":"pa_chip-teknik-em4200","12":"pa_farg-bla","13":"tm-no-options","15":"first","16":"outofstock","17":"sale","18":"featured","19":"taxable","20":"shipping-taxable","21":"purchasable","22":"product-type-simple"},"acf":[],"_links":{"self":[{"href":"https:\/\/secureus.se\/es\/wp-json\/wp\/v2\/product\/41464","targetHints":{"allow":["GET"]}}],"collection":[{"href":"https:\/\/secureus.se\/es\/wp-json\/wp\/v2\/product"}],"about":[{"href":"https:\/\/secureus.se\/es\/wp-json\/wp\/v2\/types\/product"}],"wp:featuredmedia":[{"embeddable":true,"href":"https:\/\/secureus.se\/es\/wp-json\/wp\/v2\/media\/141864"}],"wp:attachment":[{"href":"https:\/\/secureus.se\/es\/wp-json\/wp\/v2\/media?parent=41464"}],"wp:term":[{"taxonomy":"product_brand","embeddable":true,"href":"https:\/\/secureus.se\/es\/wp-json\/wp\/v2\/product_brand?post=41464"},{"taxonomy":"product_cat","embeddable":true,"href":"https:\/\/secureus.se\/es\/wp-json\/wp\/v2\/product_cat?post=41464"},{"taxonomy":"product_tag","embeddable":true,"href":"https:\/\/secureus.se\/es\/wp-json\/wp\/v2\/product_tag?post=41464"}],"curies":[{"name":"wp","href":"https:\/\/api.w.org\/{rel}","templated":true}]}}