{"id":41489,"date":"2022-07-12T11:34:21","date_gmt":"2022-07-12T09:34:21","guid":{"rendered":"https:\/\/secureus.se\/produkt\/epoxy-em4200-mifare4k-std-nr\/"},"modified":"2025-12-31T21:38:12","modified_gmt":"2025-12-31T20:38:12","slug":"rfid-tagg-epoxy-em4200-mifare4k-std-nr","status":"publish","type":"product","link":"https:\/\/secureus.se\/es\/rfid-tagg-epoxy-em4200-mifare4k-std-nr\/","title":{"rendered":"Etiqueta Epoxy+ EM4200\/Mifare4k con n\u00fameros opcionales"},"content":{"rendered":"<h1>Etiqueta Epoxy+ EM4200\/Mifare4k con n\u00fameros opcionales<\/h1>\n<h3><strong>Dise\u00f1o \u00fanico y elegante.<\/strong><\/h3>\n<p>Nuestra etiqueta RFID \u201cEpoxy\u201d hecha a medida est\u00e1 hecha a medida exclusivamente para usted como cliente y tiene un tiempo de fabricaci\u00f3n de aproximadamente 3 semanas. El material b\u00e1sico de la etiqueta es PVC, al que le proporcionamos una capa de pegamento Epoxy, lo que le da una construcci\u00f3n duradera y confiable. Con la impresionante tecnolog\u00eda de impresi\u00f3n similar a una fotograf\u00eda, puede comparar la impresi\u00f3n con la de una tarjeta de cr\u00e9dito\/tarjeta de membres\u00eda, y la apariencia similar al \u00e1mbar gracias al adhesivo epoxi duro, su etiqueta RFID ser\u00e1 \u00fanica y elegante.<\/p>\n<p><span style=\"text-decoration: underline\"><strong>Satisfacer sus necesidades de seguridad e identificaci\u00f3n<\/strong><\/span><\/p>\n<p>Esta etiqueta RFID \u201cEpoxy\u201d personalizada es perfecta para satisfacer sus necesidades de seguridad e identificaci\u00f3n. Ya sea control de acceso, gesti\u00f3n de visitantes, reserva de lavander\u00eda, alarmas u otras aplicaciones, nuestra etiqueta es una soluci\u00f3n confiable.<\/p>\n<p><span style=\"text-decoration: underline\"><strong>Fabricaci\u00f3n de alta calidad para calidad y funcionalidad.<\/strong><\/span><\/p>\n<p>Entendemos la importancia de entregar productos de alta calidad que cumplan con sus expectativas. Por lo tanto, nos esforzamos por fabricar la etiqueta con cuidado y precisi\u00f3n para garantizar su calidad y funcionalidad.<\/p>\n<p><span style=\"text-decoration: underline\"><strong>Tiempo de producci\u00f3n: Aproximadamente 3 semanas<\/strong><\/span><\/p>\n<p>Tenga en cuenta que debido al proceso de fabricaci\u00f3n \u00fanico de cada cliente, nuestra etiqueta RFID \u201cEpoxy\u201d no se puede enviar r\u00e1pidamente. Queremos ofrecerle el mejor producto posible y por eso tardamos aproximadamente 3 semanas en fabricar su etiqueta personalizada.<\/p>\n<p><span style=\"text-decoration: underline\"><strong>Incluido en el precio: Personalizaci\u00f3n y grabado.<\/strong><\/span><\/p>\n<p>Usted nos env\u00eda una foto, logotipo o texto y nosotros produciremos una prueba digitalmente hasta que est\u00e9 satisfecho, luego grabaremos sus n\u00fameros de sistema para sistemas de control de acceso, alarmas o n\u00fameros de serie completamente seg\u00fan sus deseos - Todo incluido en el precio.<\/p>\n<h3>Como siempre de nuestra parte, chip original de<a href=\"https:\/\/www.nxp.com\/\" rel=\"noopener\"> NXP<\/a> y <a href=\"https:\/\/www.emmicroelectronic.com\/\" rel=\"noopener\">Microelectr\u00f3nica EM.<\/a><\/h3>\n<p><strong>\u00a1Apto para todo y para todos!<\/strong><\/p>\n<ul>\n<li>Sistema de control de acceso<\/li>\n<li>Sistema de visitantes<\/li>\n<li>Reserva de lavander\u00eda<\/li>\n<li>Sistemas de alarma y seguridad<\/li>\n<\/ul>\n<p>&nbsp;<\/p>\n<p><strong>Cont\u00e1ctanos para una soluci\u00f3n personalizada<\/strong><\/p>\n<p>Cont\u00e1ctenos hoy para discutir sus ideas de proyecto y obtener una soluci\u00f3n de etiqueta RFID personalizada que se ajuste a sus necesidades espec\u00edficas. Esperamos crear una etiqueta RFID \u00fanica y elegante para usted.<\/p>\n<p><strong>Etiquetas RFID para diversas aplicaciones<\/strong><\/p>\n<p><strong>Sistema de control de acceso<\/strong> \u2013 Nuestra etiqueta RFID \u201cEpoxy\u201d es perfecta para usar en sistemas de control de acceso para garantizar un control de acceso fluido y seguro.<\/p>\n<p><strong>Sistema de visitantes<\/strong> \u2013 Con nuestra etiqueta RFID, puede gestionar eficazmente a los visitantes y garantizar un proceso de registro sin problemas.<\/p>\n<p><strong>Reserva de lavander\u00eda<\/strong> \u2013 Utilice nuestra etiqueta RFID para reservar de forma f\u00e1cil y c\u00f3moda sus servicios de lavander\u00eda.<\/p>\n<p><strong>Alarma y seguridad<\/strong> \u2013 Mejore la seguridad de su hogar o negocio con nuestra confiable etiqueta RFID que se puede integrar con sistemas de alarma y seguridad.<\/p>\n<p><strong>Ventajas de las etiquetas RFID \u201cEpoxy\u201d<\/strong><\/p>\n<p><strong>Dise\u00f1o completamente opcional y correcci\u00f3n gratuita hasta que est\u00e9 satisfecho.<\/strong> \u2013 Le ofrecemos la oportunidad de crear un dise\u00f1o \u00fanico para su etiqueta RFID y le damos la oportunidad de revisar y aprobar la prueba antes de la fabricaci\u00f3n.<\/p>\n<p><strong>Posibilidad de grabar n\u00fameros est\u00e1ndar o incluir logotipo.<\/strong> \u2013 Podemos grabar n\u00fameros est\u00e1ndar o incluir su logotipo en la etiqueta RFID para darle un aspecto personal y profesional.<\/p>\n<p><strong>Amplia gama de variantes de chips para diferentes necesidades y siempre en stock.<\/strong> \u2013 Ofrecemos una amplia gama de variantes de chips para satisfacer diferentes necesidades de seguridad e identificaci\u00f3n. Adem\u00e1s, siempre mantenemos nuestras etiquetas RFID en stock para una entrega r\u00e1pida.<\/p>\n<p>Nos dedicamos a brindarle etiquetas RFID confiables y de alta calidad que satisfagan sus necesidades. Nuestro equipo de expertos est\u00e1 disponible para brindarle el mejor servicio y soporte posible. Cont\u00e1ctenos hoy para comenzar a crear su etiqueta RFID \u201cEpoxy\u201d personalizada y experimentar los beneficios de la seguridad y la identificaci\u00f3n en un nuevo nivel.<\/p>","protected":false},"excerpt":{"rendered":"<p>Puedes elegir cualquier aspecto para esta etiqueta, por ejemplo, un logotipo o por qu\u00e9 no una imagen en un lado y un n\u00famero o logotipo en el otro lado.<\/p>\n<p>Cont\u00e1ctanos y produciremos im\u00e1genes digitales del look elegido sin costo alguno.<\/p>\n<p>Nuestra etiqueta m\u00e1s lujosa y muy popular.<\/p>\n<p>Se fabrica exclusivamente para usted y por lo tanto tiene una cantidad m\u00ednima de pedido de 500 unidades.<\/p>","protected":false},"featured_media":110564,"template":"","meta":{"_acf_changed":false},"product_brand":[],"product_cat":[2354],"product_tag":[2642,2074,2958,2991],"class_list":{"0":"post-41489","1":"product","2":"type-product","3":"status-publish","4":"has-post-thumbnail","6":"product_cat-rfid-taggar","7":"product_tag-500-moq-design-pvc","8":"product_tag-ej-lagerfraga","9":"product_tag-stonehouse-produkt","10":"product_tag-std-nr-taggar","11":"product_shipping_class-postnord-varubrev","12":"pa_brands-stonehouse-security","13":"pa_chip-teknik-kombi-em4200mifare4k","14":"pa_epoxy-med-eller-utan-ring-tagg-epoxy","15":"tm-has-options","17":"first","18":"instock","19":"sale","20":"featured","21":"taxable","22":"shipping-taxable","23":"purchasable","24":"product-type-simple"},"acf":[],"_links":{"self":[{"href":"https:\/\/secureus.se\/es\/wp-json\/wp\/v2\/product\/41489","targetHints":{"allow":["GET"]}}],"collection":[{"href":"https:\/\/secureus.se\/es\/wp-json\/wp\/v2\/product"}],"about":[{"href":"https:\/\/secureus.se\/es\/wp-json\/wp\/v2\/types\/product"}],"wp:featuredmedia":[{"embeddable":true,"href":"https:\/\/secureus.se\/es\/wp-json\/wp\/v2\/media\/110564"}],"wp:attachment":[{"href":"https:\/\/secureus.se\/es\/wp-json\/wp\/v2\/media?parent=41489"}],"wp:term":[{"taxonomy":"product_brand","embeddable":true,"href":"https:\/\/secureus.se\/es\/wp-json\/wp\/v2\/product_brand?post=41489"},{"taxonomy":"product_cat","embeddable":true,"href":"https:\/\/secureus.se\/es\/wp-json\/wp\/v2\/product_cat?post=41489"},{"taxonomy":"product_tag","embeddable":true,"href":"https:\/\/secureus.se\/es\/wp-json\/wp\/v2\/product_tag?post=41489"}],"curies":[{"name":"wp","href":"https:\/\/api.w.org\/{rel}","templated":true}]}}