{"id":41491,"date":"2022-07-12T11:34:13","date_gmt":"2022-07-12T09:34:13","guid":{"rendered":"https:\/\/secureus.se\/produkt\/epoxy-em4200-mifare1k-std-nr\/"},"modified":"2026-02-05T10:54:46","modified_gmt":"2026-02-05T09:54:46","slug":"rfid-tagg-epoxy-em4200-mifare1k-std-nr","status":"publish","type":"product","link":"https:\/\/secureus.se\/es\/rfid-tagg-epoxy-em4200-mifare1k-std-nr\/","title":{"rendered":"Etiqueta Epoxy+ EM4200\/Mifare1k con n\u00fameros opcionales"},"content":{"rendered":"<h1>Etiqueta Epoxy+ EM4200\/Mifare1k con n\u00fameros opcionales<\/h1>\n<h3><strong>Dise\u00f1o \u00fanico y elegante.<\/strong><\/h3>\n<p>Nuestra etiqueta RFID \u201cEpoxy\u201d hecha a medida est\u00e1 hecha a medida exclusivamente para usted como cliente y tiene un tiempo de fabricaci\u00f3n de aproximadamente 3 semanas. El material b\u00e1sico de la etiqueta es PVC, al que le proporcionamos una capa de pegamento Epoxy, lo que le da una construcci\u00f3n duradera y confiable. Con la impresionante tecnolog\u00eda de impresi\u00f3n similar a una fotograf\u00eda, puede comparar la impresi\u00f3n con la de una tarjeta de cr\u00e9dito\/tarjeta de membres\u00eda, y la apariencia similar al \u00e1mbar gracias al adhesivo epoxi duro, su etiqueta RFID ser\u00e1 \u00fanica y elegante.<\/p>\n<p><span style=\"text-decoration: underline\"><strong>Satisfacer sus necesidades de seguridad e identificaci\u00f3n<\/strong><\/span><\/p>\n<p>Esta etiqueta RFID \u201cEpoxy\u201d personalizada es perfecta para satisfacer sus necesidades de seguridad e identificaci\u00f3n. Ya sea control de acceso, gesti\u00f3n de visitantes, reserva de lavander\u00eda, alarmas u otras aplicaciones, nuestra etiqueta es una soluci\u00f3n confiable.<\/p>\n<p><span style=\"text-decoration: underline\"><strong>Fabricaci\u00f3n de alta calidad para calidad y funcionalidad.<\/strong><\/span><\/p>\n<p>Entendemos la importancia de entregar productos de alta calidad que cumplan con sus expectativas. Por lo tanto, nos esforzamos por fabricar la etiqueta con cuidado y precisi\u00f3n para garantizar su calidad y funcionalidad.<\/p>\n<p><span style=\"text-decoration: underline\"><strong>Tiempo de producci\u00f3n: Aproximadamente 3 semanas<\/strong><\/span><\/p>\n<p>Tenga en cuenta que debido al proceso de fabricaci\u00f3n \u00fanico de cada cliente, nuestra etiqueta RFID \u201cEpoxy\u201d no se puede enviar r\u00e1pidamente. Queremos ofrecerle el mejor producto posible y por eso tardamos aproximadamente 3 semanas en fabricar su etiqueta personalizada.<\/p>\n<p><span style=\"text-decoration: underline\"><strong>Incluido en el precio: Personalizaci\u00f3n y grabado.<\/strong><\/span><\/p>\n<p>Usted nos env\u00eda una foto, logotipo o texto y nosotros produciremos una prueba digitalmente hasta que est\u00e9 satisfecho, luego grabaremos sus n\u00fameros de sistema para sistemas de control de acceso, alarmas o n\u00fameros de serie completamente seg\u00fan sus deseos - Todo incluido en el precio.<\/p>\n<h3>Como siempre de nuestra parte, chip original de<a href=\"https:\/\/www.nxp.com\/\" rel=\"noopener\"> NXP<\/a> y <a href=\"https:\/\/www.emmicroelectronic.com\/\" rel=\"noopener\">Microelectr\u00f3nica EM.<\/a><\/h3>\n<p><strong>\u00a1Apto para todo y para todos!<\/strong><\/p>\n<ul>\n<li>Sistema de control de acceso<\/li>\n<li>Sistema de visitantes<\/li>\n<li>Reserva de lavander\u00eda<\/li>\n<li>Sistemas de alarma y seguridad<\/li>\n<\/ul>","protected":false},"excerpt":{"rendered":"<p>Puedes elegir cualquier aspecto para esta etiqueta, por ejemplo, un logotipo o por qu\u00e9 no una imagen en un lado y un n\u00famero o logotipo en el otro lado.<\/p>\n<p>Cont\u00e1ctanos y produciremos im\u00e1genes digitales del look elegido sin costo alguno.<\/p>\n<p>Nuestra etiqueta m\u00e1s lujosa y muy popular.<\/p>\n<p>Se fabrica exclusivamente para usted y por lo tanto tiene una cantidad m\u00ednima de pedido de 500 unidades.<\/p>","protected":false},"featured_media":110564,"template":"","meta":{"_acf_changed":false},"product_brand":[],"product_cat":[2354],"product_tag":[2642,2074,2958,2991],"class_list":{"0":"post-41491","1":"product","2":"type-product","3":"status-publish","4":"has-post-thumbnail","6":"product_cat-rfid-taggar","7":"product_tag-500-moq-design-pvc","8":"product_tag-ej-lagerfraga","9":"product_tag-stonehouse-produkt","10":"product_tag-std-nr-taggar","11":"product_shipping_class-postnord-varubrev","12":"pa_brands-stonehouse-security","13":"pa_chip-teknik-kombi-em4200mifare1k","14":"pa_epoxy-med-eller-utan-ring-tagg-epoxy","15":"pa_farg-svart","16":"tm-has-options","18":"first","19":"instock","20":"sale","21":"featured","22":"taxable","23":"shipping-taxable","24":"purchasable","25":"product-type-simple"},"acf":[],"_links":{"self":[{"href":"https:\/\/secureus.se\/es\/wp-json\/wp\/v2\/product\/41491","targetHints":{"allow":["GET"]}}],"collection":[{"href":"https:\/\/secureus.se\/es\/wp-json\/wp\/v2\/product"}],"about":[{"href":"https:\/\/secureus.se\/es\/wp-json\/wp\/v2\/types\/product"}],"wp:featuredmedia":[{"embeddable":true,"href":"https:\/\/secureus.se\/es\/wp-json\/wp\/v2\/media\/110564"}],"wp:attachment":[{"href":"https:\/\/secureus.se\/es\/wp-json\/wp\/v2\/media?parent=41491"}],"wp:term":[{"taxonomy":"product_brand","embeddable":true,"href":"https:\/\/secureus.se\/es\/wp-json\/wp\/v2\/product_brand?post=41491"},{"taxonomy":"product_cat","embeddable":true,"href":"https:\/\/secureus.se\/es\/wp-json\/wp\/v2\/product_cat?post=41491"},{"taxonomy":"product_tag","embeddable":true,"href":"https:\/\/secureus.se\/es\/wp-json\/wp\/v2\/product_tag?post=41491"}],"curies":[{"name":"wp","href":"https:\/\/api.w.org\/{rel}","templated":true}]}}