{"id":41554,"date":"2022-07-12T11:16:05","date_gmt":"2022-07-12T09:16:05","guid":{"rendered":"https:\/\/secureus.se\/produkt\/tagg-kombi-abs-pro-em4200-mifare4k-std-nr\/"},"modified":"2026-03-27T14:28:36","modified_gmt":"2026-03-27T13:28:36","slug":"kombitagg-4k-std-svart-pro","status":"publish","type":"product","link":"https:\/\/secureus.se\/es\/kombitagg-4k-std-svart-pro\/","title":{"rendered":"Etiqueta combinada EM4200 + Mifare4k\u00ae \u2013 Sistema de control de acceso con alarma Negro \u2013 Pro"},"content":{"rendered":"<h1>Etiqueta combinada ABS Pro EM4200\/Mifare4k<\/h1>\n<h3><strong>Control de Acceso con Alarma \u2013 Reservas \u2013 Visitas<\/strong><\/h3>\n<p><strong>Aqu\u00ed hemos grabado n\u00fameros est\u00e1ndar en la etiqueta de combinaci\u00f3n para:<\/strong><\/p>\n<p><strong><span style=\"text-decoration: underline;\">Para EM4200:<\/span><\/strong><\/p>\n<p><strong><span style=\"text-decoration: underline;\">Seguridad RCO (R), Axema VAKA (V), Bewator\/Vanderbilt (B), ASSA ARX (S)<\/span><\/strong><\/p>\n<p><strong><span style=\"text-decoration: underline;\">Para Mifare:<\/span><\/strong><\/p>\n<p><strong><span style=\"text-decoration: underline;\">RCO (MFR), Axema VAKA (MFV), ASSA, Aptus, Bewator,<\/span><\/strong><\/p>\n<p><strong><span style=\"text-decoration: underline;\">Axema, Axema VAKA, Vanderbilt y otros (MFD)<\/span><\/strong><\/p>\n<p>Esta etiqueta funciona en todos los sistemas que utilizan tecnolog\u00eda EM y Mifare, incluidos RCO, Bewator\/Vanderbilt, Aptus, ASSA ARX y otros tipos de sistemas.<\/p>\n<p>p.ej. sistema de visitantes o inicio de sesi\u00f3n en computadoras\/impresoras.<\/p>\n<p>Nuestro \u201cABS Pro\u201d est\u00e1 creado para satisfacer las necesidades m\u00e1s exigentes en seguridad e identificaci\u00f3n.<\/p>\n<p>Con su robusta construcci\u00f3n en material ABS y perfil delgado de tan solo 2,9 mm, ofrece un equilibrio perfecto entre durabilidad y elegancia.<\/p>\n<p>Su elegante superficie lo hace ideal para grabar con n\u00fameros est\u00e1ndar o incluir su logotipo, ya sea a trav\u00e9s de un dise\u00f1o grabado o coloreado.<\/p>\n<p>Ya sea que necesite un producto confiable para control de acceso, gesti\u00f3n de visitantes, reservas, alarmas, cargadores de autom\u00f3viles, gesti\u00f3n de almacenes u otras aplicaciones,<\/p>\n<p>Entonces nuestro \u201cABS Pro\u201d es la elecci\u00f3n perfecta.<\/p>\n<p>Viene en muchas variaciones y tambi\u00e9n podemos fabricarlo con el chip de su elecci\u00f3n.<\/p>\n<p>Los est\u00e1ndares actuales para tarjetas de acceso son: EM4200, Mifare1k, la combinaci\u00f3n de Mifare1k y EM4200, Mifare4k, la combinaci\u00f3n de Mifare4k y EM4200, y DESFire,<\/p>\n<p>Puede adaptar su soluci\u00f3n para satisfacer sus necesidades espec\u00edficas.<\/p>\n<p>Entendemos la importancia de entregar etiquetas RFID de alta calidad que satisfagan las demandas y expectativas actuales.<\/p>\n<p>Por eso nos esforzamos en ofrecer la mejor tecnolog\u00eda y compatibilidad para mejorar la seguridad y la eficiencia de sus sistemas.<\/p>\n<h3><strong>Etiqueta Combi personalizada para proyectos \u00fanicos<\/strong><\/h3>\n<p>Las ventajas de nuestras etiquetas RFID incluyen la compatibilidad con diferentes sistemas\/tecnolog\u00edas, as\u00ed como la capacidad de personalizar las etiquetas para adaptarse a proyectos \u00fanicos.<\/p>\n<p>Podemos programar e integrar diferentes chips para satisfacer requisitos de aplicaciones espec\u00edficas y crear soluciones personalizadas.<\/p>\n<p>Cont\u00e1ctenos hoy para discutir sus ideas de proyecto y obtener una soluci\u00f3n de etiqueta RFID personalizada para sus necesidades.<\/p>\n<h5><strong>Entrega r\u00e1pida y siempre en stock.<\/strong><\/h5>\n<p>La etiqueta llavero RFID \u201cABS Pro\u201d est\u00e1 siempre en stock con m\u00e1s de 80.000 unidades en 6 colores (rojo, azul, blanco, negro, verde, amarillo) y con diferentes chips.<\/p>\n<p>Utilizando nuestras m\u00e1quinas l\u00e1ser y software, puede elegir logotipos y n\u00fameros \u00fanicos para grabar con entrega en 1-3 d\u00edas.<\/p>\n<h3>\u00a1Como siempre! Etiqueta combinada con chip original de<a href=\"https:\/\/www.nxp.com\/\" rel=\"noopener\"> NXP<\/a> y <a href=\"https:\/\/www.emmicroelectronic.com\/\" rel=\"noopener\">Microelectr\u00f3nica EM.<\/a><\/h3>\n<p><strong>\u00a1Apto para todo y para todos!<\/strong><\/p>\n<ul>\n<li>Sistema de control de acceso<\/li>\n<li>Sistema de visitantes<\/li>\n<li>Reserva<\/li>\n<li>Sistemas de alarma y seguridad<\/li>\n<\/ul>\n<p><strong>Ventajas de \u201cABS Pro\u201d<\/strong><\/p>\n<ul>\n<li>Construcci\u00f3n robusta en material ABS<\/li>\n<li>Perfil delgado de s\u00f3lo 2,9 mm<\/li>\n<li>Posibilidad de grabar n\u00fameros est\u00e1ndar o incluir logotipo.<\/li>\n<li>Amplia gama de variantes de chips para adaptarse a diferentes necesidades y siempre en stock.<\/li>\n<\/ul>","protected":false},"excerpt":{"rendered":"<p>Nuestra etiqueta RFID m\u00e1s popular \u201cABS Pro\u201d: la soluci\u00f3n perfecta para sistemas de seguridad e identificaci\u00f3n. Aqu\u00ed con doble chip en etiqueta combinada: chip EM4200 + Mifare4k. Con n\u00fameros grabados para sistemas de control de acceso. La etiqueta tiene solo 2,9 mm de grosor, est\u00e1 hecha de material ABS duro con una superficie elegante que se adapta a cualquier lugar. Este producto tiene un chip certificado por NXP\u00ae, una empresa de tecnolog\u00eda global con sede en los Pa\u00edses Bajos. NXP\u00ae se especializa en RFID y NFC y ofrece una gama de productos en seguridad, conectividad y soluciones integradas.<\/p>","protected":false},"featured_media":146244,"template":"","meta":{"_acf_changed":false},"product_brand":[],"product_cat":[1340,4787,2354],"product_tag":[2074,4146,2405,2958,2991,2966],"class_list":{"0":"post-41554","1":"product","2":"type-product","3":"status-publish","4":"has-post-thumbnail","6":"product_cat-rfid-tagg-abs-pro","7":"product_cat-mifare4kem4200-tagg","8":"product_cat-rfid-taggar","9":"product_tag-ej-lagerfraga","10":"product_tag-nxp","11":"product_tag-rel-rfid","12":"product_tag-stonehouse-produkt","13":"product_tag-std-nr-taggar","14":"product_tag-utvalda-taggar-kombitaggar-med-dubbla-chip","15":"product_shipping_class-postnord-varubrev","16":"pa_brands-stonehouse-security","17":"pa_chip-teknik-kombi-em4200mifare4k","18":"pa_farg-svart","19":"tm-has-options","21":"first","22":"instock","23":"sale","24":"featured","25":"taxable","26":"shipping-taxable","27":"purchasable","28":"product-type-simple"},"acf":[],"_links":{"self":[{"href":"https:\/\/secureus.se\/es\/wp-json\/wp\/v2\/product\/41554","targetHints":{"allow":["GET"]}}],"collection":[{"href":"https:\/\/secureus.se\/es\/wp-json\/wp\/v2\/product"}],"about":[{"href":"https:\/\/secureus.se\/es\/wp-json\/wp\/v2\/types\/product"}],"wp:featuredmedia":[{"embeddable":true,"href":"https:\/\/secureus.se\/es\/wp-json\/wp\/v2\/media\/146244"}],"wp:attachment":[{"href":"https:\/\/secureus.se\/es\/wp-json\/wp\/v2\/media?parent=41554"}],"wp:term":[{"taxonomy":"product_brand","embeddable":true,"href":"https:\/\/secureus.se\/es\/wp-json\/wp\/v2\/product_brand?post=41554"},{"taxonomy":"product_cat","embeddable":true,"href":"https:\/\/secureus.se\/es\/wp-json\/wp\/v2\/product_cat?post=41554"},{"taxonomy":"product_tag","embeddable":true,"href":"https:\/\/secureus.se\/es\/wp-json\/wp\/v2\/product_tag?post=41554"}],"curies":[{"name":"wp","href":"https:\/\/api.w.org\/{rel}","templated":true}]}}