{"id":41574,"date":"2022-07-12T10:33:21","date_gmt":"2022-07-12T08:33:21","guid":{"rendered":"https:\/\/secureus.se\/produkt\/kombi-abs-hd-em4200-mifare1k-std-nr\/"},"modified":"2026-03-09T14:45:25","modified_gmt":"2026-03-09T13:45:25","slug":"rfid-tagg-kombi-glasfiber-hd-std-nr-2","status":"publish","type":"product","link":"https:\/\/secureus.se\/es\/rfid-tagg-kombi-glasfiber-hd-std-nr-2\/","title":{"rendered":"Tag Combi EM4200 + Mifare4k\u00ae \u2013 Sistema de acceso con alarma negro \u2013 Fibra de vidrio HD antivand\u00e1lica"},"content":{"rendered":"<h1>Tag Combi EM4200\/Mifare4k Fibra de vidrio HD<\/h1>\n<h3>Etiqueta para sistema de alarma\/control de acceso y reserva.<\/h3>\n<p><span style=\"text-decoration: underline\"><strong>Aqu\u00ed con n\u00fameros est\u00e1ndar grabados en la etiqueta para b\u00e1sicamente todos los sistemas de seguridad.<\/strong><\/span><\/p>\n<div>\n<p><span style=\"text-decoration: underline\"><strong>RCO (MFR), Axema VAKA (MFV)<\/strong><\/span><\/p>\n<p><span style=\"text-decoration: underline\"><strong>(MFD) ASSA, Aptus, Bewator, Axema, Axema VAKA, Vanderbilt<\/strong><\/span><\/p>\n<p><span style=\"text-decoration: underline\"><strong>A = Aptus, R=RCO, AX=Axema, S=ASSA<\/strong><\/span><\/p>\n<p><span style=\"text-decoration: underline\"><strong>V=Axema VAKA y B= Bewator\/Vanderbilt.<\/strong><\/span><\/p>\n<\/div>\n<p>Nuestra fibra de vidrio \u201cTagg Glasfiber HD\u201d no solo es t\u00e9cnicamente avanzada, sino que tambi\u00e9n es extremadamente duradera y confiable.<\/p>\n<p>Hecho de material de fibra de vidrio\/epoxy extra reforzado y con solo 1,6 mm de espesor, puede soportar entornos y tensiones dif\u00edciles sin comprometer el rendimiento.<\/p>\n<p>Adem\u00e1s, la etiqueta es resistente al agua, lo que proporciona protecci\u00f3n contra la humedad y la hace adecuada para uso tanto en interiores como en exteriores.<\/p>\n<p>Este innovador llavero est\u00e1 especialmente dise\u00f1ado para satisfacer sus necesidades de sistemas de seguridad e identificaci\u00f3n.<\/p>\n<p>Con su construcci\u00f3n robusta y su impresionante funcionalidad, la etiqueta RFID \u201cGlasfiber HD\u201d proporciona una soluci\u00f3n confiable y eficiente para diversas aplicaciones.<\/p>\n<p>Ofrecemos varias variaciones de \u201cFibra de vidrio HD\u201d para satisfacer sus requisitos espec\u00edficos.<\/p>\n<p>Hay varios productos entre los que puede elegir: EM4200, Mifare1k, la combinaci\u00f3n de Mifare1k y EM4200, Mifare4k y la combinaci\u00f3n de Mifare4k y EM4200.<\/p>\n<p>Cada variante tiene sus caracter\u00edsticas y funciones \u00fanicas, lo que le brinda flexibilidad y versatilidad.<\/p>\n<p>Para personalizar a\u00fan m\u00e1s el llavero, ofrecemos la opci\u00f3n de grabar n\u00fameros como n\u00fameros de serie,<\/p>\n<p>o n\u00fameros de sus sistemas de control de acceso (RCO, Vanderbilt, Bewator, Axema Aptus ASSA, etc.).<\/p>\n<p>Esto facilita la identificaci\u00f3n y gesti\u00f3n de sus etiquetas, ahorrando tiempo y aumentando la eficiencia de su flujo de trabajo.<\/p>\n<h3>Como siempre de nuestra parte, chip original de<a href=\"https:\/\/www.nxp.com\/\" rel=\"noopener\"> NXP<\/a> y <a href=\"https:\/\/www.emmicroelectronic.com\/\" rel=\"noopener\">Microelectr\u00f3nica EM.<\/a><\/h3>\n<p><strong>\u00a1Apto para todo y para todos!<\/strong><\/p>\n<ul>\n<li>Sistema de control de acceso<\/li>\n<li>Sistema de visitantes<\/li>\n<li>Reserva de lavander\u00eda<\/li>\n<li>Sistemas de alarma y seguridad<\/li>\n<\/ul>\n<p>&nbsp;<\/p>","protected":false},"excerpt":{"rendered":"<p>Etiqueta de fibra de vidrio HD: a prueba de vandalismo y agua: la soluci\u00f3n perfecta para sistemas de seguridad e identificaci\u00f3n.<br \/>\nChip combinado EM4200\/Mifare4k con n\u00fameros preparados para sistemas de acceso grabados en la etiqueta. Este producto tiene chips certificados de NXP\u00ae, una empresa de tecnolog\u00eda global con sede en los Pa\u00edses Bajos. NXP\u00ae se especializa en RFID y NFC y ofrece una gama de productos en seguridad, conectividad y soluciones integradas.<\/p>","protected":false},"featured_media":133942,"template":"","meta":{"_acf_changed":false},"product_brand":[],"product_cat":[1349,4787],"product_tag":[2436,2074,4146,2958],"class_list":{"0":"post-41574","1":"product","2":"type-product","3":"status-publish","4":"has-post-thumbnail","6":"product_cat-rfid-tag-glasfiber","7":"product_cat-mifare4kem4200-tagg","8":"product_tag-250-moq-hd","9":"product_tag-ej-lagerfraga","10":"product_tag-nxp","11":"product_tag-stonehouse-produkt","12":"product_shipping_class-postnord-varubrev","13":"pa_brands-stonehouse-security","14":"pa_chip-teknik-kombi-em4200mifare1k","15":"pa_farg-svart","16":"pa_tagg-glasfiber-tagg-glasfiber-hd","17":"tm-no-options","19":"first","20":"instock","21":"sale","22":"featured","23":"taxable","24":"shipping-taxable","25":"purchasable","26":"product-type-simple"},"acf":[],"_links":{"self":[{"href":"https:\/\/secureus.se\/es\/wp-json\/wp\/v2\/product\/41574","targetHints":{"allow":["GET"]}}],"collection":[{"href":"https:\/\/secureus.se\/es\/wp-json\/wp\/v2\/product"}],"about":[{"href":"https:\/\/secureus.se\/es\/wp-json\/wp\/v2\/types\/product"}],"wp:featuredmedia":[{"embeddable":true,"href":"https:\/\/secureus.se\/es\/wp-json\/wp\/v2\/media\/133942"}],"wp:attachment":[{"href":"https:\/\/secureus.se\/es\/wp-json\/wp\/v2\/media?parent=41574"}],"wp:term":[{"taxonomy":"product_brand","embeddable":true,"href":"https:\/\/secureus.se\/es\/wp-json\/wp\/v2\/product_brand?post=41574"},{"taxonomy":"product_cat","embeddable":true,"href":"https:\/\/secureus.se\/es\/wp-json\/wp\/v2\/product_cat?post=41574"},{"taxonomy":"product_tag","embeddable":true,"href":"https:\/\/secureus.se\/es\/wp-json\/wp\/v2\/product_tag?post=41574"}],"curies":[{"name":"wp","href":"https:\/\/api.w.org\/{rel}","templated":true}]}}